{"id":25959,"date":"2004-11-18T00:00:00","date_gmt":"2004-11-17T22:00:00","guid":{"rendered":"https:\/\/www.ircica.org\/publications\/non%20class\u00e9\/proceedings-of-the-international-symposium-on-islamic-civilisation-in-volga-ural-region-kazan-8-11-june-2001"},"modified":"2024-09-13T13:54:33","modified_gmt":"2024-09-13T10:54:33","slug":"proceedings-of-the-international-symposium-on-islamic-civilisation-in-volga-ural-region-kazan-8-11-june-2001","status":"publish","type":"product","link":"https:\/\/www.ircica.org\/fr\/publications\/histoire-de-la-civilisation-islamique\/europe-de-lest-et-balkans\/actes-du-colloque-international-sur-la-civilisation-islamique-dans-la-region-de-la-volga-et-de-loural","title":{"rendered":"Actes du Colloque international sur la civilisation islamique dans la r\u00e9gion de la Volga et de l\u2019Oural"},"content":{"rendered":"<p>Ce livre contient les actes du premier symposium international de l\u2019IRCICA sur la Civilisation islamique dans la r\u00e9gion de la Volga et de l\u2019Oural, tenu \u00e0 Kazan, Tatarstan, F\u00e9d\u00e9ration de Russie, du 8 au 11 juin 2001. Le symposium s&rsquo;est tenu sous le patronage du Premier Pr\u00e9sident du Tatarstan, S.E.M. Mintimer Shaimiev, en F\u00e9d\u00e9ration de Russie. Les institutions coop\u00e9rantes \u00e9taient l&rsquo;Acad\u00e9mie des sciences du Tatarstan (Kazan), l&rsquo;Universit\u00e9 d&rsquo;\u00c9tat de Kazan, l&rsquo;Institut oriental de l&rsquo;Acad\u00e9mie des sciences de Russie (Moscou), l&rsquo;Union des orientalistes de la F\u00e9d\u00e9ration de Russie (Saint-P\u00e9tersbourg) et l&rsquo;IRCICA. 37 communications ont \u00e9t\u00e9 pr\u00e9sent\u00e9es par des participants du monde entier. Les articles sont publi\u00e9s dans la langue dans laquelle ils ont \u00e9t\u00e9 pr\u00e9sent\u00e9s, \u00e0 savoir l&rsquo;anglais, le russe et le turc, avec des r\u00e9sum\u00e9s en anglais.<\/p>\n","protected":false},"excerpt":{"rendered":"<p><strong>Kazan, 8-11 juin 2001<\/strong><\/p>\n<p>Edit\u00e9 par Ali \u00c7aksu et Radik Mukhammetshin<br \/>\nIstanbul, 2004 (en anglais, turc, russe)<br \/>\nISBN 929063135X<\/p>\n","protected":false},"featured_media":25956,"template":"","meta":{"_acf_changed":false,"_mi_skip_tracking":false},"product_cat":[364,164],"product_tag":[],"class_list":{"0":"post-25959","1":"product","2":"type-product","3":"status-publish","4":"has-post-thumbnail","6":"product_cat-europe-de-lest-et-balkans","7":"product_cat-histoire-de-la-civilisation-islamique","9":"first","10":"instock","11":"shipping-taxable","12":"product-type-simple"},"acf":[],"aioseo_notices":[],"_links":{"self":[{"href":"https:\/\/www.ircica.org\/fr\/wp-json\/wp\/v2\/product\/25959","targetHints":{"allow":["GET"]}}],"collection":[{"href":"https:\/\/www.ircica.org\/fr\/wp-json\/wp\/v2\/product"}],"about":[{"href":"https:\/\/www.ircica.org\/fr\/wp-json\/wp\/v2\/types\/product"}],"wp:featuredmedia":[{"embeddable":true,"href":"https:\/\/www.ircica.org\/fr\/wp-json\/wp\/v2\/media\/25956"}],"wp:attachment":[{"href":"https:\/\/www.ircica.org\/fr\/wp-json\/wp\/v2\/media?parent=25959"}],"wp:term":[{"taxonomy":"product_cat","embeddable":true,"href":"https:\/\/www.ircica.org\/fr\/wp-json\/wp\/v2\/product_cat?post=25959"},{"taxonomy":"product_tag","embeddable":true,"href":"https:\/\/www.ircica.org\/fr\/wp-json\/wp\/v2\/product_tag?post=25959"}],"curies":[{"name":"wp","href":"https:\/\/api.w.org\/{rel}","templated":true}]}}