{"id":25967,"date":"2008-12-23T00:00:00","date_gmt":"2008-12-22T22:00:00","guid":{"rendered":"https:\/\/www.ircica.org\/publications\/non%20class\u00e9\/proceedings-of-the-second-international-symposium-on-islamic-civilisation-in-volga-ural-region-kazan-24-26-june-2005"},"modified":"2024-09-13T14:07:28","modified_gmt":"2024-09-13T11:07:28","slug":"proceedings-of-the-second-international-symposium-on-islamic-civilisation-in-volga-ural-region-kazan-24-26-june-2005","status":"publish","type":"product","link":"https:\/\/www.ircica.org\/fr\/publications\/histoire-de-la-civilisation-islamique\/europe-de-lest-et-balkans\/actes-du-deuxieme-symposium-international-sur-la-civilisation-islamique-dans-la-region-de-la-volga-et-de-loural","title":{"rendered":"Actes du deuxi\u00e8me symposium international sur la civilisation islamique dans la r\u00e9gion de la Volga et de l\u2019Oural"},"content":{"rendered":"<p>Ce livre contient 35 \u00e9tudes pr\u00e9sent\u00e9es lors du deuxi\u00e8me symposium international de l\u2019IRCICA sur la civilisation islamique dans la r\u00e9gion de la Volga et de l\u2019Oural, qui s&rsquo;est tenu \u00e0 Kazan, Tatarstan (F\u00e9d\u00e9ration de Russie) du 24 au 26 juin 2005. Le symposium \u00e9tait organis\u00e9 par un comit\u00e9 de haut niveau compos\u00e9 de repr\u00e9sentants d&rsquo;institutions gouvernementales et universitaires de la F\u00e9d\u00e9ration de Russie et du Tatarstan, avec le concours de l\u2019IRCICA. L\u2019\u00e9v\u00e8nement s&rsquo;est inscrit dans le cadre de la comm\u00e9moration du mill\u00e9naire de la ville de Kazan. Au sommaire du livre figurent de vastes th\u00e8mes, comprenant des sujets tels que : les sources \u00e9crites formant le patrimoine intellectuel de la Volga et de l\u2019Oural ; religion, identit\u00e9 ethnoculturelle; mouvements id\u00e9ologiques; haute culture; arts et architecture; influences multiculturelles et composantes islamiques dans la formation de ces processus. Les articles sont publi\u00e9s dans leur langue originale \u2013russe, anglais, turc.<\/p>\n","protected":false},"excerpt":{"rendered":"<p><strong>Kazan, 24-26 juin 2005<\/strong><\/p>\n<p>Istanbul, 2008<br \/>\n(en russe, anglais, turc)<\/p>\n","protected":false},"featured_media":25964,"template":"","meta":{"_acf_changed":false,"_mi_skip_tracking":false},"product_cat":[364,164],"product_tag":[],"class_list":{"0":"post-25967","1":"product","2":"type-product","3":"status-publish","4":"has-post-thumbnail","6":"product_cat-europe-de-lest-et-balkans","7":"product_cat-histoire-de-la-civilisation-islamique","9":"first","10":"instock","11":"shipping-taxable","12":"product-type-simple"},"acf":[],"aioseo_notices":[],"_links":{"self":[{"href":"https:\/\/www.ircica.org\/fr\/wp-json\/wp\/v2\/product\/25967","targetHints":{"allow":["GET"]}}],"collection":[{"href":"https:\/\/www.ircica.org\/fr\/wp-json\/wp\/v2\/product"}],"about":[{"href":"https:\/\/www.ircica.org\/fr\/wp-json\/wp\/v2\/types\/product"}],"wp:featuredmedia":[{"embeddable":true,"href":"https:\/\/www.ircica.org\/fr\/wp-json\/wp\/v2\/media\/25964"}],"wp:attachment":[{"href":"https:\/\/www.ircica.org\/fr\/wp-json\/wp\/v2\/media?parent=25967"}],"wp:term":[{"taxonomy":"product_cat","embeddable":true,"href":"https:\/\/www.ircica.org\/fr\/wp-json\/wp\/v2\/product_cat?post=25967"},{"taxonomy":"product_tag","embeddable":true,"href":"https:\/\/www.ircica.org\/fr\/wp-json\/wp\/v2\/product_tag?post=25967"}],"curies":[{"name":"wp","href":"https:\/\/api.w.org\/{rel}","templated":true}]}}