{"id":25979,"date":"2010-12-04T00:00:00","date_gmt":"2010-12-03T22:00:00","guid":{"rendered":"https:\/\/www.ircica.org\/publications\/non%20class\u00e9\/proceedings-of-the-third-international-symposium-on-islamic-civilisation-in-volga-ural-region-ufa-14-16-october-2008"},"modified":"2024-09-13T14:20:21","modified_gmt":"2024-09-13T11:20:21","slug":"proceedings-of-the-third-international-symposium-on-islamic-civilisation-in-volga-ural-region-ufa-14-16-october-2008","status":"publish","type":"product","link":"https:\/\/www.ircica.org\/fr\/publications\/histoire-de-la-civilisation-islamique\/europe-de-lest-et-balkans\/actes-du-troisieme-symposium-international-sur-la-civilisation-islamique-dans-la-region-de-la-volga-et-de-loural","title":{"rendered":"Actes du troisi\u00e8me Symposium international sur la civilisation islamique dans la r\u00e9gion de la Volga et de l\u2019Oural"},"content":{"rendered":"<p>Le troisi\u00e8me symposium international de l&rsquo;IRCICA sur \u00ab La civilisation islamique dans la r\u00e9gion de la Volga et de l\u2019Oural \u00bb s&rsquo;est tenu \u00e0 Oufa, capitale du Bachkortostan, du 14 au 16 octobre 2008, sous le patronage du pr\u00e9sident du Bachkortostan, M. Murtaza Rakhimov, et s&rsquo;est ouvert par le discours du pr\u00e9sident. Les organismes coop\u00e9rants \u00e9taient l\u2018Acad\u00e9mie des sciences du Bachkortostan, l\u2019Institut des langues, d\u2019histoire et de litt\u00e9rature du Centre scientifique d\u2019Ufa de l\u2019Acad\u00e9mie des sciences de la Russie, l\u2019Universit\u00e9 d\u2019\u00e9tat de Bachkirie, et la Fondation \u00e9tatique de Bachkirie pour la culture et les arts. Le symposium a g\u00e9n\u00e9r\u00e9 un large \u00e9ventail d&rsquo;\u00e9tudes sur les caract\u00e9ristiques et les d\u00e9veloppements de la r\u00e9gion en mati\u00e8re de patrimoine intellectuel, de religion, d&rsquo;identit\u00e9 culturelle, de mouvements id\u00e9ologiques, d&rsquo;art et d&rsquo;architecture, d&rsquo;influences multiculturelles et d&rsquo;influence islamique dans la formation de tous ces processus. Le livre contient le texte complet du discours (en bachkir) du Pr\u00e9sident Rakhimov. Les 39 articles sont publi\u00e9s dans leur langue originale, en bachkir, russe ou anglais. Certains des titres sont\u00a0: \u00ab Une comparaison des madrasas d&rsquo;Idil-Oural et des madrasas ottomanes \u00bb (Prof. Ali Arslan), \u00ab Le mythe sur l&rsquo;origine des bachkirs et ses variantes dans le monde turc \u00bb (Prof. \u00d6zkul \u00c7obano\u011flu), \u00ab Institutions et activit\u00e9s islamiques dans la r\u00e9gion de la Volga et de l\u2019Oural pendant la r\u00e9volution de 1917 \u00bb (Prof. Nadir Devlet), \u00ab Les Nogays dans les steppes de la mer Caspienne aux yeux des voyageurs occidentaux du XIXe si\u00e8cle \u00bb (Professeur associ\u00e9 Mustafa Eravc\u0131), \u00ab Le Lyceum timuride \u00bb (Dr. Mohd. Sanaullah), \u00ab Astrakhan du point de vue des voyageurs anglais et fran\u00e7ais dans le premier quart du 19e si\u00e8cle \u00bb (Dr H. Kara, Dr A. Ba\u015fer), \u00ab L&rsquo;impact de Zeki Velidi Togan (1890-1970) sur la politique turque \u00bb (Dr T. Erdo\u011fdu).<\/p>\n","protected":false},"excerpt":{"rendered":"<p><strong>Oufa, 14-16 octobre 2008<\/strong><\/p>\n<p>Istanbul, 2010<br \/>\n(en bachkir, anglais et russe)<\/p>\n","protected":false},"featured_media":25972,"template":"","meta":{"_acf_changed":false,"_mi_skip_tracking":false},"product_cat":[364,164],"product_tag":[],"class_list":{"0":"post-25979","1":"product","2":"type-product","3":"status-publish","4":"has-post-thumbnail","6":"product_cat-europe-de-lest-et-balkans","7":"product_cat-histoire-de-la-civilisation-islamique","9":"first","10":"instock","11":"shipping-taxable","12":"product-type-simple"},"acf":[],"aioseo_notices":[],"_links":{"self":[{"href":"https:\/\/www.ircica.org\/fr\/wp-json\/wp\/v2\/product\/25979","targetHints":{"allow":["GET"]}}],"collection":[{"href":"https:\/\/www.ircica.org\/fr\/wp-json\/wp\/v2\/product"}],"about":[{"href":"https:\/\/www.ircica.org\/fr\/wp-json\/wp\/v2\/types\/product"}],"wp:featuredmedia":[{"embeddable":true,"href":"https:\/\/www.ircica.org\/fr\/wp-json\/wp\/v2\/media\/25972"}],"wp:attachment":[{"href":"https:\/\/www.ircica.org\/fr\/wp-json\/wp\/v2\/media?parent=25979"}],"wp:term":[{"taxonomy":"product_cat","embeddable":true,"href":"https:\/\/www.ircica.org\/fr\/wp-json\/wp\/v2\/product_cat?post=25979"},{"taxonomy":"product_tag","embeddable":true,"href":"https:\/\/www.ircica.org\/fr\/wp-json\/wp\/v2\/product_tag?post=25979"}],"curies":[{"name":"wp","href":"https:\/\/api.w.org\/{rel}","templated":true}]}}