{"id":25987,"date":"2011-12-23T00:00:00","date_gmt":"2011-12-22T22:00:00","guid":{"rendered":"https:\/\/www.ircica.org\/publications\/non%20class\u00e9\/proceedings-of-the-fourth-international-symposium-on-islamic-civilization-in-the-volga-ural-region"},"modified":"2024-09-13T14:31:14","modified_gmt":"2024-09-13T11:31:14","slug":"proceedings-of-the-fourth-international-symposium-on-islamic-civilization-in-the-volga-ural-region","status":"publish","type":"product","link":"https:\/\/www.ircica.org\/fr\/publications\/histoire-de-la-civilisation-islamique\/europe-de-lest-et-balkans\/actes-du-quatrieme-symposium-international-sur-la-civilisation-islamique-dans-la-region-volga-oural","title":{"rendered":"Actes du Quatri\u00e8me Symposium international sur la civilisation islamique dans la r\u00e9gion Volga-Oural"},"content":{"rendered":"<p>Le quatri\u00e8me symposium de l\u2019IRCICA sur le th\u00e8me \u00ab La civilisation islamique dans la r\u00e9gion Volga-Oural \u00bb s&rsquo;est tenu \u00e0 Oufa, la capitale du Bachkortostan, les 21 et 22 octobre 2010. Le symposium a \u00e9t\u00e9 organis\u00e9 conjointement avec le minist\u00e8re de l\u2019\u00c9ducation et des Sciences de la F\u00e9d\u00e9ration de Russie, le Gouvernement du Bachkortostan et l&rsquo;Universit\u00e9 d&rsquo;\u00c9tat du Bachkir. Le Pr\u00e9sident Rustem Zakievitch Khamitov, Pr\u00e9sident de la R\u00e9publique du Bachkortostan, a accord\u00e9 son patronage \u00e0 l&rsquo;\u00e9v\u00e9nement et a particip\u00e9 \u00e0 sa c\u00e9r\u00e9monie d&rsquo;ouverture. En plus des s\u00e9ances de travail sur diff\u00e9rents sujets et dans le cadre du symposium, une conf\u00e9rence distincte avec 20 pr\u00e9sentations a \u00e9t\u00e9 consacr\u00e9e \u00e0 l&rsquo;\u00e9minent \u00e9rudit bachkir Ahmed Zeki Velidi \u00e0 l&rsquo;occasion de son 120e anniversaire de naissance. Les communications du colloque sont publi\u00e9es dans ce livre dans leur langue originale de pr\u00e9sentation : il y a 71 communications en russe, 6 en anglais et 4 en bachkir.<\/p>\n","protected":false},"excerpt":{"rendered":"<p><strong>Oufa, 21-22 Octobre 2010<\/strong><\/p>\n<p>Istanbul, 2011<br \/>\n(en anglais, bachkir et russe)<\/p>\n","protected":false},"featured_media":25984,"template":"","meta":{"_acf_changed":false,"_mi_skip_tracking":false},"product_cat":[364,164],"product_tag":[],"class_list":{"0":"post-25987","1":"product","2":"type-product","3":"status-publish","4":"has-post-thumbnail","6":"product_cat-europe-de-lest-et-balkans","7":"product_cat-histoire-de-la-civilisation-islamique","9":"first","10":"instock","11":"shipping-taxable","12":"product-type-simple"},"acf":[],"aioseo_notices":[],"_links":{"self":[{"href":"https:\/\/www.ircica.org\/fr\/wp-json\/wp\/v2\/product\/25987","targetHints":{"allow":["GET"]}}],"collection":[{"href":"https:\/\/www.ircica.org\/fr\/wp-json\/wp\/v2\/product"}],"about":[{"href":"https:\/\/www.ircica.org\/fr\/wp-json\/wp\/v2\/types\/product"}],"wp:featuredmedia":[{"embeddable":true,"href":"https:\/\/www.ircica.org\/fr\/wp-json\/wp\/v2\/media\/25984"}],"wp:attachment":[{"href":"https:\/\/www.ircica.org\/fr\/wp-json\/wp\/v2\/media?parent=25987"}],"wp:term":[{"taxonomy":"product_cat","embeddable":true,"href":"https:\/\/www.ircica.org\/fr\/wp-json\/wp\/v2\/product_cat?post=25987"},{"taxonomy":"product_tag","embeddable":true,"href":"https:\/\/www.ircica.org\/fr\/wp-json\/wp\/v2\/product_tag?post=25987"}],"curies":[{"name":"wp","href":"https:\/\/api.w.org\/{rel}","templated":true}]}}