{"id":26091,"date":"2010-09-23T13:19:07","date_gmt":"2010-09-23T10:19:07","guid":{"rendered":"https:\/\/www.ircica.org\/publications\/non%20class\u00e9\/the-palaces-patronage-of-the-arts-in-the-xvith-century"},"modified":"2024-09-23T14:20:05","modified_gmt":"2024-09-23T11:20:05","slug":"the-palaces-patronage-of-the-arts-in-the-xvith-century","status":"publish","type":"product","link":"https:\/\/www.ircica.org\/fr\/publications\/arts-artisanats\/le-mecenat-des-arts-par-le-palais-au-xvie-siecle","title":{"rendered":"Le m\u00e9c\u00e9nat des arts par le Palais au XVIe si\u00e8cle"},"content":{"rendered":"<p>L\u2019ouvrage du Dr Hilal Kazan est une histoire des arts \u00e0 l\u2019\u00e9poque ottomane et une r\u00e9f\u00e9rence compl\u00e8te sur la gestion des arts par le palais ottoman, sur la base des archives ottomanes. Apr\u00e8s l\u2019introduction qui passe bri\u00e8vement en revue le m\u00e9c\u00e9nat des arts par le palais, la premi\u00e8re partie examine les lieux d\u2019implantation des ateliers, c\u2019est-\u00e0-dire les palais et les manoirs, les m\u00e9thodes de soutien et de m\u00e9c\u00e9nat, les r\u00e9mun\u00e9rations pour les \u0153uvres d\u2019art produites et les diff\u00e9rentes formes d\u2019assistance, ainsi que l\u2019organisation des artistes en groupes professionnels \u2013 guildes selon leurs branches. La deuxi\u00e8me partie est consacr\u00e9e aux sultans et aux princes qui \u00e9taient m\u00e9c\u00e8nes des arts et de l\u2019artisanat, de Y\u0131ld\u0131r\u0131m Bayezid \u00e0 Murad III. La troisi\u00e8me partie est consacr\u00e9e aux arts et aux artistes, o\u00f9 vingt-cinq branches professionnelles diff\u00e9rentes, telles que les arts du livre, la ferronnerie, les armes, les costumes et les artistes \u00e9minents, sont pr\u00e9sent\u00e9es. L\u2019ouvrage continue de servir de r\u00e9f\u00e9rence importante dans son domaine.<\/p>\n","protected":false},"excerpt":{"rendered":"<p>Par Hilal Kazan<br \/>\nFondation pour la recherche sur l\u2019histoire, l\u2019art et la culture islamiques (\u0130SAR)<br \/>\nIstanbul, 2010, 6+403 p.<br \/>\nPublications du Waqf \u0130SAR, n\u00b0 30 (en turc)<\/p>\n","protected":false},"featured_media":26074,"template":"","meta":{"_acf_changed":false,"_mi_skip_tracking":false},"product_cat":[189],"product_tag":[],"class_list":{"0":"post-26091","1":"product","2":"type-product","3":"status-publish","4":"has-post-thumbnail","6":"product_cat-arts-artisanats","8":"first","9":"instock","10":"shipping-taxable","11":"product-type-simple"},"acf":[],"aioseo_notices":[],"_links":{"self":[{"href":"https:\/\/www.ircica.org\/fr\/wp-json\/wp\/v2\/product\/26091","targetHints":{"allow":["GET"]}}],"collection":[{"href":"https:\/\/www.ircica.org\/fr\/wp-json\/wp\/v2\/product"}],"about":[{"href":"https:\/\/www.ircica.org\/fr\/wp-json\/wp\/v2\/types\/product"}],"wp:featuredmedia":[{"embeddable":true,"href":"https:\/\/www.ircica.org\/fr\/wp-json\/wp\/v2\/media\/26074"}],"wp:attachment":[{"href":"https:\/\/www.ircica.org\/fr\/wp-json\/wp\/v2\/media?parent=26091"}],"wp:term":[{"taxonomy":"product_cat","embeddable":true,"href":"https:\/\/www.ircica.org\/fr\/wp-json\/wp\/v2\/product_cat?post=26091"},{"taxonomy":"product_tag","embeddable":true,"href":"https:\/\/www.ircica.org\/fr\/wp-json\/wp\/v2\/product_tag?post=26091"}],"curies":[{"name":"wp","href":"https:\/\/api.w.org\/{rel}","templated":true}]}}