{"id":26164,"date":"2024-09-25T09:54:44","date_gmt":"2024-09-25T06:54:44","guid":{"rendered":"https:\/\/www.ircica.org\/publications\/non%20class\u00e9\/preservation-through-generations-in-memoriam-prof-amir-pasic"},"modified":"2024-09-25T09:59:27","modified_gmt":"2024-09-25T06:59:27","slug":"preservation-through-generations-in-memoriam-prof-amir-pasic","status":"publish","type":"product","link":"https:\/\/www.ircica.org\/fr\/publications\/patrimoine-culturel-et-architectural\/la-preservation-a-travers-les-generations-a-la-memoire-du-professeur-amir-pasic","title":{"rendered":"La pr\u00e9servation \u00e0 travers les g\u00e9n\u00e9rations \u00e0 la m\u00e9moire du professeur Amir Pa\u0161i\u0107"},"content":{"rendered":"<p>Le professeur architecte Amir Pa\u0161i\u0107 \u00e9tait urbaniste, expert international en conservation architecturale et chef de la section du patrimoine architectural de l\u2019IRCICA de 1993 \u00e0 2018. Pa\u0161i\u0107 a apport\u00e9 des contributions importantes aux activit\u00e9s de l\u2019IRCICA relatives aux \u00e9tudes urbaines et au patrimoine architectural. Il est rest\u00e9 en contact avec l\u2019IRCICA apr\u00e8s son d\u00e9part pour son pays d\u2019origine, la Bosnie-Herz\u00e9govine, o\u00f9 il a continu\u00e9 \u00e0 servir dans son domaine jusqu\u2019\u00e0 son d\u00e9c\u00e8s en 2022. Un symposium a \u00e9t\u00e9 organis\u00e9 par l\u2019IRCICA \u00e0 l\u2019occasion du premier anniversaire de sa mort, r\u00e9unissant des experts internationaux en d\u00e9veloppement urbain et en pr\u00e9servation architecturale du monde entier, pour la plupart ses anciens coll\u00e8gues et \u00e9tudiants. Le symposium, qui s\u2019est tenu \u00e0 l\u2019IRCICA sous forme hybride, a port\u00e9 sur les th\u00e8mes qu\u2019Amir Pa\u0161i\u0107 a mis en avant et promus au cours de sa carri\u00e8re. Ce fut un \u00e9v\u00e9nement des plus m\u00e9morables, avec des pr\u00e9sentations scientifiques sur des \u00e9tudes et des projets men\u00e9s dans diff\u00e9rents pays, entour\u00e9es de souvenirs de collaborations avec lui. Les intervenants ont \u00e9galement \u00e9voqu\u00e9 les activit\u00e9s de Pa\u0161i\u0107 dans le cadre des programmes de l\u2019IRCICA, dont beaucoup \u00e9taient connus et suivis par les milieux concern\u00e9s au moment de leur mise en \u0153uvre. Le directeur g\u00e9n\u00e9ral de l\u2019IRCICA, le professeur Mahmud Erol K\u0131l\u0131\u00e7, donne un aper\u00e7u des projets men\u00e9s par le professeur Pa\u0161i\u0107 \u00e0 l\u2019IRCICA et leurs suites, dans sa pr\u00e9face au livre des actes.<\/p>\n<p>L\u2019ouvrage contient les articles suivants : \u00ab M\u00e9moire urbaine des cours d\u2019eau et du patrimoine \u00bb, d\u2019Aida Idrizbegovi\u0107 ; \u00ab La croissance urbaine de Pristina \u00e0 la fin de la p\u00e9riode ottomane \u00bb, de Florina Jerliu ; \u00ab La conservation urbaine au XXIe si\u00e8cle : d\u00e9fis et orientations futures \u00bb, de Francesco Bandarin ; \u00ab Les zones urbaines historiques en Bosnie-Herz\u00e9govine dans le cadre du paysage urbain historique : les cas de Sarajevo et de Travnik \u00bb, de Lana Kudumovi\u0107 ; \u00ab Les mosqu\u00e9es, les minarets et les identit\u00e9s urbaines changeantes en Bosnie-Herz\u00e9govine \u00bb, d\u2019Emily G. Maka\u0161 ; \u00ab La pr\u00e9servation du patrimoine en p\u00e9ril \u00bb, de Mounir Bouchenaki ; \u00ab R\u00e9cit du projet de restauration du pont de Mostar \u00bb, de Noman Ahmed ; \u00ab Le patrimoine b\u00e2ti apr\u00e8s la guerre : une documentation de la zone de Suwayqat Ali dans la vieille ville d\u2019Alep \u00bb, de Ruba Kasmo ; \u00ab Qu\u2019apporte Mostar \u00e0 la conservation urbaine ? \u00bb de Yonca K\u00f6sebay Erkan ; \u00ab Le patrimoine de Mostar perdu et retrouv\u00e9 \u00bb, de Zeynep Ahunbay. Le symposium a \u00e9t\u00e9 suivi en pr\u00e9sentiel par M. Salem Mari\u0107, pr\u00e9sident du conseil municipal de Mostar. Des discours en ligne ont \u00e9t\u00e9 prononc\u00e9s par le professeur Attilio Petruccioli (discours principal) ; le professeur Daniele Pini, le Dr Rami Nasrallah, le professeur \u00e9m\u00e9rite Judith Bing, le professeur Brooke Harrington, le professeur Jon Calame, le professeur Zeynep G\u00fcl \u00dcnal, le Dr Senada Demirovi\u0107 Habibija et le Dr Fatma Sema Sekban ; et leurs contributions sont accessibles sur YouTube.<\/p>\n","protected":false},"excerpt":{"rendered":"<p>Actes du symposium international sur la pr\u00e9servation \u00e0 travers les g\u00e9n\u00e9rations \u00e0 la m\u00e9moire du professeur Amir Pa\u0161i\u0107 : 24 mai 2023, Istanbul<br \/>\nIRCICA, Istanbul, 2024<br \/>\n208 p. : illustr. en couleur ; 23,5 cm.<br \/>\nS\u00e9rie des sources et des \u00e9tudes sur l\u2019histoire de la civilisation islamique ; n\u00b0 54<\/p>\n","protected":false},"featured_media":26153,"template":"","meta":{"_acf_changed":false,"_mi_skip_tracking":false},"product_cat":[173],"product_tag":[],"class_list":{"0":"post-26164","1":"product","2":"type-product","3":"status-publish","4":"has-post-thumbnail","6":"product_cat-patrimoine-culturel-et-architectural","8":"first","9":"instock","10":"shipping-taxable","11":"product-type-simple"},"acf":[],"aioseo_notices":[],"_links":{"self":[{"href":"https:\/\/www.ircica.org\/fr\/wp-json\/wp\/v2\/product\/26164","targetHints":{"allow":["GET"]}}],"collection":[{"href":"https:\/\/www.ircica.org\/fr\/wp-json\/wp\/v2\/product"}],"about":[{"href":"https:\/\/www.ircica.org\/fr\/wp-json\/wp\/v2\/types\/product"}],"wp:featuredmedia":[{"embeddable":true,"href":"https:\/\/www.ircica.org\/fr\/wp-json\/wp\/v2\/media\/26153"}],"wp:attachment":[{"href":"https:\/\/www.ircica.org\/fr\/wp-json\/wp\/v2\/media?parent=26164"}],"wp:term":[{"taxonomy":"product_cat","embeddable":true,"href":"https:\/\/www.ircica.org\/fr\/wp-json\/wp\/v2\/product_cat?post=26164"},{"taxonomy":"product_tag","embeddable":true,"href":"https:\/\/www.ircica.org\/fr\/wp-json\/wp\/v2\/product_tag?post=26164"}],"curies":[{"name":"wp","href":"https:\/\/api.w.org\/{rel}","templated":true}]}}