{"id":26257,"date":"2012-08-10T00:00:00","date_gmt":"2012-08-09T21:00:00","guid":{"rendered":"https:\/\/www.ircica.org\/publications\/non%20class\u00e9\/proceedings-of-the-internatonal-congress-on-al-quds-during-the-ottoman-era"},"modified":"2024-10-07T13:40:10","modified_gmt":"2024-10-07T10:40:10","slug":"proceedings-of-the-internatonal-congress-on-al-quds-during-the-ottoman-era","status":"publish","type":"product","link":"https:\/\/www.ircica.org\/fr\/publications\/histoire-de-la-civilisation-islamique\/asie\/moyen-orient-et-mediterranee\/actes-du-congres-international-sur-al-quds-a-lepoque-ottomane","title":{"rendered":"Actes du Congr\u00e8s international sur Al-Quds \u00e0 l&rsquo;\u00e9poque ottomane"},"content":{"rendered":"<p>Ce livre contient les actes du congr\u00e8s sur le th\u00e8me \u00ab Al-Quds \u00e0 l&rsquo;\u00e9poque ottomane \u00bb organis\u00e9 conjointement par l&rsquo;IRCICA et le Minist\u00e8re de la Culture de Syrie dans le cadre du programme \u00ab Damas Capitale de la culture arabe, 2009 \u00bb. Le congr\u00e8s s&rsquo;est tenu du 25 au 29 juin 2009 \u00e0 Damas. Les articles sont publi\u00e9s dans leur langue originale : 15 articles en anglais ou en arabe, relatifs au syst\u00e8me administratif ottoman \u00e0 al-Quds, \u00e0 l&rsquo;\u00e9ducation, \u00e0 la sant\u00e9 publique et \u00e0 la vie intellectuelle.<\/p>\n","protected":false},"excerpt":{"rendered":"<p>IRCICA, Istanbul, 2012<br \/>\n(en arabe et anglais)<\/p>\n","protected":false},"featured_media":26250,"template":"","meta":{"_acf_changed":false,"_mi_skip_tracking":false},"product_cat":[164,362],"product_tag":[],"class_list":{"0":"post-26257","1":"product","2":"type-product","3":"status-publish","4":"has-post-thumbnail","6":"product_cat-histoire-de-la-civilisation-islamique","7":"product_cat-moyen-orient-et-mediterranee","9":"first","10":"instock","11":"shipping-taxable","12":"product-type-simple"},"acf":[],"aioseo_notices":[],"_links":{"self":[{"href":"https:\/\/www.ircica.org\/fr\/wp-json\/wp\/v2\/product\/26257","targetHints":{"allow":["GET"]}}],"collection":[{"href":"https:\/\/www.ircica.org\/fr\/wp-json\/wp\/v2\/product"}],"about":[{"href":"https:\/\/www.ircica.org\/fr\/wp-json\/wp\/v2\/types\/product"}],"wp:featuredmedia":[{"embeddable":true,"href":"https:\/\/www.ircica.org\/fr\/wp-json\/wp\/v2\/media\/26250"}],"wp:attachment":[{"href":"https:\/\/www.ircica.org\/fr\/wp-json\/wp\/v2\/media?parent=26257"}],"wp:term":[{"taxonomy":"product_cat","embeddable":true,"href":"https:\/\/www.ircica.org\/fr\/wp-json\/wp\/v2\/product_cat?post=26257"},{"taxonomy":"product_tag","embeddable":true,"href":"https:\/\/www.ircica.org\/fr\/wp-json\/wp\/v2\/product_tag?post=26257"}],"curies":[{"name":"wp","href":"https:\/\/api.w.org\/{rel}","templated":true}]}}