{"id":26332,"date":"2024-09-30T16:06:55","date_gmt":"2024-09-30T13:06:55","guid":{"rendered":"https:\/\/www.ircica.org\/publications\/non%20class\u00e9\/reassessing-the-heritage-of-khoja-ahmet-yasawi"},"modified":"2024-10-08T16:29:39","modified_gmt":"2024-10-08T13:29:39","slug":"reassessing-the-heritage-of-khoja-ahmet-yasawi","status":"publish","type":"product","link":"https:\/\/www.ircica.org\/fr\/publications\/histoire-de-la-civilisation-islamique\/asie\/asie-centrale-et-caucase\/reconsiderer-le-patrimoine-de-khoja-ahmad-yasawi","title":{"rendered":"Reconsid\u00e9rer le patrimoine de Khoja Ahmad Yasawi"},"content":{"rendered":"<p>Ce livre contient vingt articles bas\u00e9s sur des documents issus d\u2019une conf\u00e9rence internationale organis\u00e9e conjointement par le Mus\u00e9e-r\u00e9serve national historique et culturel \u00ab Azret Sultan \u00bb (minist\u00e8re de la Culture et de l\u2019Information de la R\u00e9publique du Kazakhstan) et l\u2019IRCICA au Turkestan, les 10 et 11 octobre 2023. La plupart des auteurs sont des sp\u00e9cialistes du soufisme originaires de diverses r\u00e9gions du monde musulman, avec des r\u00e9alisations acad\u00e9miques et une vaste exp\u00e9rience dans leurs domaines.<\/p>\n<p>La premi\u00e8re partie, bas\u00e9e sur des sources nouvellement explor\u00e9es, examine l\u2019image historique d\u2019Ahmad Yasawi et ses diff\u00e9rentes repr\u00e9sentations. Elle contient des informations introduites pour la premi\u00e8re fois dans le milieu scientifique, relatives aux inscriptions \u00e9pigraphiques sur le mausol\u00e9e du c\u00e9l\u00e8bre soufi, aux d\u00e9couvertes arch\u00e9ologiques, aux monuments architecturaux, aux sceaux, aux documents d\u2019archives et aux manuscrits de collections priv\u00e9es. Elles sont analys\u00e9es du point de vue de diverses \u00e9coles d\u2019\u00e9tudes orientales, ainsi que d\u2019approches et de m\u00e9thodes fondamentalement nouvelles.<\/p>\n<p>La deuxi\u00e8me partie des articles est consacr\u00e9e \u00e0 l\u2019\u00e9tude des monuments litt\u00e9raires des XVIIIe et XIXe si\u00e8cles. Ils t\u00e9moignent d\u2019une nouvelle \u00e9tape dans les \u00e9tudes relatives \u00e0 la compilation des <em>hikmats<\/em>. Les processus relatifs au recensement des <em>hikmats<\/em>, \u00e0 la publication de leurs collections par la m\u00e9thode lithographique, \u00e0 la croissance du nombre et de la diffusion des publications imprim\u00e9es, aux traductions litt\u00e9rales des <em>hikmats<\/em> dans diverses langues, \u00e0 leur interpr\u00e9tation par les po\u00e8tes, les philosophes et les soufis pratiquants de notre \u00e9poque, sont examin\u00e9s dans cette section. Les auteurs ont recommand\u00e9 la production d\u2019un catalogue complet des <em>hikmats<\/em> \u00e9crites \u00e0 la main conserv\u00e9es dans les collections mondiales et la compilation d\u2019une collection de tous les <em>hikmats<\/em> connues en caract\u00e8res arabes.<\/p>\n<p>La troisi\u00e8me partie des articles porte sur les processus d\u2019interaction et d\u2019influence mutuelle de la Yasawiya avec d\u2019autres confr\u00e9ries : Kubrawiya, Naqshbandiya, Naqshbandiya-Mujaddidiya, Naqshbandiya-Khalidiya, Bektashiya, etc. De plus, de nouvelles informations sont introduites dans le milieu scientifique \u00e0 travers les articles et leurs illustrations en couleur sur des monuments architecturaux, des sceaux, des pages de couverture de publications anciennes, des dipl\u00f4mes m\u00e9di\u00e9vaux, etc. Ces informations int\u00e9resseront les sp\u00e9cialistes travaillant dans les domaines de l\u2019histoire, de l\u2019art, de la culture et de l\u2019\u00e9ducation islamiques, et en particulier ceux qui s\u2019int\u00e9ressent \u00e0 la civilisation islamique en Asie centrale.<\/p>\n","protected":false},"excerpt":{"rendered":"<p>Actes de la conf\u00e9rence internationale : Reconsid\u00e9rer le patrimoine de Khoja Ahmad Yasawi. Turkestan, Kazakhstan, 2023<br \/>\nSous la direction de Mahmud Erol K\u0131l\u0131\u00e7 et Maulen Sadykbekov<br \/>\nPr\u00e9par\u00e9 pour publication par Ashirbek Muminov et Nurlan Dukenbaev<br \/>\nIRCICA, Istanbul, 2024<br \/>\nS\u00e9rie des sources et \u00e9tudes sur l\u2019histoire de la civilisation islamique ; n\u00b0 56<br \/>\n284 p. (en anglais, kazakh, turc et russe)<\/p>\n","protected":false},"featured_media":26305,"template":"","meta":{"_acf_changed":false,"_mi_skip_tracking":false},"product_cat":[200],"product_tag":[],"class_list":{"0":"post-26332","1":"product","2":"type-product","3":"status-publish","4":"has-post-thumbnail","6":"product_cat-asie-centrale-et-caucase","8":"first","9":"instock","10":"shipping-taxable","11":"product-type-simple"},"acf":[],"aioseo_notices":[],"_links":{"self":[{"href":"https:\/\/www.ircica.org\/fr\/wp-json\/wp\/v2\/product\/26332","targetHints":{"allow":["GET"]}}],"collection":[{"href":"https:\/\/www.ircica.org\/fr\/wp-json\/wp\/v2\/product"}],"about":[{"href":"https:\/\/www.ircica.org\/fr\/wp-json\/wp\/v2\/types\/product"}],"wp:featuredmedia":[{"embeddable":true,"href":"https:\/\/www.ircica.org\/fr\/wp-json\/wp\/v2\/media\/26305"}],"wp:attachment":[{"href":"https:\/\/www.ircica.org\/fr\/wp-json\/wp\/v2\/media?parent=26332"}],"wp:term":[{"taxonomy":"product_cat","embeddable":true,"href":"https:\/\/www.ircica.org\/fr\/wp-json\/wp\/v2\/product_cat?post=26332"},{"taxonomy":"product_tag","embeddable":true,"href":"https:\/\/www.ircica.org\/fr\/wp-json\/wp\/v2\/product_tag?post=26332"}],"curies":[{"name":"wp","href":"https:\/\/api.w.org\/{rel}","templated":true}]}}