{"id":26408,"date":"2004-08-24T00:00:00","date_gmt":"2004-08-23T21:00:00","guid":{"rendered":"https:\/\/www.ircica.org\/publications\/non%20class\u00e9\/%d8%b3%d9%86%d8%a7-%d8%a7%d9%84%d8%a8%d8%b1%d9%82-%d8%a7%d9%84%d8%b4%d8%a7%d9%85%d9%8a%d8%8c-%d9%85%d8%ae%d8%aa%d8%b5%d8%b1-%d8%a7%d9%84%d8%a8%d8%b1%d9%82-%d8%a7%d9%84%d8%b4%d8%a7%d9%85%d9%8a-%d9%81"},"modified":"2024-10-11T09:46:44","modified_gmt":"2024-10-11T06:46:44","slug":"%d8%b3%d9%86%d8%a7-%d8%a7%d9%84%d8%a8%d8%b1%d9%82-%d8%a7%d9%84%d8%b4%d8%a7%d9%85%d9%8a%d8%8c-%d9%85%d8%ae%d8%aa%d8%b5%d8%b1-%d8%a7%d9%84%d8%a8%d8%b1%d9%82-%d8%a7%d9%84%d8%b4%d8%a7%d9%85%d9%8a-%d9%81","status":"publish","type":"product","link":"https:\/\/www.ircica.org\/fr\/publications\/histoire-de-la-civilisation-islamique\/asie\/moyen-orient-et-mediterranee\/sanal-bark-al-shami","title":{"rendered":"Sana\u2019l Bark al-Shami"},"content":{"rendered":"<p>Voici l&rsquo;\u00e9dition d&rsquo;un important manuscrit historique, \u00e9crit par Qiwamuddin al-Fath b. Ali al-Bundari al-Isfahani (m. 643\/1245), historien et scribe du conseil imp\u00e9rial du palais ayyoubide. Son ouvrage intitul\u00e9 <em>Sana&rsquo;l-Bark al-Shami<\/em> dat\u00e9 622\/1225 est une version abr\u00e9g\u00e9e de <em>al-Bark al-Shami<\/em> \u00e9crit par Imaduddin al-Katib al-Isfahani (m. 597\/1201) qui raconte les \u00e9v\u00e9nements historiques de la p\u00e9riode de Salah al-Din al-Ayyubi. La version abr\u00e9g\u00e9e pr\u00e9par\u00e9e par al-Bundari intitul\u00e9e <em>Sana&rsquo;l-Bark al-Shami<\/em> n&rsquo;\u00e9tait pas connue jusqu&rsquo;\u00e0 ce que le professeur Ramazan \u015ee\u015fen, chef de la Division de recherches sur les bibliographies et les manuscrits \u00e0 l&rsquo;IRCICA (jusqu&rsquo;en 2017), identifie une copie de son premier volume parmi les manuscrits de la collection Esad Efendi de la biblioth\u00e8que S\u00fcleymaniye en 1967, lors de ses \u00e9tudes doctorales. Il a pr\u00e9par\u00e9 cet exemplaire pour publication, en le comparant avec les deux volumes existants de <em>al-Bark al-Shami<\/em>, ainsi qu&rsquo;avec des citations de sources et de documents y relatifs.<\/p>\n","protected":false},"excerpt":{"rendered":"<p>par Qiwamuddin al-Fath B. Ali al-Bundari<br \/>\npr\u00e9par\u00e9 par Ramazan \u015ee\u015fen,<br \/>\nIstanbul, 2004 (en arabe)<\/p>\n","protected":false},"featured_media":26405,"template":"","meta":{"_acf_changed":false,"_mi_skip_tracking":false},"product_cat":[164,362],"product_tag":[],"class_list":{"0":"post-26408","1":"product","2":"type-product","3":"status-publish","4":"has-post-thumbnail","6":"product_cat-histoire-de-la-civilisation-islamique","7":"product_cat-moyen-orient-et-mediterranee","9":"first","10":"instock","11":"shipping-taxable","12":"product-type-simple"},"acf":[],"aioseo_notices":[],"_links":{"self":[{"href":"https:\/\/www.ircica.org\/fr\/wp-json\/wp\/v2\/product\/26408","targetHints":{"allow":["GET"]}}],"collection":[{"href":"https:\/\/www.ircica.org\/fr\/wp-json\/wp\/v2\/product"}],"about":[{"href":"https:\/\/www.ircica.org\/fr\/wp-json\/wp\/v2\/types\/product"}],"wp:featuredmedia":[{"embeddable":true,"href":"https:\/\/www.ircica.org\/fr\/wp-json\/wp\/v2\/media\/26405"}],"wp:attachment":[{"href":"https:\/\/www.ircica.org\/fr\/wp-json\/wp\/v2\/media?parent=26408"}],"wp:term":[{"taxonomy":"product_cat","embeddable":true,"href":"https:\/\/www.ircica.org\/fr\/wp-json\/wp\/v2\/product_cat?post=26408"},{"taxonomy":"product_tag","embeddable":true,"href":"https:\/\/www.ircica.org\/fr\/wp-json\/wp\/v2\/product_tag?post=26408"}],"curies":[{"name":"wp","href":"https:\/\/api.w.org\/{rel}","templated":true}]}}