{"id":26416,"date":"2004-08-24T00:00:00","date_gmt":"2004-08-23T21:00:00","guid":{"rendered":"https:\/\/www.ircica.org\/publications\/non%20class\u00e9\/koca-sinan-pasanin-telhisleri-the-telhis-of-koca-sinan-pasha"},"modified":"2024-10-11T10:01:37","modified_gmt":"2024-10-11T07:01:37","slug":"koca-sinan-pasanin-telhisleri-the-telhis-of-koca-sinan-pasha","status":"publish","type":"product","link":"https:\/\/www.ircica.org\/fr\/publications\/etat-ottoman-et-sa-civilisation\/les-telhis-de-koca-sinan-pacha","title":{"rendered":"Les Telhis de Koca Sinan Pacha"},"content":{"rendered":"<p>Les <em>Telhis<\/em> \u00e9taient des notes, r\u00e9dig\u00e9es par des vizirs ottomans, sur des questions devant \u00eatre soumises \u00e0 l&rsquo;examen et \u00e0 la d\u00e9cision du sultan. Ces notes sont importantes car elles constituent des r\u00e9f\u00e9rences originales sur divers sujets d&rsquo;int\u00e9r\u00eat pour les chercheurs sur l&rsquo;histoire administrative et politique de la p\u00e9riode ottomane. Les notes de Telhis conserv\u00e9es dans les archives ottomanes \u00e0 Istanbul comprennent une collection de ceux r\u00e9dig\u00e9s par le grand vizir Sinan Pacha, une figure \u00e9minente du XVIe si\u00e8cle. Il est connu pour sa remarquable carri\u00e8re politique, ayant \u00e9t\u00e9 nomm\u00e9 vizir \u00e0 cinq reprises. Sa carri\u00e8re militaire est \u00e9galement remarquable, marqu\u00e9e par des succ\u00e8s &#8211; en tant que conqu\u00e9rant du Y\u00e9men et de la Tunisie &#8211; mais aussi par des \u00e9checs. Il a laiss\u00e9 de nombreux \u00e9crits particuli\u00e8rement importants pour les historiens qui \u00e9tudient la p\u00e9riode de ses fonctions. Le professeur Halil Sahillio\u011flu (m. 2012), sp\u00e9cialiste renomm\u00e9 de l&rsquo;histoire ottomane et des \u00e9tudes sur les archives ottomanes, a pr\u00e9par\u00e9 pour la publication les Telhis de Sinan Pacha qui se trouvent dans les biblioth\u00e8ques et les mus\u00e9es d&rsquo;Istanbul. L&rsquo;ouvrage, publi\u00e9 par l\u2019IRCICA,\u00a0 est compl\u00e9t\u00e9 par des index.<\/p>\n","protected":false},"excerpt":{"rendered":"<p>Pr\u00e9par\u00e9 pour la publication par H. Sahillio\u011flu<br \/>\nIRCICA, Istanbul, 2004, xxxix+340 p.<\/p>\n","protected":false},"featured_media":26413,"template":"","meta":{"_acf_changed":false,"_mi_skip_tracking":false},"product_cat":[367],"product_tag":[],"class_list":{"0":"post-26416","1":"product","2":"type-product","3":"status-publish","4":"has-post-thumbnail","6":"product_cat-etat-ottoman-et-sa-civilisation","8":"first","9":"instock","10":"shipping-taxable","11":"product-type-simple"},"acf":[],"aioseo_notices":[],"_links":{"self":[{"href":"https:\/\/www.ircica.org\/fr\/wp-json\/wp\/v2\/product\/26416","targetHints":{"allow":["GET"]}}],"collection":[{"href":"https:\/\/www.ircica.org\/fr\/wp-json\/wp\/v2\/product"}],"about":[{"href":"https:\/\/www.ircica.org\/fr\/wp-json\/wp\/v2\/types\/product"}],"wp:featuredmedia":[{"embeddable":true,"href":"https:\/\/www.ircica.org\/fr\/wp-json\/wp\/v2\/media\/26413"}],"wp:attachment":[{"href":"https:\/\/www.ircica.org\/fr\/wp-json\/wp\/v2\/media?parent=26416"}],"wp:term":[{"taxonomy":"product_cat","embeddable":true,"href":"https:\/\/www.ircica.org\/fr\/wp-json\/wp\/v2\/product_cat?post=26416"},{"taxonomy":"product_tag","embeddable":true,"href":"https:\/\/www.ircica.org\/fr\/wp-json\/wp\/v2\/product_tag?post=26416"}],"curies":[{"name":"wp","href":"https:\/\/api.w.org\/{rel}","templated":true}]}}