{"id":26428,"date":"2010-12-11T10:10:57","date_gmt":"2010-12-11T08:10:57","guid":{"rendered":"https:\/\/www.ircica.org\/publications\/non%20class\u00e9\/darulfunun-the-focus-of-ottoman-cultural-modernization"},"modified":"2024-10-11T10:20:13","modified_gmt":"2024-10-11T07:20:13","slug":"darulfunun-the-focus-of-ottoman-cultural-modernization","status":"publish","type":"product","link":"https:\/\/www.ircica.org\/fr\/publications\/histoire-des-sciences\/darulfunun-foyer-de-la-modernisation-culturelle-ottomane","title":{"rendered":"Dar\u00fclfunun : foyer de la modernisation culturelle ottomane"},"content":{"rendered":"<p>Cet ouvrage comporte l&rsquo;histoire de l&rsquo;universit\u00e9 moderne qui a \u00e9merg\u00e9 dans le cadre du processus de modernisation culturelle qui a suivi les r\u00e9formes Tanzimat. Il enregistre et \u00e9value, sur la base de sources de premi\u00e8re main, les \u00e9tapes de formation de l&rsquo;universit\u00e9 depuis sa conception jusqu&rsquo;\u00e0 son institution en tant qu&rsquo;Universit\u00e9 d&rsquo;Istanbul. C&rsquo;est le r\u00e9sultat de nombreuses ann\u00e9es de recherche du professeur Ekmeleddin \u0130hsano\u011flu, historien des sciences et de l&rsquo;\u00e9ducation dans le monde ottoman. La cr\u00e9ation d\u2019une universit\u00e9 de type europ\u00e9en repr\u00e9sentait une transformation de la vie culturelle et \u00e9ducative ottomane. Outre le renforcement des structures juridiques, administratives et financi\u00e8res de l\u2019universit\u00e9, cela a n\u00e9cessit\u00e9 des d\u00e9cisions politiques sur des sujets tels que le mod\u00e8le universitaire \u00e0 suivre, les programmes d\u2019\u00e9tudes et le corps professoral. Le pr\u00e9sent travail passe en revue le processus de mani\u00e8re approfondie.<\/p>\n<p>Il est organis\u00e9 en trois livres r\u00e9partis en deux volumes. Le premier livre examine l&rsquo;\u00e9mergence de l&rsquo;id\u00e9e de l&rsquo;universit\u00e9 moderne \u00e0 partir de la p\u00e9riode du Tanzimat et sa cr\u00e9ation apr\u00e8s trois tentatives, et analyse son \u00e9volution par \u00e9tapes, jusqu&rsquo;\u00e0 la r\u00e9forme universitaire de 1933. Le deuxi\u00e8me livre examine le d\u00e9veloppement du Dar\u00fclf\u00fcnun \u00e0 la lumi\u00e8re de l&rsquo;\u00e9volution des concepts et des tendances de la vie culturelle, sociale et scientifique. Quant au troisi\u00e8me, il d\u00e9crit en d\u00e9tail le d\u00e9veloppement de chacune des Facult\u00e9s des Sciences, des Lettres, de Th\u00e9ologie, de Droit et de M\u00e9decine en ce qui concerne leurs programmes, leurs professeurs, leurs instituts affili\u00e9s et leurs activit\u00e9s.<\/p>\n","protected":false},"excerpt":{"rendered":"<p>IRCICA, Istanbul, 2010<br \/>\n2 volumes, 1126 pp., ill.<\/p>\n","protected":false},"featured_media":26421,"template":"","meta":{"_acf_changed":false,"_mi_skip_tracking":false},"product_cat":[185],"product_tag":[],"class_list":{"0":"post-26428","1":"product","2":"type-product","3":"status-publish","4":"has-post-thumbnail","6":"product_cat-histoire-des-sciences","8":"first","9":"instock","10":"shipping-taxable","11":"product-type-simple"},"acf":[],"aioseo_notices":[],"_links":{"self":[{"href":"https:\/\/www.ircica.org\/fr\/wp-json\/wp\/v2\/product\/26428","targetHints":{"allow":["GET"]}}],"collection":[{"href":"https:\/\/www.ircica.org\/fr\/wp-json\/wp\/v2\/product"}],"about":[{"href":"https:\/\/www.ircica.org\/fr\/wp-json\/wp\/v2\/types\/product"}],"wp:featuredmedia":[{"embeddable":true,"href":"https:\/\/www.ircica.org\/fr\/wp-json\/wp\/v2\/media\/26421"}],"wp:attachment":[{"href":"https:\/\/www.ircica.org\/fr\/wp-json\/wp\/v2\/media?parent=26428"}],"wp:term":[{"taxonomy":"product_cat","embeddable":true,"href":"https:\/\/www.ircica.org\/fr\/wp-json\/wp\/v2\/product_cat?post=26428"},{"taxonomy":"product_tag","embeddable":true,"href":"https:\/\/www.ircica.org\/fr\/wp-json\/wp\/v2\/product_tag?post=26428"}],"curies":[{"name":"wp","href":"https:\/\/api.w.org\/{rel}","templated":true}]}}