{"id":26450,"date":"1994-12-11T10:52:46","date_gmt":"1994-12-11T08:52:46","guid":{"rendered":"https:\/\/www.ircica.org\/publications\/non%20class\u00e9\/a-short-history-of-turkish-islamic-states-excluding-the-ottoman-state"},"modified":"2024-10-11T11:01:44","modified_gmt":"2024-10-11T08:01:44","slug":"a-short-history-of-turkish-islamic-states-excluding-the-ottoman-state","status":"publish","type":"product","link":"https:\/\/www.ircica.org\/fr\/publications\/histoire-de-la-civilisation-islamique\/une-breve-histoire-des-etats-turcs-islamiques-a-lexclusion-de-letat-ottoman","title":{"rendered":"Une br\u00e8ve histoire des \u00c9tats turcs-islamiques (\u00e0 l\u2019exclusion de l\u2019\u00c9tat ottoman)"},"content":{"rendered":"<p>Cet ouvrage collectif r\u00e9dig\u00e9 par d&rsquo;\u00e9minents historiens avait \u00e9t\u00e9 coordonn\u00e9 par l\u2019IRCICA. Il donne un aper\u00e7u de l&rsquo;histoire des turcs musulmans, en commen\u00e7ant par une br\u00e8ve histoire des p\u00e9riodes pr\u00e9 islamiques et en excluant l&rsquo;\u00c9tat ottoman. Il s&rsquo;agit du premier ouvrage publi\u00e9 dans le cadre du programme de recherche de l&rsquo;IRCICA sur l&rsquo;histoire des nations musulmanes. Le premier chapitre sur l&rsquo;histoire et la civilisation turque pr\u00e9-islamique est suivi de chapitres sur l&rsquo;adoption de l&rsquo;islam par les turcs, les premi\u00e8res dynasties musulmanes-turques, les Karahanides, les Gaznawids, l\u2019\u00c9tat seldjoukide, les Seldjoukides de Syrie, d&rsquo;Anatolie, d&rsquo;Irak et Kirman, les Harizmshahs, les Atabegs d&rsquo;Azerba\u00efdjan, les principaut\u00e9s anatoliennes, les \u00e9tats turcs en Inde, la dynastie Baburid et les \u00e9tats turcs-islamiques d&rsquo;Asie centrale. Chaque chapitre d\u00e9crit l&rsquo;histoire politique et sociale de ces \u00e9tats, ainsi que leurs caract\u00e9ristiques telles que l&rsquo;organisation administrative, l&rsquo;administration judiciaire et militaire, les travaux publics, la culture, la politique religieuse et la science. Le livre a \u00e9t\u00e9 publi\u00e9 avec le soutien du Conseil supr\u00eame d&rsquo;Atat\u00fcrk pour la culture, la langue et l&rsquo;histoire, \u00e0 Ankara.<\/p>\n","protected":false},"excerpt":{"rendered":"<p>en anglais<br \/>\npar Ibrahim Kafeso\u011flu, Hakki Dursun Yildiz, Erdo\u011fan Mer\u00e7il et Mehmet Saray<br \/>\ntraduit vers l\u2019anglais par Ahmet Edip Uysal<br \/>\nIRCICA, Ankara, 1994, XIV+394+9+32 p.<\/p>\n","protected":false},"featured_media":26447,"template":"","meta":{"_acf_changed":false,"_mi_skip_tracking":false},"product_cat":[164],"product_tag":[],"class_list":{"0":"post-26450","1":"product","2":"type-product","3":"status-publish","4":"has-post-thumbnail","6":"product_cat-histoire-de-la-civilisation-islamique","8":"first","9":"instock","10":"shipping-taxable","11":"product-type-simple"},"acf":[],"aioseo_notices":[],"_links":{"self":[{"href":"https:\/\/www.ircica.org\/fr\/wp-json\/wp\/v2\/product\/26450","targetHints":{"allow":["GET"]}}],"collection":[{"href":"https:\/\/www.ircica.org\/fr\/wp-json\/wp\/v2\/product"}],"about":[{"href":"https:\/\/www.ircica.org\/fr\/wp-json\/wp\/v2\/types\/product"}],"wp:featuredmedia":[{"embeddable":true,"href":"https:\/\/www.ircica.org\/fr\/wp-json\/wp\/v2\/media\/26447"}],"wp:attachment":[{"href":"https:\/\/www.ircica.org\/fr\/wp-json\/wp\/v2\/media?parent=26450"}],"wp:term":[{"taxonomy":"product_cat","embeddable":true,"href":"https:\/\/www.ircica.org\/fr\/wp-json\/wp\/v2\/product_cat?post=26450"},{"taxonomy":"product_tag","embeddable":true,"href":"https:\/\/www.ircica.org\/fr\/wp-json\/wp\/v2\/product_tag?post=26450"}],"curies":[{"name":"wp","href":"https:\/\/api.w.org\/{rel}","templated":true}]}}