{"id":26458,"date":"2004-08-24T00:00:00","date_gmt":"2004-08-23T21:00:00","guid":{"rendered":"https:\/\/www.ircica.org\/publications\/non%20class\u00e9\/a-culture-of-peaceful-coexistence-early-islamic-and-ottoman-turkish-examples-2004"},"modified":"2024-10-11T11:13:57","modified_gmt":"2024-10-11T08:13:57","slug":"a-culture-of-peaceful-coexistence-early-islamic-and-ottoman-turkish-examples-2004","status":"publish","type":"product","link":"https:\/\/www.ircica.org\/fr\/publications\/relations-interculturelles\/une-culture-de-coexistence-pacifique-de-premiers-exemples-islamiques-et-turcs-ottomans","title":{"rendered":"Une culture de coexistence pacifique : de premiers exemples islamiques et turcs-ottomans"},"content":{"rendered":"<p>Cette publication traite de la culture islamique de coexistence pacifique et se concentre sur l\u2019histoire du monde islamique, en particulier la p\u00e9riode ottomane. Dans le chapitre d\u2019introduction, l\u2019auteur traite du cadre conceptuel et de la philosophie derri\u00e8re le pluralisme religieux et culturel dans la tradition islamique. Le chapitre suivant d\u00e9montre l\u2019attitude tol\u00e9rante de l\u2019Islam envers les juifs et les chr\u00e9tiens (Ahl al-Kitab) et d\u2019autres communaut\u00e9s de croyance telles que les zoroastriens, les hindous, les bouddhistes, etc. sur la base d\u2019exemples, notamment la Constitution de M\u00e9dine promulgu\u00e9e par le proph\u00e8te Mohammed.<sup>saw<\/sup>. Viennent ensuite des exemples de pluralisme au cours de la p\u00e9riode des quatre califes et les opinions des principales \u00e9coles de jurisprudence islamique sur le sujet. Les chapitres suivants traitent de questions telles que les responsabilit\u00e9s des non-musulmans (le paiement de la jizyah, du kharaj et de la taxe professionnelle en tant qu\u2019obligations financi\u00e8res)\u00a0; une discussion du syst\u00e8me des <em>millet<\/em> et de son application \u00e0 diff\u00e9rentes p\u00e9riodes de la domination ottomane \u00e0 travers des exemples\u00a0; les d\u00e9veloppements survenus apr\u00e8s la d\u00e9claration du rescrit imp\u00e9rial du Tanzimat en 1839, ainsi que l\u2019\u00e9volution des droits des non-musulmans. Le dernier chapitre de l\u2019ouvrage pr\u00e9sente trois cas de pluralisme religieux et culturel et de coexistence pacifique \u00e0 Istanbul\u00a0: le complexe de la Dar\u00fclaceze (refuge pour les pauvres) et les quartiers de Kuzguncuk et d\u2019Ortak\u00f6y o\u00f9 se c\u00f4toient des \u00e9difices religieux de peuples de confessions diff\u00e9rentes. L\u2019ouvrage compte un total de 26 illustrations en couleur et en noir et blanc.<\/p>\n","protected":false},"excerpt":{"rendered":"<p>par Ekmeleddin \u0130hsano\u011flu<br \/>\nIstanbul, 2004, 72 p.<\/p>\n","protected":false},"featured_media":26455,"template":"","meta":{"_acf_changed":false,"_mi_skip_tracking":false},"product_cat":[170],"product_tag":[],"class_list":{"0":"post-26458","1":"product","2":"type-product","3":"status-publish","4":"has-post-thumbnail","6":"product_cat-relations-interculturelles","8":"first","9":"instock","10":"shipping-taxable","11":"product-type-simple"},"acf":[],"aioseo_notices":[],"_links":{"self":[{"href":"https:\/\/www.ircica.org\/fr\/wp-json\/wp\/v2\/product\/26458","targetHints":{"allow":["GET"]}}],"collection":[{"href":"https:\/\/www.ircica.org\/fr\/wp-json\/wp\/v2\/product"}],"about":[{"href":"https:\/\/www.ircica.org\/fr\/wp-json\/wp\/v2\/types\/product"}],"wp:featuredmedia":[{"embeddable":true,"href":"https:\/\/www.ircica.org\/fr\/wp-json\/wp\/v2\/media\/26455"}],"wp:attachment":[{"href":"https:\/\/www.ircica.org\/fr\/wp-json\/wp\/v2\/media?parent=26458"}],"wp:term":[{"taxonomy":"product_cat","embeddable":true,"href":"https:\/\/www.ircica.org\/fr\/wp-json\/wp\/v2\/product_cat?post=26458"},{"taxonomy":"product_tag","embeddable":true,"href":"https:\/\/www.ircica.org\/fr\/wp-json\/wp\/v2\/product_tag?post=26458"}],"curies":[{"name":"wp","href":"https:\/\/api.w.org\/{rel}","templated":true}]}}