{"id":26466,"date":"1999-12-24T00:00:00","date_gmt":"1999-12-23T22:00:00","guid":{"rendered":"https:\/\/www.ircica.org\/publications\/non%20class\u00e9\/studies-on-ottoman-economic-and-social-history"},"modified":"2024-10-11T11:34:14","modified_gmt":"2024-10-11T08:34:14","slug":"studies-on-ottoman-economic-and-social-history","status":"publish","type":"product","link":"https:\/\/www.ircica.org\/fr\/publications\/etat-ottoman-et-sa-civilisation\/etudes-sur-lhistoire-economique-et-sociale-ottomane","title":{"rendered":"\u00c9tudes sur l&rsquo;histoire \u00e9conomique et sociale ottomane"},"content":{"rendered":"<p>Ce volume contient sept articles du professeur Halil Sahillio\u011flu, une autorit\u00e9 bien connue en mati\u00e8re d&rsquo;histoire \u00e9conomique et sociale ottomane dont le d\u00e9c\u00e8s en 2012 a \u00e9t\u00e9 une grande perte pour les domaines de recherche concern\u00e9s. Les articles, pr\u00e9c\u00e9demment publi\u00e9s dans divers livres et revues, ont \u00e9t\u00e9 r\u00e9vis\u00e9s par l&rsquo;auteur pour cette publication. La plupart d\u2019entre eux se concentrent sur des ph\u00e9nom\u00e8nes p\u00e9riodiques \u00e9troitement li\u00e9s \u00e0 la structure de l\u2019\u00e9conomie ottomane et \u00e0 l\u2019histoire de la soci\u00e9t\u00e9, tels que les probl\u00e8mes de monnaie et de circulation, les techniques de monnayage, les revenus et d\u00e9penses du tr\u00e9sor, et divers autres th\u00e8mes.<\/p>\n","protected":false},"excerpt":{"rendered":"<p>par Halil Sahillio\u011flu<br \/>\nIstanbul, 1999 (en anglais)<\/p>\n","protected":false},"featured_media":26463,"template":"","meta":{"_acf_changed":false,"_mi_skip_tracking":false},"product_cat":[367],"product_tag":[],"class_list":{"0":"post-26466","1":"product","2":"type-product","3":"status-publish","4":"has-post-thumbnail","6":"product_cat-etat-ottoman-et-sa-civilisation","8":"first","9":"instock","10":"shipping-taxable","11":"product-type-simple"},"acf":[],"aioseo_notices":[],"_links":{"self":[{"href":"https:\/\/www.ircica.org\/fr\/wp-json\/wp\/v2\/product\/26466","targetHints":{"allow":["GET"]}}],"collection":[{"href":"https:\/\/www.ircica.org\/fr\/wp-json\/wp\/v2\/product"}],"about":[{"href":"https:\/\/www.ircica.org\/fr\/wp-json\/wp\/v2\/types\/product"}],"wp:featuredmedia":[{"embeddable":true,"href":"https:\/\/www.ircica.org\/fr\/wp-json\/wp\/v2\/media\/26463"}],"wp:attachment":[{"href":"https:\/\/www.ircica.org\/fr\/wp-json\/wp\/v2\/media?parent=26466"}],"wp:term":[{"taxonomy":"product_cat","embeddable":true,"href":"https:\/\/www.ircica.org\/fr\/wp-json\/wp\/v2\/product_cat?post=26466"},{"taxonomy":"product_tag","embeddable":true,"href":"https:\/\/www.ircica.org\/fr\/wp-json\/wp\/v2\/product_tag?post=26466"}],"curies":[{"name":"wp","href":"https:\/\/api.w.org\/{rel}","templated":true}]}}