{"id":26474,"date":"1998-12-24T00:00:00","date_gmt":"1998-12-23T22:00:00","guid":{"rendered":"https:\/\/www.ircica.org\/publications\/non%20class\u00e9\/erzurum-in-gravures-and-old-photographs-1998"},"modified":"2024-10-11T11:50:17","modified_gmt":"2024-10-11T08:50:17","slug":"erzurum-in-gravures-and-old-photographs-1998","status":"publish","type":"product","link":"https:\/\/www.ircica.org\/fr\/publications\/photographies-historiques\/erzurum-dans-les-gravures-et-anciennes-photographies","title":{"rendered":"Erzurum dans les gravures et anciennes photographies"},"content":{"rendered":"<p>Erzurum est une ville historique \u00e0 l&rsquo;est de l&rsquo;Anatolie, une escale et un incontournable culturel pour les voyageurs, les arch\u00e9ologues et les chercheurs. Cet album contient 95 miniatures, gravures et photographies historiques de la ville. Ces mat\u00e9riaux visuels ont une grande valeur artistique, historique et documentaire.<\/p>\n","protected":false},"excerpt":{"rendered":"<p>Pr\u00e9par\u00e9 par Erol K\u0131l\u0131\u00e7<br \/>\nPubli\u00e9 par l\u2019Universit\u00e9 Atat\u00fcrk d\u2019Erzurum et l\u2019IRCICA<br \/>\nIstanbul, 1998<\/p>\n","protected":false},"featured_media":26471,"template":"","meta":{"_acf_changed":false,"_mi_skip_tracking":false},"product_cat":[169],"product_tag":[],"class_list":{"0":"post-26474","1":"product","2":"type-product","3":"status-publish","4":"has-post-thumbnail","6":"product_cat-photographies-historiques","8":"first","9":"instock","10":"shipping-taxable","11":"product-type-simple"},"acf":[],"aioseo_notices":[],"_links":{"self":[{"href":"https:\/\/www.ircica.org\/fr\/wp-json\/wp\/v2\/product\/26474","targetHints":{"allow":["GET"]}}],"collection":[{"href":"https:\/\/www.ircica.org\/fr\/wp-json\/wp\/v2\/product"}],"about":[{"href":"https:\/\/www.ircica.org\/fr\/wp-json\/wp\/v2\/types\/product"}],"wp:featuredmedia":[{"embeddable":true,"href":"https:\/\/www.ircica.org\/fr\/wp-json\/wp\/v2\/media\/26471"}],"wp:attachment":[{"href":"https:\/\/www.ircica.org\/fr\/wp-json\/wp\/v2\/media?parent=26474"}],"wp:term":[{"taxonomy":"product_cat","embeddable":true,"href":"https:\/\/www.ircica.org\/fr\/wp-json\/wp\/v2\/product_cat?post=26474"},{"taxonomy":"product_tag","embeddable":true,"href":"https:\/\/www.ircica.org\/fr\/wp-json\/wp\/v2\/product_tag?post=26474"}],"curies":[{"name":"wp","href":"https:\/\/api.w.org\/{rel}","templated":true}]}}