{"id":26482,"date":"2019-05-11T11:54:59","date_gmt":"2019-05-11T08:54:59","guid":{"rendered":"https:\/\/www.ircica.org\/publications\/non%20class\u00e9\/the-3rd-session-of-the-tabriz-international-award-for-innovation-and-creativity-in-crafts"},"modified":"2024-10-11T12:54:46","modified_gmt":"2024-10-11T09:54:46","slug":"the-3rd-session-of-the-tabriz-international-award-for-innovation-and-creativity-in-crafts","status":"publish","type":"product","link":"https:\/\/www.ircica.org\/fr\/publications\/arts-artisanats\/troisieme-session-du-prix-international-de-tabriz-pour-linnovation-et-la-creativite-dans-lartisanat-album-des-oeuvres-primees","title":{"rendered":"Troisi\u00e8me session du \u00abPrix international de Tabriz pour l&rsquo;innovation et la cr\u00e9ativit\u00e9 dans l&rsquo;artisanat &#8211; Album des \u0153uvres prim\u00e9es"},"content":{"rendered":"<p>Cet ouvrage contient des images et des informations sur les oeuvres aryisanales prim\u00e9es au concours du \u00ab Prix international de Tabriz pour l&rsquo;innovation et la cr\u00e9ativit\u00e9 dans l&rsquo;artisanat \u00bb conduit durant le Troisi\u00e8me Festival international des arts, de l\u2019artisanat et de la cr\u00e9ativit\u00e9 de Tabriz qui avait \u00e9t\u00e9 organis\u00e9 par l&rsquo;IRCICA, l&rsquo;Universit\u00e9 des Arts Islamiques de Tabriz, et l&rsquo;Organisation de la Culture et des Relations islamiques du Minist\u00e8re de la Culture et de l&rsquo;Orientation Islamique d&rsquo;Iran, du 7 au 12 mai 2017. Le programme du festival comprenait aussi le \u00ab Congr\u00e8s international sur l\u2019artisanat et les arts du monde musulman avec accent particulier sur la miniature, la fabrication de papier, la reliure et l&rsquo;Ebru\u00a0\u00bb tenu du 4 au 6 mai 2017.<\/p>\n","protected":false},"excerpt":{"rendered":"<p>IRCICA, 2019<\/p>\n","protected":false},"featured_media":26479,"template":"","meta":{"_acf_changed":false,"_mi_skip_tracking":false},"product_cat":[189],"product_tag":[],"class_list":{"0":"post-26482","1":"product","2":"type-product","3":"status-publish","4":"has-post-thumbnail","6":"product_cat-arts-artisanats","8":"first","9":"instock","10":"shipping-taxable","11":"product-type-simple"},"acf":[],"aioseo_notices":[],"_links":{"self":[{"href":"https:\/\/www.ircica.org\/fr\/wp-json\/wp\/v2\/product\/26482","targetHints":{"allow":["GET"]}}],"collection":[{"href":"https:\/\/www.ircica.org\/fr\/wp-json\/wp\/v2\/product"}],"about":[{"href":"https:\/\/www.ircica.org\/fr\/wp-json\/wp\/v2\/types\/product"}],"wp:featuredmedia":[{"embeddable":true,"href":"https:\/\/www.ircica.org\/fr\/wp-json\/wp\/v2\/media\/26479"}],"wp:attachment":[{"href":"https:\/\/www.ircica.org\/fr\/wp-json\/wp\/v2\/media?parent=26482"}],"wp:term":[{"taxonomy":"product_cat","embeddable":true,"href":"https:\/\/www.ircica.org\/fr\/wp-json\/wp\/v2\/product_cat?post=26482"},{"taxonomy":"product_tag","embeddable":true,"href":"https:\/\/www.ircica.org\/fr\/wp-json\/wp\/v2\/product_tag?post=26482"}],"curies":[{"name":"wp","href":"https:\/\/api.w.org\/{rel}","templated":true}]}}