{"id":26491,"date":"2011-12-30T00:00:00","date_gmt":"2011-12-29T22:00:00","guid":{"rendered":"https:\/\/www.ircica.org\/publications\/non%20class\u00e9\/proceedings-of-the-first-international-congress-on-islamic-archaeology"},"modified":"2024-10-11T16:31:57","modified_gmt":"2024-10-11T13:31:57","slug":"proceedings-of-the-first-international-congress-on-islamic-archaeology","status":"publish","type":"product","link":"https:\/\/www.ircica.org\/fr\/publications\/patrimoine-culturel-et-architectural\/actes-du-premier-congres-international-darcheologie-islamique","title":{"rendered":"Actes du premier congr\u00e8s international d&rsquo;arch\u00e9ologie islamique"},"content":{"rendered":"<p>Ce livre contient les documents du premier congr\u00e8s international d&rsquo;arch\u00e9ologie islamique organis\u00e9 par l&rsquo;IRCICA dans ses locaux au Palais de Y\u0131d\u0131z en 2005. Il s&rsquo;agissait d&rsquo;un congr\u00e8s \u00e0 grande \u00e9chelle tenu sous le patronage de S.E. Recep Tayyip Erdo\u011fan, pr\u00e9sident de la Turquie, alors Premier ministre, en pr\u00e9sence de sp\u00e9cialistes du monde entier travaillant sur l&rsquo;arch\u00e9ologie de diff\u00e9rentes r\u00e9gions et p\u00e9riodes du monde musulman. Le congr\u00e8s visait \u00e0 promouvoir les \u00e9tudes sur \u00ab l\u2019arch\u00e9ologie islamique \u00bb en tant que p\u00e9riode et sujet distinct au sein de la discipline. Le livre commence par les textes des discours prononc\u00e9s lors de la c\u00e9r\u00e9monie d&rsquo;ouverture, notamment ceux du Premier ministre et du Secr\u00e9taire g\u00e9n\u00e9ral de l&rsquo;OCI, Prof. Ekmeleddin \u0130hsano\u011flu. Les pr\u00e9sentations du congr\u00e8s sont regroup\u00e9es en deux parties intitul\u00e9es \u00ab Recherches sur place et fouilles \u00bb et \u00ab Recherches, perspectives en arch\u00e9ologie islamique \u00bb. Les articles traitent de l&rsquo;\u00e9tat et des r\u00e9sultats des recherches et des fouilles dans diff\u00e9rents pays et r\u00e9gions et communiquent les r\u00e9sultats d&rsquo;\u00e9tudes sur des sites arch\u00e9ologiques particuliers datant de diff\u00e9rentes p\u00e9riodes. \u00c0 la fin du livre se trouvent les recommandations formul\u00e9es par les participants pour le d\u00e9veloppement des \u00e9tudes dans ce domaine. La plus grande partie de l\u2019ouvrage est en anglais.<\/p>\n","protected":false},"excerpt":{"rendered":"<p>Istanbul, 2011<\/p>\n","protected":false},"featured_media":26488,"template":"","meta":{"_acf_changed":false,"_mi_skip_tracking":false},"product_cat":[173],"product_tag":[],"class_list":{"0":"post-26491","1":"product","2":"type-product","3":"status-publish","4":"has-post-thumbnail","6":"product_cat-patrimoine-culturel-et-architectural","8":"first","9":"instock","10":"shipping-taxable","11":"product-type-simple"},"acf":[],"aioseo_notices":[],"_links":{"self":[{"href":"https:\/\/www.ircica.org\/fr\/wp-json\/wp\/v2\/product\/26491","targetHints":{"allow":["GET"]}}],"collection":[{"href":"https:\/\/www.ircica.org\/fr\/wp-json\/wp\/v2\/product"}],"about":[{"href":"https:\/\/www.ircica.org\/fr\/wp-json\/wp\/v2\/types\/product"}],"wp:featuredmedia":[{"embeddable":true,"href":"https:\/\/www.ircica.org\/fr\/wp-json\/wp\/v2\/media\/26488"}],"wp:attachment":[{"href":"https:\/\/www.ircica.org\/fr\/wp-json\/wp\/v2\/media?parent=26491"}],"wp:term":[{"taxonomy":"product_cat","embeddable":true,"href":"https:\/\/www.ircica.org\/fr\/wp-json\/wp\/v2\/product_cat?post=26491"},{"taxonomy":"product_tag","embeddable":true,"href":"https:\/\/www.ircica.org\/fr\/wp-json\/wp\/v2\/product_tag?post=26491"}],"curies":[{"name":"wp","href":"https:\/\/api.w.org\/{rel}","templated":true}]}}