{"id":26500,"date":"2000-08-24T00:00:00","date_gmt":"2000-08-23T21:00:00","guid":{"rendered":"https:\/\/www.ircica.org\/publications\/non%20class\u00e9\/%d9%85%d9%86-%d8%aa%d8%a7%d8%b1%d9%8a%d8%ae-%d8%a7%d9%84%d8%a7%d9%82%d8%b7%d8%a7%d8%b1-%d8%a7%d9%84%d8%b9%d8%b1%d8%a8%d9%8a%d8%a9-%d9%81%d9%8a-%d8%a7%d9%84%d8%b9%d9%87%d8%af-%d8%a7%d9%84%d8%b9%d8%ab"},"modified":"2024-10-14T09:56:34","modified_gmt":"2024-10-14T06:56:34","slug":"%d9%85%d9%86-%d8%aa%d8%a7%d8%b1%d9%8a%d8%ae-%d8%a7%d9%84%d8%a7%d9%82%d8%b7%d8%a7%d8%b1-%d8%a7%d9%84%d8%b9%d8%b1%d8%a8%d9%8a%d8%a9-%d9%81%d9%8a-%d8%a7%d9%84%d8%b9%d9%87%d8%af-%d8%a7%d9%84%d8%b9%d8%ab","status":"publish","type":"product","link":"https:\/\/www.ircica.org\/fr\/publications\/etat-ottoman-et-sa-civilisation\/de-lhistoire-des-pays-arabes-a-lepoque-ottomane-etudes-documents-et-lois","title":{"rendered":"De l\u2019histoire des pays arabes \u00e0 l\u2019\u00e9poque ottomane: \u00e9tudes, documents et lois"},"content":{"rendered":"<p>Cet ouvrage est un recueil d&rsquo;articles r\u00e9dig\u00e9s en arabe par le professeur Halil Sahillio\u011flu, un sp\u00e9cialiste renomm\u00e9 de l&rsquo;histoire administrative, \u00e9conomique et financi\u00e8re ottomane qui a contribu\u00e9 grandement \u00e0 ces domaines d&rsquo;\u00e9tudes. Les articles sont enrichis par l\u2019ajout de plusieurs documents d&rsquo;archives originaux.<\/p>\n","protected":false},"excerpt":{"rendered":"<p>par Halil Sahillio\u011flu<br \/>\nIRCICA, Istanbul, 2000 (en arabe)<br \/>\n718 p. (S\u00e9rie d\u2019histoire et de civilisation ottomanes\u00b8 no. 4)<\/p>\n","protected":false},"featured_media":26497,"template":"","meta":{"_acf_changed":false,"_mi_skip_tracking":false},"product_cat":[367],"product_tag":[],"class_list":{"0":"post-26500","1":"product","2":"type-product","3":"status-publish","4":"has-post-thumbnail","6":"product_cat-etat-ottoman-et-sa-civilisation","8":"first","9":"instock","10":"shipping-taxable","11":"product-type-simple"},"acf":[],"aioseo_notices":[],"_links":{"self":[{"href":"https:\/\/www.ircica.org\/fr\/wp-json\/wp\/v2\/product\/26500","targetHints":{"allow":["GET"]}}],"collection":[{"href":"https:\/\/www.ircica.org\/fr\/wp-json\/wp\/v2\/product"}],"about":[{"href":"https:\/\/www.ircica.org\/fr\/wp-json\/wp\/v2\/types\/product"}],"wp:featuredmedia":[{"embeddable":true,"href":"https:\/\/www.ircica.org\/fr\/wp-json\/wp\/v2\/media\/26497"}],"wp:attachment":[{"href":"https:\/\/www.ircica.org\/fr\/wp-json\/wp\/v2\/media?parent=26500"}],"wp:term":[{"taxonomy":"product_cat","embeddable":true,"href":"https:\/\/www.ircica.org\/fr\/wp-json\/wp\/v2\/product_cat?post=26500"},{"taxonomy":"product_tag","embeddable":true,"href":"https:\/\/www.ircica.org\/fr\/wp-json\/wp\/v2\/product_tag?post=26500"}],"curies":[{"name":"wp","href":"https:\/\/api.w.org\/{rel}","templated":true}]}}