{"id":26508,"date":"2003-12-24T00:00:00","date_gmt":"2003-12-23T22:00:00","guid":{"rendered":"https:\/\/www.ircica.org\/publications\/non%20class\u00e9\/aciklamali-husn-i-hat-bibliyografyasi-annotated-bibliography-of-calligraphy"},"modified":"2024-10-14T10:55:48","modified_gmt":"2024-10-14T07:55:48","slug":"aciklamali-husn-i-hat-bibliyografyasi-annotated-bibliography-of-calligraphy","status":"publish","type":"product","link":"https:\/\/www.ircica.org\/fr\/publications\/bibliographies-catalogues\/bibliographie-annotee-sur-la-calligraphie","title":{"rendered":"Bibliographie annot\u00e9e sur la calligraphie"},"content":{"rendered":"<p>Ce livre contient une vaste bibliographie de souces manuscrites, de livres, d&rsquo;articles et de chapitres de livres au sujet de l&rsquo;art de la calligraphie, publi\u00e9s en Turquie et ailleurs. Il contient un avant-propos du professeur Ekmeleddin \u0130hsano\u011flu, la pr\u00e9face de l&rsquo;auteur, et une introduction de l&rsquo;expert en calligraphie, le professeur M. U\u011fur Derman. La bibliographie est connue comme la plus compl\u00e8te disponible dans son domaine. Il refl\u00e8te l\u2019\u00e9rudition m\u00e9ticuleuse du professeur Ali Haydar Bayat (d\u00e9c\u00e9d\u00e9 en 2006), m\u00e9decin, chef du d\u00e9partement d\u2019histoire de la m\u00e9decine et de d\u00e9ontologie de l\u2019Universit\u00e9 d\u2019Ege d\u2019Izmir, qui a \u00e9galement \u00e9t\u00e9 directeur du Conservatoire national de musique turque de la m\u00eame universit\u00e9. Ses publications comprennent un grand nombre d\u2019\u00e9tudes approfondies sur l\u2019histoire de la m\u00e9decine et l\u2019histoire de l\u2019art.<\/p>\n","protected":false},"excerpt":{"rendered":"<p>Manuscrits \u2013 livres \u2013 articles \u2013 chapitres de livres sur la calligraphie \u2013 ouvrages publi\u00e9s dans d\u2019autres pays<br \/>\nPar Ali Haydar Bayat<br \/>\nIRCICA, Istanbul 2002 (en turc)<\/p>\n","protected":false},"featured_media":26505,"template":"","meta":{"_acf_changed":false,"_mi_skip_tracking":false},"product_cat":[189,183],"product_tag":[],"class_list":{"0":"post-26508","1":"product","2":"type-product","3":"status-publish","4":"has-post-thumbnail","6":"product_cat-arts-artisanats","7":"product_cat-bibliographies-catalogues-3","9":"first","10":"instock","11":"shipping-taxable","12":"product-type-simple"},"acf":[],"aioseo_notices":[],"_links":{"self":[{"href":"https:\/\/www.ircica.org\/fr\/wp-json\/wp\/v2\/product\/26508","targetHints":{"allow":["GET"]}}],"collection":[{"href":"https:\/\/www.ircica.org\/fr\/wp-json\/wp\/v2\/product"}],"about":[{"href":"https:\/\/www.ircica.org\/fr\/wp-json\/wp\/v2\/types\/product"}],"wp:featuredmedia":[{"embeddable":true,"href":"https:\/\/www.ircica.org\/fr\/wp-json\/wp\/v2\/media\/26505"}],"wp:attachment":[{"href":"https:\/\/www.ircica.org\/fr\/wp-json\/wp\/v2\/media?parent=26508"}],"wp:term":[{"taxonomy":"product_cat","embeddable":true,"href":"https:\/\/www.ircica.org\/fr\/wp-json\/wp\/v2\/product_cat?post=26508"},{"taxonomy":"product_tag","embeddable":true,"href":"https:\/\/www.ircica.org\/fr\/wp-json\/wp\/v2\/product_tag?post=26508"}],"curies":[{"name":"wp","href":"https:\/\/api.w.org\/{rel}","templated":true}]}}