{"id":26516,"date":"2013-10-14T11:04:40","date_gmt":"2013-10-14T08:04:40","guid":{"rendered":"https:\/\/www.ircica.org\/publications\/non%20class\u00e9\/proceedings-of-the-international-symposium-on-islamic-civilisation-in-south-asia"},"modified":"2024-10-14T11:12:09","modified_gmt":"2024-10-14T08:12:09","slug":"proceedings-of-the-international-symposium-on-islamic-civilisation-in-south-asia","status":"publish","type":"product","link":"https:\/\/www.ircica.org\/fr\/publications\/histoire-de-la-civilisation-islamique\/asie\/asie-du-sud-asie-du-sud-est\/actes-du-symposium-international-sur-la-civilisation-islamique-en-asie-du-sud","title":{"rendered":"Actes du Symposium international sur la civilisation islamique en Asie du Sud"},"content":{"rendered":"<p>Le symposium sur \u00ab La civilisation islamique en Asie du Sud \u00bb a \u00e9t\u00e9 co-organis\u00e9 par le Minist\u00e8re des Affaires \u00e9trang\u00e8res de la R\u00e9publique populaire du Bangladesh et l&rsquo;IRCICA en association avec l&rsquo;Universit\u00e9 de Dhaka, et s&rsquo;est tenu \u00e0 Dhaka du 16 au 18 novembre 2008. Le symposium a \u00e9t\u00e9 une excellente occasion d&rsquo;\u00e9valuer et d&rsquo;enrichir davantage les \u00e9tudes ax\u00e9es sur l&rsquo;histoire et le patrimoine de la culture et de la civilisation islamiques en Asie du Sud. Des documents de recherche ont \u00e9t\u00e9 pr\u00e9sent\u00e9s sur des collections de manuscrits et d&rsquo;ouvrages imprim\u00e9s sur les sciences religieuses et scientifiques islamiques, y compris des copies et des traductions du Saint Coran ; des inscriptions architecturales ; des \u0153uvres d&rsquo;art et mat\u00e9riaux arch\u00e9ologiques. L&rsquo;\u00e9volution de l&rsquo;ourdou en tant que langue d&rsquo;apprentissage et de litt\u00e9rature au fil des si\u00e8cles a \u00e9t\u00e9 explor\u00e9e. Le livre contient 17 articles en langue anglaise. La plupart d&rsquo;entre eux abordent des sujets li\u00e9s \u00e0 l&rsquo;histoire de l&rsquo;Islam dans la r\u00e9gion, \u00e0 la langue, \u00e0 l&rsquo;art et \u00e0 l&rsquo;architecture.<\/p>\n","protected":false},"excerpt":{"rendered":"<p>S\u00e9rie de Sources et \u00e9tudes sur l&rsquo;histoire de la civilisation islamique 29<br \/>\nIRCICA, 2013 (en anglais)<\/p>\n","protected":false},"featured_media":26513,"template":"","meta":{"_acf_changed":false,"_mi_skip_tracking":false},"product_cat":[196],"product_tag":[],"class_list":{"0":"post-26516","1":"product","2":"type-product","3":"status-publish","4":"has-post-thumbnail","6":"product_cat-asie-du-sud-asie-du-sud-est","8":"first","9":"instock","10":"shipping-taxable","11":"product-type-simple"},"acf":[],"aioseo_notices":[],"_links":{"self":[{"href":"https:\/\/www.ircica.org\/fr\/wp-json\/wp\/v2\/product\/26516","targetHints":{"allow":["GET"]}}],"collection":[{"href":"https:\/\/www.ircica.org\/fr\/wp-json\/wp\/v2\/product"}],"about":[{"href":"https:\/\/www.ircica.org\/fr\/wp-json\/wp\/v2\/types\/product"}],"wp:featuredmedia":[{"embeddable":true,"href":"https:\/\/www.ircica.org\/fr\/wp-json\/wp\/v2\/media\/26513"}],"wp:attachment":[{"href":"https:\/\/www.ircica.org\/fr\/wp-json\/wp\/v2\/media?parent=26516"}],"wp:term":[{"taxonomy":"product_cat","embeddable":true,"href":"https:\/\/www.ircica.org\/fr\/wp-json\/wp\/v2\/product_cat?post=26516"},{"taxonomy":"product_tag","embeddable":true,"href":"https:\/\/www.ircica.org\/fr\/wp-json\/wp\/v2\/product_tag?post=26516"}],"curies":[{"name":"wp","href":"https:\/\/api.w.org\/{rel}","templated":true}]}}