{"id":26528,"date":"1994-12-24T00:00:00","date_gmt":"1994-12-23T22:00:00","guid":{"rendered":"https:\/\/www.ircica.org\/publications\/non%20class\u00e9\/views-of-the-islamic-heritage-a-selection-of-winning-works-in-the-international-photography-competition-1994"},"modified":"2024-10-14T12:24:39","modified_gmt":"2024-10-14T09:24:39","slug":"views-of-the-islamic-heritage-a-selection-of-winning-works-in-the-international-photography-competition-1994","status":"publish","type":"product","link":"https:\/\/www.ircica.org\/fr\/publications\/photographies-historiques\/regards-sur-le-patrimoine-islamique-une-selection-doeuvres-gagnantes-du-concours-international-de-photographie-1994","title":{"rendered":"Regards sur le patrimoine islamique : une s\u00e9lection d&rsquo;\u0153uvres gagnantes du concours international de photographie, 1994"},"content":{"rendered":"<p>L&rsquo;IRCICA a servi de Secr\u00e9tariat et d&rsquo;organe ex\u00e9cutif de la Commission internationale pour la pr\u00e9servation du patrimoine culturel islamique (ICPICH), autre organe subsidiaire de l&rsquo;OCI qui a \u00e9t\u00e9 actif de 1983 \u00e0 2000 jusqu&rsquo;\u00e0 son int\u00e9gration avec l&rsquo;IRCICA. \u00c0 ce titre, l&rsquo;IRCICA a organis\u00e9 le Concours international de photographie \u00e0 l&rsquo;occasion de l&rsquo;Ann\u00e9e du patrimoine islamique 1410 H. qui \u00e9tait consacr\u00e9 au th\u00e8me du \u00ab Patrimoine culturel islamique \u00bb : 229 participants de 26 pays ont particip\u00e9 au concours avec un total de 1 500 photographies. 32 photographies et transparents ont \u00e9t\u00e9 prim\u00e9s. Les laur\u00e9ats ont \u00e9t\u00e9 annonc\u00e9s le 31 ao\u00fbt 1989. Cette publication contient les \u0153uvres prim\u00e9es, avec des explications.<\/p>\n","protected":false},"excerpt":{"rendered":"<p>Commission internationale pour la pr\u00e9servation du patrimoine culturel islamique (ICPICH)<br \/>\nIstanbul, 1994 (en arabe, anglais et turc)<\/p>\n","protected":false},"featured_media":26521,"template":"","meta":{"_acf_changed":false,"_mi_skip_tracking":false},"product_cat":[169],"product_tag":[],"class_list":{"0":"post-26528","1":"product","2":"type-product","3":"status-publish","4":"has-post-thumbnail","6":"product_cat-photographies-historiques","8":"first","9":"instock","10":"shipping-taxable","11":"product-type-simple"},"acf":[],"aioseo_notices":[],"_links":{"self":[{"href":"https:\/\/www.ircica.org\/fr\/wp-json\/wp\/v2\/product\/26528","targetHints":{"allow":["GET"]}}],"collection":[{"href":"https:\/\/www.ircica.org\/fr\/wp-json\/wp\/v2\/product"}],"about":[{"href":"https:\/\/www.ircica.org\/fr\/wp-json\/wp\/v2\/types\/product"}],"wp:featuredmedia":[{"embeddable":true,"href":"https:\/\/www.ircica.org\/fr\/wp-json\/wp\/v2\/media\/26521"}],"wp:attachment":[{"href":"https:\/\/www.ircica.org\/fr\/wp-json\/wp\/v2\/media?parent=26528"}],"wp:term":[{"taxonomy":"product_cat","embeddable":true,"href":"https:\/\/www.ircica.org\/fr\/wp-json\/wp\/v2\/product_cat?post=26528"},{"taxonomy":"product_tag","embeddable":true,"href":"https:\/\/www.ircica.org\/fr\/wp-json\/wp\/v2\/product_tag?post=26528"}],"curies":[{"name":"wp","href":"https:\/\/api.w.org\/{rel}","templated":true}]}}