{"id":26536,"date":"2012-12-28T00:00:00","date_gmt":"2012-12-27T22:00:00","guid":{"rendered":"https:\/\/www.ircica.org\/publications\/non%20class\u00e9\/arkitektura-osmane-ne-shqiperi-1385-1912"},"modified":"2024-10-14T12:46:56","modified_gmt":"2024-10-14T09:46:56","slug":"arkitektura-osmane-ne-shqiperi-1385-1912","status":"publish","type":"product","link":"https:\/\/www.ircica.org\/fr\/publications\/patrimoine-culturel-et-architectural\/larchitecture-ottomane-en-albanie-1385-1912","title":{"rendered":"L\u2019Architecture ottomane en Albanie (1385-1912)"},"content":{"rendered":"<p>Le livre intitul\u00e9 L\u2019architecture ottomane en Albanie publi\u00e9 par l\u2019IRCICA dans son \u00e9dition originale en anglais en 1990 a \u00e9t\u00e9 traduit plus tard en albanais, pour le rendre accessible \u00e0 un plus large public dans son propre contexte g\u00e9ographique. Le livre est l\u2019une des \u00e9tudes pionni\u00e8res r\u00e9alis\u00e9es par Machiel Kiel sur le patrimoine architectural des Balkans, en particulier les monuments datant de la p\u00e9riode ottomane. Introduction historique et topographique du Dr Kiel sur l\u2019Albanie constitue la Partie premi\u00e8re du livre. La deuxi\u00e8me partie est le corps principal du livre, intitul\u00e9 \u00ab Un aper\u00e7u des monuments de l\u2019architecture ottomane \u00bb, selon les r\u00e9gions \u2013 23 r\u00e9gions. La partie III contient la conclusion. \u00c0 la fin du livre, le lecteur trouve une \u00ab Conclusion de l\u2019\u00e9dition albanaise \u00bb, une Bibliographie et un Glossaire.<\/p>\n","protected":false},"excerpt":{"rendered":"<p><strong>Arkitektura Osmane N\u00eb Shqip\u00ebri<\/strong><\/p>\n<p>Par Machiel Kiel<br \/>\nTraduit en albanais par Holta Vrioni<br \/>\nIstanbul, 2012, (en albanais)<\/p>\n","protected":false},"featured_media":26533,"template":"","meta":{"_acf_changed":false,"_mi_skip_tracking":false},"product_cat":[173],"product_tag":[],"class_list":{"0":"post-26536","1":"product","2":"type-product","3":"status-publish","4":"has-post-thumbnail","6":"product_cat-patrimoine-culturel-et-architectural","8":"first","9":"instock","10":"shipping-taxable","11":"product-type-simple"},"acf":[],"aioseo_notices":[],"_links":{"self":[{"href":"https:\/\/www.ircica.org\/fr\/wp-json\/wp\/v2\/product\/26536","targetHints":{"allow":["GET"]}}],"collection":[{"href":"https:\/\/www.ircica.org\/fr\/wp-json\/wp\/v2\/product"}],"about":[{"href":"https:\/\/www.ircica.org\/fr\/wp-json\/wp\/v2\/types\/product"}],"wp:featuredmedia":[{"embeddable":true,"href":"https:\/\/www.ircica.org\/fr\/wp-json\/wp\/v2\/media\/26533"}],"wp:attachment":[{"href":"https:\/\/www.ircica.org\/fr\/wp-json\/wp\/v2\/media?parent=26536"}],"wp:term":[{"taxonomy":"product_cat","embeddable":true,"href":"https:\/\/www.ircica.org\/fr\/wp-json\/wp\/v2\/product_cat?post=26536"},{"taxonomy":"product_tag","embeddable":true,"href":"https:\/\/www.ircica.org\/fr\/wp-json\/wp\/v2\/product_tag?post=26536"}],"curies":[{"name":"wp","href":"https:\/\/api.w.org\/{rel}","templated":true}]}}