{"id":26549,"date":"2012-01-09T00:00:00","date_gmt":"2012-01-08T22:00:00","guid":{"rendered":"https:\/\/www.ircica.org\/publications\/non%20class\u00e9\/yuzuncu-yilinda-ikinci-mesrutiyet-milletlerarasi-kongre-tebligleri-proceedings-of-the-international-congress-on-the-second-constitutional-period-of-the-ottoman-state-on-its-centenary"},"modified":"2024-10-14T13:59:53","modified_gmt":"2024-10-14T10:59:53","slug":"yuzuncu-yilinda-ikinci-mesrutiyet-milletlerarasi-kongre-tebligleri-proceedings-of-the-international-congress-on-the-second-constitutional-period-of-the-ottoman-state-on-its-centenary","status":"publish","type":"product","link":"https:\/\/www.ircica.org\/fr\/publications\/etat-ottoman-et-sa-civilisation\/les-actes-du-congres-international-sur-la-deuxieme-periode-constitutionnelle-de-letat-ottoman-a-loccasion-de-son-centenaire","title":{"rendered":"Les Actes du Congr\u00e8s International sur la Deuxi\u00e8me P\u00e9riode Constitutionnelle de l\u2019Etat ottoman \u00e0 l\u2019occasion de son Centenaire"},"content":{"rendered":"<p>Le Congr\u00e8s International sur \u201cLa Deuxi\u00e8me P\u00e9riode Constitutionnelle\/Me\u015frutiyet de l\u2019Etat Ottoman \u00e0 l\u2019occasion de son Centenaire\u201d a \u00e9t\u00e9 organis\u00e9 par l\u2019IRCICA \u00e0 Istanbul, du 7 au 10 mai 2008, avec la participation de 106 universitaires et chercheurs pr\u00e9sentant 102 expos\u00e9s. Ces derniers sont publi\u00e9s dans ce livre dans leur langue originale: l\u2019arabe, le turc ou l\u2019anglais.<br \/>\nLes Tanzimat de 1839 et les initiatives de 1856 portant Islahat de l\u2019\u00c9tat Ottoman, la proclamation de la Constitution et l\u2019\u00e9tablissement du Parlement en 1876, la dissolution subs\u00e9quente du Parlement et la suspension de la Constitution, et son r\u00e9tablissement trente ans plus tard, en 1908, chacun de ces \u00e9v\u00e9nements a r\u00e9sult\u00e9 de l\u2019interaction de facteurs externes et internes, mais \u00e9taient tous motiv\u00e9s par l\u2019objectif de maintenir l\u2019empire dans l\u2019unit\u00e9. Ce processus constitutionnel de l\u2019Etat ottoman a inspir\u00e9 de nombreuses tentatives de d\u00e9mocratisation dans d\u2019autres parties du monde. Certains courants politique et id\u00e9ologiques qui en d\u00e9coul\u00e8rent constitu\u00e8rent des moments d\u00e9cisifs dans l\u2019histoire du pays. Pareillement \u00e0 d\u2019autres empires dans le monde ayant connu une dissolution, le d\u00e9clin de l\u2019empire ottoman a conduit \u00e0 la naissance de nouveaux \u00c9tats-nations de diff\u00e9rentes dimensions et diff\u00e9rents r\u00e9gimes politiques. Les transformations ayant survenu dans cette mosa\u00efque de nations et de communaut\u00e9s qui ont \u00e9merg\u00e9 ont continu\u00e9 tout au long du XXe si\u00e8cle. Les expos\u00e9s examinent la p\u00e9riode sous diff\u00e9rents angles: les facteurs qui ont pr\u00e9par\u00e9 le r\u00e9tablissement de la Constitution ottomane en 1908, les cons\u00e9quences politiques, sociales, \u00e9conomiques, culturelles, juridiques et autres de la deuxi\u00e8me Constitution dans la capitale et dans les provinces, ses \u00e9chos dans diff\u00e9rentes parties de l\u2019empire et dans d\u2019autres pays de l\u2019Orient et de l\u2019Occident, ses r\u00e9flexions dans la presse, dans la litt\u00e9rature, son impact sur les \u00e9tablissements scolaires, entre autres d\u00e9veloppements.<\/p>\n","protected":false},"excerpt":{"rendered":"<p>S\u00e9rie 11 d\u2019Histoire de l\u2019\u00c9tat et de la Civilisation Ottomans<br \/>\nIRCICA, Istanbul, 2012<\/p>\n","protected":false},"featured_media":26542,"template":"","meta":{"_acf_changed":false,"_mi_skip_tracking":false},"product_cat":[367],"product_tag":[],"class_list":{"0":"post-26549","1":"product","2":"type-product","3":"status-publish","4":"has-post-thumbnail","6":"product_cat-etat-ottoman-et-sa-civilisation","8":"first","9":"instock","10":"shipping-taxable","11":"product-type-simple"},"acf":[],"aioseo_notices":[],"_links":{"self":[{"href":"https:\/\/www.ircica.org\/fr\/wp-json\/wp\/v2\/product\/26549","targetHints":{"allow":["GET"]}}],"collection":[{"href":"https:\/\/www.ircica.org\/fr\/wp-json\/wp\/v2\/product"}],"about":[{"href":"https:\/\/www.ircica.org\/fr\/wp-json\/wp\/v2\/types\/product"}],"wp:featuredmedia":[{"embeddable":true,"href":"https:\/\/www.ircica.org\/fr\/wp-json\/wp\/v2\/media\/26542"}],"wp:attachment":[{"href":"https:\/\/www.ircica.org\/fr\/wp-json\/wp\/v2\/media?parent=26549"}],"wp:term":[{"taxonomy":"product_cat","embeddable":true,"href":"https:\/\/www.ircica.org\/fr\/wp-json\/wp\/v2\/product_cat?post=26549"},{"taxonomy":"product_tag","embeddable":true,"href":"https:\/\/www.ircica.org\/fr\/wp-json\/wp\/v2\/product_tag?post=26549"}],"curies":[{"name":"wp","href":"https:\/\/api.w.org\/{rel}","templated":true}]}}