{"id":26558,"date":"2018-10-14T14:04:07","date_gmt":"2018-10-14T11:04:07","guid":{"rendered":"https:\/\/www.ircica.org\/publications\/non%20class\u00e9\/proceedings-of-the-fifth-international-congress-of-islamic-civilization-in-the-balkans"},"modified":"2024-10-14T14:17:38","modified_gmt":"2024-10-14T11:17:38","slug":"proceedings-of-the-fifth-international-congress-of-islamic-civilization-in-the-balkans","status":"publish","type":"product","link":"https:\/\/www.ircica.org\/fr\/publications\/histoire-de-la-civilisation-islamique\/europe-de-lest-et-balkans\/actes-du-cinquieme-congres-international-de-la-civilisation-islamique-dans-les-balkans","title":{"rendered":"Actes du Cinqui\u00e8me Congr\u00e8s international de la civilisation islamique dans les Balkans"},"content":{"rendered":"<p>Le Cinqui\u00e8me congr\u00e8s international sur le th\u00e8me \u00ab La civilisation islamique dans les Balkans \u00bb a \u00e9t\u00e9 organis\u00e9 conjointement par l&rsquo;IRCICA et l&rsquo;Universit\u00e9 de Sarajevo, du 21 au 23 mai 2015. 60 communications ont \u00e9t\u00e9 pr\u00e9sent\u00e9es. Dans son discours d&rsquo;ouverture au congr\u00e8s, le professeur Enes Kari\u0107 de la Facult\u00e9 des \u00e9tudes islamiques de l&rsquo;Universit\u00e9 de Sarajevo, ancien ministre de l&rsquo;\u00c9ducation, des Sciences, de la Culture et des Sports de Bosnie-Herz\u00e9govine (1994-96), a soulign\u00e9 l&rsquo;importance du th\u00e8me qui transcend\u00e9 le champ acad\u00e9mique, allant au-del\u00e0 des syst\u00e8mes \u00e9ducatifs nationaux et des \u00e9poques historiques particuli\u00e8res. Avec ses articles r\u00e9dig\u00e9s par d&rsquo;\u00e9minents experts, l&rsquo;ouvrage est une r\u00e9f\u00e9rence importante dans son domaine.<\/p>\n","protected":false},"excerpt":{"rendered":"<p>21-23 mai 2015, Sarajevo<\/p>\n<p>S\u00e9rie de sources et \u00e9tudes sur l&rsquo;histoire de la civilisation islamique 35<br \/>\nIRCICA, Istanbul, 2018<br \/>\n503 p.<\/p>\n","protected":false},"featured_media":26555,"template":"","meta":{"_acf_changed":false,"_mi_skip_tracking":false},"product_cat":[364],"product_tag":[],"class_list":{"0":"post-26558","1":"product","2":"type-product","3":"status-publish","4":"has-post-thumbnail","6":"product_cat-europe-de-lest-et-balkans","8":"first","9":"instock","10":"shipping-taxable","11":"product-type-simple"},"acf":[],"aioseo_notices":[],"_links":{"self":[{"href":"https:\/\/www.ircica.org\/fr\/wp-json\/wp\/v2\/product\/26558","targetHints":{"allow":["GET"]}}],"collection":[{"href":"https:\/\/www.ircica.org\/fr\/wp-json\/wp\/v2\/product"}],"about":[{"href":"https:\/\/www.ircica.org\/fr\/wp-json\/wp\/v2\/types\/product"}],"wp:featuredmedia":[{"embeddable":true,"href":"https:\/\/www.ircica.org\/fr\/wp-json\/wp\/v2\/media\/26555"}],"wp:attachment":[{"href":"https:\/\/www.ircica.org\/fr\/wp-json\/wp\/v2\/media?parent=26558"}],"wp:term":[{"taxonomy":"product_cat","embeddable":true,"href":"https:\/\/www.ircica.org\/fr\/wp-json\/wp\/v2\/product_cat?post=26558"},{"taxonomy":"product_tag","embeddable":true,"href":"https:\/\/www.ircica.org\/fr\/wp-json\/wp\/v2\/product_tag?post=26558"}],"curies":[{"name":"wp","href":"https:\/\/api.w.org\/{rel}","templated":true}]}}