{"id":26572,"date":"2018-10-14T14:30:36","date_gmt":"2018-10-14T11:30:36","guid":{"rendered":"https:\/\/www.ircica.org\/publications\/non%20class\u00e9\/friend-and-brother-70th-anniversary-of-relations-between-turkey-and-pakistan"},"modified":"2024-10-14T14:44:56","modified_gmt":"2024-10-14T11:44:56","slug":"friend-and-brother-70th-anniversary-of-relations-between-turkey-and-pakistan","status":"publish","type":"product","link":"https:\/\/www.ircica.org\/fr\/publications\/photographies-historiques\/ami-et-frere-70e-anniversaire-des-relations-entre-la-turquie-et-le-pakistan","title":{"rendered":"Ami et fr\u00e8re. 70e anniversaire des relations entre la Turquie et le Pakistan"},"content":{"rendered":"<p>Les relations diplomatiques entre le Pakistan et la Turquie, deux \u00c9tats membres de l&rsquo;OCI, ont d\u00e9but\u00e9 en 1947 avec la fondation du Pakistan. L\u2019amiti\u00e9 et la solidarit\u00e9 entre leurs peuples ont eu un sens bien plus profond que ne l\u2019indiquerait la dur\u00e9e. A l&rsquo;occasion du 70e anniversaire des relations entre la R\u00e9publique islamique du Pakistan et la R\u00e9publique de Turquie comm\u00e9mor\u00e9 en 2017, l&rsquo;IRCICA et le minist\u00e8re des Affaires \u00e9trang\u00e8res de Turquie ont coop\u00e9r\u00e9 pour pr\u00e9parer cet album. Il contient des documents historiques, des photographies et des timbres comm\u00e9moratifs datant du d\u00e9but des ann\u00e9es 1900 jusqu&rsquo;aux ann\u00e9es 2010. Les documents ont \u00e9t\u00e9 compil\u00e9s \u00e0 partir des archives d&rsquo;\u00c9tat et des archives de photographies historiques de l&rsquo;IRCICA. Ensemble, ils donnent un aper\u00e7u de l\u2019amiti\u00e9 exemplaire entre les deux pays. L&rsquo;album commence par la pr\u00e9face du pr\u00e9sident turc, S.E. M. Recep Tayyip Erdo\u011fan. Les textes, ainsi que les annotations des illustrations sont en anglais, ourdou et turc.<\/p>\n","protected":false},"excerpt":{"rendered":"<p><strong>Album documentaire et photographique<\/strong><\/p>\n<p>avec la pr\u00e9face de S.E. M. Recep Tayyip Erdo\u011fan, Pr\u00e9sident de la R\u00e9publique de Turquie<br \/>\nIRCICA, 2018, 155 pp.<br \/>\nTextes et annotations des illustrations en anglais, ourdou et turc<\/p>\n","protected":false},"featured_media":26565,"template":"","meta":{"_acf_changed":false,"_mi_skip_tracking":false},"product_cat":[169],"product_tag":[],"class_list":{"0":"post-26572","1":"product","2":"type-product","3":"status-publish","4":"has-post-thumbnail","6":"product_cat-photographies-historiques","8":"first","9":"instock","10":"shipping-taxable","11":"product-type-simple"},"acf":[],"aioseo_notices":[],"_links":{"self":[{"href":"https:\/\/www.ircica.org\/fr\/wp-json\/wp\/v2\/product\/26572","targetHints":{"allow":["GET"]}}],"collection":[{"href":"https:\/\/www.ircica.org\/fr\/wp-json\/wp\/v2\/product"}],"about":[{"href":"https:\/\/www.ircica.org\/fr\/wp-json\/wp\/v2\/types\/product"}],"wp:featuredmedia":[{"embeddable":true,"href":"https:\/\/www.ircica.org\/fr\/wp-json\/wp\/v2\/media\/26565"}],"wp:attachment":[{"href":"https:\/\/www.ircica.org\/fr\/wp-json\/wp\/v2\/media?parent=26572"}],"wp:term":[{"taxonomy":"product_cat","embeddable":true,"href":"https:\/\/www.ircica.org\/fr\/wp-json\/wp\/v2\/product_cat?post=26572"},{"taxonomy":"product_tag","embeddable":true,"href":"https:\/\/www.ircica.org\/fr\/wp-json\/wp\/v2\/product_tag?post=26572"}],"curies":[{"name":"wp","href":"https:\/\/api.w.org\/{rel}","templated":true}]}}