{"id":26596,"date":"2000-08-24T00:00:00","date_gmt":"2000-08-23T21:00:00","guid":{"rendered":"https:\/\/www.ircica.org\/publications\/non%20class\u00e9\/arab-turkish-relations-1991-1993-vol-2-from-the-turkish-viewpoint"},"modified":"2024-10-14T17:09:22","modified_gmt":"2024-10-14T14:09:22","slug":"arab-turkish-relations-1991-1993-vol-2-from-the-turkish-viewpoint","status":"publish","type":"product","link":"https:\/\/www.ircica.org\/fr\/publications\/relations-interculturelles\/relations-arabo-turques-2000-en-turc","title":{"rendered":"Relations arabo-turques (2000, en turc)"},"content":{"rendered":"<div class=\"woocommerce-tabs wc-tabs-wrapper\">\n<div id=\"tab-description\" class=\"woocommerce-Tabs-panel woocommerce-Tabs-panel--description panel woocommerce-single-tab-content post-entry entry-content wc-tab\" role=\"tabpanel\" aria-labelledby=\"tab-title-description\">\n<p>Cette publication est le fruit d&rsquo;un effort conjoint de l&rsquo;IRCICA et de l&rsquo;Institut de recherche et d&rsquo;\u00e9tudes arabes du Caire. Elle vise \u00e0 fournir un aper\u00e7u objectif de l&rsquo;histoire des relations arabo-turques, afin de contribuer \u00e0 renforcer les affinit\u00e9s entre les peuples arabe et turc et \u00e0 clarifier certains faits et \u00e9v\u00e9nements qui ont influenc\u00e9 leurs relations \u00e0 diff\u00e9rentes \u00e9poques. L&rsquo;ouvrage en deux volumes a \u00e9t\u00e9 con\u00e7u de mani\u00e8re \u00e0 refl\u00e9ter les points de vue des chercheurs des deux parties sur les principales questions d&rsquo;int\u00e9r\u00eat commun. Ces questions sont trait\u00e9es sous huit th\u00e8mes principaux : 1. Les premi\u00e8res rencontres entre Turcs et Arabes 2. Le r\u00f4le des Turcs dans la protection du monde arabe 3. Les Arabes sous l&rsquo;unit\u00e9 ottomane 4. La s\u00e9paration des Arabes de l&rsquo;\u00c9tat ottoman 5. Les relations arabo-turques dans l&rsquo;entre-deux-guerres 6. Les relations arabo-turques pendant l&rsquo;expansion du nationalisme arabe 7. La Turquie et le conflit isra\u00e9lo-arabe 8. Le rapprochement arabo-turc \u00e0 la lumi\u00e8re des d\u00e9veloppements politiques et \u00e9conomiques contemporains. Les th\u00e8mes sont trait\u00e9s par des auteurs arabes dans le premier volume et par des auteurs turcs dans le deuxi\u00e8me. Le professeur Mohammed Safiuddin Abu&rsquo;l-lzz et le professeur Ekmeleddin Ihsanogluont \u00e9dit\u00e9 respectivement les premier et deuxi\u00e8me volumes et ont sign\u00e9 conjointement l&rsquo;avant-propos. Les chercheurs et auteurs qui ont contribu\u00e9 au premier volume comprennent Ahmed Abdurrahim Mustafa, Jamal Zekeriya Kassim, Said Abdulfettah Ashur, Abdulaziz Suleiman Newwar, Abdulwahab Bakr et Nazli Muawwad Ahmed ; au deuxi\u00e8me volume, Ekmeleddin Ihsanoglu, Ramazan \u00a7e\u00a7en, Selim ilkin, Mim Kemal \u00d6ke, Ismail Soysal, et Fahir Armaoglu.<\/p>\n<\/div>\n<\/div>\n","protected":false},"excerpt":{"rendered":"<p>I : Du point de vue arabe, II : Du point de vue turc<\/p>\n<p>\u00e9dit\u00e9 par Mohammed Safiuddin Abu\u2019l-lzz et Ekmeleddin Ihsano\u011flu<br \/>\npubli\u00e9 par l\u2019Institut de recherche et d\u2019\u00e9tudes arabes (Organisation arabe pour l\u2019\u00e9ducation, la culture et les sciences \u2013 ALECSO) et l\u2019IRCICA<br \/>\nIstanbul, 2000, en Turc<\/p>\n","protected":false},"featured_media":26593,"template":"","meta":{"_acf_changed":false,"_mi_skip_tracking":false},"product_cat":[170],"product_tag":[],"class_list":{"0":"post-26596","1":"product","2":"type-product","3":"status-publish","4":"has-post-thumbnail","6":"product_cat-relations-interculturelles","8":"first","9":"instock","10":"shipping-taxable","11":"product-type-simple"},"acf":[],"aioseo_notices":[],"_links":{"self":[{"href":"https:\/\/www.ircica.org\/fr\/wp-json\/wp\/v2\/product\/26596","targetHints":{"allow":["GET"]}}],"collection":[{"href":"https:\/\/www.ircica.org\/fr\/wp-json\/wp\/v2\/product"}],"about":[{"href":"https:\/\/www.ircica.org\/fr\/wp-json\/wp\/v2\/types\/product"}],"wp:featuredmedia":[{"embeddable":true,"href":"https:\/\/www.ircica.org\/fr\/wp-json\/wp\/v2\/media\/26593"}],"wp:attachment":[{"href":"https:\/\/www.ircica.org\/fr\/wp-json\/wp\/v2\/media?parent=26596"}],"wp:term":[{"taxonomy":"product_cat","embeddable":true,"href":"https:\/\/www.ircica.org\/fr\/wp-json\/wp\/v2\/product_cat?post=26596"},{"taxonomy":"product_tag","embeddable":true,"href":"https:\/\/www.ircica.org\/fr\/wp-json\/wp\/v2\/product_tag?post=26596"}],"curies":[{"name":"wp","href":"https:\/\/api.w.org\/{rel}","templated":true}]}}