{"id":26684,"date":"2000-05-27T00:00:00","date_gmt":"2000-05-26T21:00:00","guid":{"rendered":"https:\/\/www.ircica.org\/publications\/non%20class\u00e9\/ircica-1980-2000"},"modified":"2024-10-16T15:22:14","modified_gmt":"2024-10-16T12:22:14","slug":"ircica-1980-2000","status":"publish","type":"product","link":"https:\/\/www.ircica.org\/fr\/publications\/general\/ircica-1980-2000","title":{"rendered":"IRCICA 1980-2000"},"content":{"rendered":"<p>Ce livre, pr\u00e9par\u00e9 \u00e0 des fins documentaires \u00e0 l\u2019occasion du 20e anniversaire de l\u2019IRCICA, est un rapport complet des phases de cr\u00e9ation et d\u2019expansion du Centre au cours de ses 20 premi\u00e8res ann\u00e9es. Il pr\u00e9sente une classification g\u00e9n\u00e9rale des structures et des sujets du Centre ; d\u00e9crit ses projets men\u00e9s dans divers domaines, ses \u00e9v\u00e9nements c\u00e9r\u00e9moniels et anniversaires ; exprime sa reconnaissance aux \u00c9tats membres de l\u2019OCI, aux milieux acad\u00e9miques, artistiques et m\u00e9diatiques pour leur soutien apport\u00e9 \u00e0 ses activit\u00e9s. Dans l\u2019introduction, le directeur g\u00e9n\u00e9ral, le professeur Ekmelddin \u0130hsano\u011flu, partage ses points de vue sur les phases initiales et l\u2019expansion ult\u00e9rieure du Centre. L\u2019annexe d\u00e9taill\u00e9e contient des listes compl\u00e8tes de conf\u00e9rences, de conf\u00e9rences publiques, d\u2019expositions et de publications. Le livre a \u00e9t\u00e9 pr\u00e9sent\u00e9 aux ministres des Affaires \u00e9trang\u00e8res des \u00c9tats membres lors de leur 27e session tenue \u00e0 Kuala Lumpur en 2000.<\/p>\n","protected":false},"excerpt":{"rendered":"<p>Pr\u00e9par\u00e9 par Zeynep Durukal<br \/>\nIRCICA, 2000<br \/>\nxiv, 295 p., illustr. en couleur<br \/>\n[Pour information]<\/p>\n","protected":false},"featured_media":26681,"template":"","meta":{"_acf_changed":false,"_mi_skip_tracking":false},"product_cat":[],"product_tag":[],"class_list":{"0":"post-26684","1":"product","2":"type-product","3":"status-publish","4":"has-post-thumbnail","7":"first","8":"outofstock","9":"shipping-taxable","10":"purchasable","11":"product-type-simple"},"acf":[],"aioseo_notices":[],"_links":{"self":[{"href":"https:\/\/www.ircica.org\/fr\/wp-json\/wp\/v2\/product\/26684","targetHints":{"allow":["GET"]}}],"collection":[{"href":"https:\/\/www.ircica.org\/fr\/wp-json\/wp\/v2\/product"}],"about":[{"href":"https:\/\/www.ircica.org\/fr\/wp-json\/wp\/v2\/types\/product"}],"wp:featuredmedia":[{"embeddable":true,"href":"https:\/\/www.ircica.org\/fr\/wp-json\/wp\/v2\/media\/26681"}],"wp:attachment":[{"href":"https:\/\/www.ircica.org\/fr\/wp-json\/wp\/v2\/media?parent=26684"}],"wp:term":[{"taxonomy":"product_cat","embeddable":true,"href":"https:\/\/www.ircica.org\/fr\/wp-json\/wp\/v2\/product_cat?post=26684"},{"taxonomy":"product_tag","embeddable":true,"href":"https:\/\/www.ircica.org\/fr\/wp-json\/wp\/v2\/product_tag?post=26684"}],"curies":[{"name":"wp","href":"https:\/\/api.w.org\/{rel}","templated":true}]}}