{"id":26701,"date":"2020-12-17T13:43:00","date_gmt":"2020-12-17T10:43:00","guid":{"rendered":"https:\/\/www.ircica.org\/publications\/non%20class\u00e9\/ircica-on-its-40th-anniversary-1979-2019"},"modified":"2024-10-17T13:52:20","modified_gmt":"2024-10-17T10:52:20","slug":"ircica-on-its-40th-anniversary-1979-2019","status":"publish","type":"product","link":"https:\/\/www.ircica.org\/fr\/publications\/general\/lircica-a-loccasion-de-son-40e-anniversaire","title":{"rendered":"L\u2019IRCICA \u00e0 l\u2019occasion de son 40e anniversaire"},"content":{"rendered":"<p>Ce rapport cumulatif des activit\u00e9s de l\u2019IRCICA \u00e0 l\u2019occasion de sa 40e ann\u00e9e a \u00e9t\u00e9 pr\u00e9par\u00e9 \u00e0 des fins documentaires. Il fait bri\u00e8vement r\u00e9f\u00e9rence aux activit\u00e9s pr\u00e9c\u00e9demment couvertes dans le livre du 20e anniversaire \u00ab IRCICA 1980-2000 \u00bb et fournit des classifications et des donn\u00e9es d\u00e9taill\u00e9es sur celles men\u00e9es entre 2000 et 2019. Les chapitres sont organis\u00e9s en fonction des principaux programmes d\u2019activit\u00e9s, suivis de sections sur la coop\u00e9ration du Centre avec les \u00c9tats membres de l\u2019OCI et de l\u2019IRCICA et les organisations internationales. La pr\u00e9face du Dr Ahmad Al-Othaimeen, qui \u00e9tait le Secr\u00e9taire g\u00e9n\u00e9ral de l\u2019OCI en 2019, souligne le r\u00f4le important du Centre dans la r\u00e9alisation des objectifs culturels de l\u2019OCI. Le slogan \u00ab Coop\u00e9ration culturelle pour la solidarit\u00e9 \u00bb refl\u00e9tant la mission de l\u2019IRCICA a \u00e9t\u00e9 formul\u00e9 pour la premi\u00e8re fois dans ce livre.<\/p>\n","protected":false},"excerpt":{"rendered":"<p>(1979-2019)<br \/>\nPr\u00e9par\u00e9 par Zeynep Durukal<br \/>\nIRCICA, 2020<br \/>\n252 p., illustr. en couleur<\/p>\n","protected":false},"featured_media":26697,"template":"","meta":{"_acf_changed":false,"_mi_skip_tracking":false},"product_cat":[],"product_tag":[],"class_list":{"0":"post-26701","1":"product","2":"type-product","3":"status-publish","4":"has-post-thumbnail","7":"first","8":"instock","9":"shipping-taxable","10":"product-type-simple"},"acf":[],"aioseo_notices":[],"_links":{"self":[{"href":"https:\/\/www.ircica.org\/fr\/wp-json\/wp\/v2\/product\/26701","targetHints":{"allow":["GET"]}}],"collection":[{"href":"https:\/\/www.ircica.org\/fr\/wp-json\/wp\/v2\/product"}],"about":[{"href":"https:\/\/www.ircica.org\/fr\/wp-json\/wp\/v2\/types\/product"}],"wp:featuredmedia":[{"embeddable":true,"href":"https:\/\/www.ircica.org\/fr\/wp-json\/wp\/v2\/media\/26697"}],"wp:attachment":[{"href":"https:\/\/www.ircica.org\/fr\/wp-json\/wp\/v2\/media?parent=26701"}],"wp:term":[{"taxonomy":"product_cat","embeddable":true,"href":"https:\/\/www.ircica.org\/fr\/wp-json\/wp\/v2\/product_cat?post=26701"},{"taxonomy":"product_tag","embeddable":true,"href":"https:\/\/www.ircica.org\/fr\/wp-json\/wp\/v2\/product_tag?post=26701"}],"curies":[{"name":"wp","href":"https:\/\/api.w.org\/{rel}","templated":true}]}}