{"id":26736,"date":"2000-12-24T00:00:00","date_gmt":"2000-12-23T22:00:00","guid":{"rendered":"https:\/\/www.ircica.org\/publications\/non%20class\u00e9\/%d8%a8%d8%ad%d9%88%d8%ab-%d8%a7%d9%84%d9%85%d8%a4%d8%aa%d9%85%d8%b1-%d8%a7%d9%84%d8%af%d9%88%d9%84%d9%8a-%d8%ad%d9%88%d9%84-%d8%a7%d9%84%d8%b9%d9%84%d9%85-%d9%88%d8%a7%d9%84%d9%85%d8%b9%d8%b1%d9%81"},"modified":"2024-10-18T11:53:49","modified_gmt":"2024-10-18T08:53:49","slug":"%d8%a8%d8%ad%d9%88%d8%ab-%d8%a7%d9%84%d9%85%d8%a4%d8%aa%d9%85%d8%b1-%d8%a7%d9%84%d8%af%d9%88%d9%84%d9%8a-%d8%ad%d9%88%d9%84-%d8%a7%d9%84%d8%b9%d9%84%d9%85-%d9%88%d8%a7%d9%84%d9%85%d8%b9%d8%b1%d9%81","status":"publish","type":"product","link":"https:\/\/www.ircica.org\/fr\/publications\/etat-ottoman-et-sa-civilisation\/actes-du-congres-international-sur-leducation-et-le-savoir-dans-le-monde-ottoman","title":{"rendered":"Actes du Congr\u00e8s international sur l\u2019\u00e9ducation et le savoir dans le monde ottoman"},"content":{"rendered":"<p>Le \u201cCongr\u00e8s international sur l\u2019\u00e9ducation et le savoir dans le monde ottoman\u201d a \u00e9t\u00e9 organis\u00e9 par l&rsquo;IRCICA \u00e0 Istanbul, du 12 au 15 avril 1999, en coop\u00e9ration avec la Soci\u00e9t\u00e9 turque d\u2019histoire et la Soci\u00e9t\u00e9 turque pour l&rsquo;histoire des sciences, avec le soutien du Minist\u00e8re des Affaires \u00e9trang\u00e8res de la Turquie, \u00e0 l&rsquo;occasion du 700e anniversaire de la fondation de l&rsquo;\u00c9tat ottoman. Le congr\u00e8s s&rsquo;est d\u00e9roul\u00e9 sous le patronage et en pr\u00e9sence du Pr\u00e9sident de la Turquie, M. S\u00fcleyman Demirel. 175 universitaires et chercheurs de 28 pays y ont particip\u00e9. Les articles pr\u00e9sent\u00e9s, ensuite r\u00e9vis\u00e9s par leur auteur, sont publi\u00e9s en trois volumes s\u00e9par\u00e9s en anglais, arabe et turc.<\/p>\n","protected":false},"excerpt":{"rendered":"<p>Istanbul, 2000, (en arabe)<br \/>\n(\u00e9ditions s\u00e9par\u00e9es en anglais et turc)<\/p>\n","protected":false},"featured_media":26733,"template":"","meta":{"_acf_changed":false,"_mi_skip_tracking":false},"product_cat":[367],"product_tag":[],"class_list":{"0":"post-26736","1":"product","2":"type-product","3":"status-publish","4":"has-post-thumbnail","6":"product_cat-etat-ottoman-et-sa-civilisation","8":"first","9":"instock","10":"shipping-taxable","11":"product-type-simple"},"acf":[],"aioseo_notices":[],"_links":{"self":[{"href":"https:\/\/www.ircica.org\/fr\/wp-json\/wp\/v2\/product\/26736","targetHints":{"allow":["GET"]}}],"collection":[{"href":"https:\/\/www.ircica.org\/fr\/wp-json\/wp\/v2\/product"}],"about":[{"href":"https:\/\/www.ircica.org\/fr\/wp-json\/wp\/v2\/types\/product"}],"wp:featuredmedia":[{"embeddable":true,"href":"https:\/\/www.ircica.org\/fr\/wp-json\/wp\/v2\/media\/26733"}],"wp:attachment":[{"href":"https:\/\/www.ircica.org\/fr\/wp-json\/wp\/v2\/media?parent=26736"}],"wp:term":[{"taxonomy":"product_cat","embeddable":true,"href":"https:\/\/www.ircica.org\/fr\/wp-json\/wp\/v2\/product_cat?post=26736"},{"taxonomy":"product_tag","embeddable":true,"href":"https:\/\/www.ircica.org\/fr\/wp-json\/wp\/v2\/product_tag?post=26736"}],"curies":[{"name":"wp","href":"https:\/\/api.w.org\/{rel}","templated":true}]}}