{"id":26779,"date":"2010-02-08T00:00:00","date_gmt":"2010-02-07T22:00:00","guid":{"rendered":"https:\/\/www.ircica.org\/publications\/non%20class\u00e9\/%d9%85%d8%a4%d8%aa%d9%85%d8%b1-%d8%af%d9%88%d9%84%d9%8a-%d8%ad%d9%88%d9%84-%d9%85%d8%b5%d8%b1-%d9%81%d9%8a-%d8%a7%d9%84%d8%b9%d8%b5%d8%b1-%d8%a7%d9%84%d8%b9%d8%ab%d9%85%d8%a7%d9%86%d9%8a-26-30-%d8%b3"},"modified":"2024-10-18T12:54:09","modified_gmt":"2024-10-18T09:54:09","slug":"%d9%85%d8%a4%d8%aa%d9%85%d8%b1-%d8%af%d9%88%d9%84%d9%8a-%d8%ad%d9%88%d9%84-%d9%85%d8%b5%d8%b1-%d9%81%d9%8a-%d8%a7%d9%84%d8%b9%d8%b5%d8%b1-%d8%a7%d9%84%d8%b9%d8%ab%d9%85%d8%a7%d9%86%d9%8a-26-30-%d8%b3","status":"publish","type":"product","link":"https:\/\/www.ircica.org\/fr\/publications\/histoire-de-la-civilisation-islamique\/asie\/moyen-orient-et-mediterranee\/actes-de-la-conference-internationale-sur-legypte-a-lepoque-ottomane","title":{"rendered":"Actes de la Conf\u00e9rence internationale sur l&rsquo;\u00c9gypte \u00e0 l&rsquo;\u00e9poque ottomane"},"content":{"rendered":"<p>Ce volume contient 24 expos\u00e9s de recherche pr\u00e9sent\u00e9s lors de la conf\u00e9rence organis\u00e9e par l&rsquo;IRCICA et le Conseil supr\u00eame de la culture de la R\u00e9publique arabe d&rsquo;\u00c9gypte sur \u00ab\u00a0L\u2019\u00c9gypte \u00e0 l\u2019\u00e9poque ottomane\u00a0\u00bb en 2007. Ils abordent une vari\u00e9t\u00e9 de sujets relatifs \u00e0 l&rsquo;histoire de l&rsquo;\u00c9gypte pendant la p\u00e9riode ottomane, notamment l&rsquo;administration, institutions, \u00e9conomie, droit, science et technologie, villes et architecture. Ils offrent \u00e9galement une orientation aux chercheurs sur les sujets que les \u00e9tudes dans ce domaine pourraient aborder. Le livre comprend plusieurs titres, comme la structure de la soci\u00e9t\u00e9, la r\u00e9forme juridique, l&rsquo;institution du qadi (juge), les waqfs (fondations), les biblioth\u00e8ques, et les traditions sociales, qui pourraient int\u00e9resser tout lecteur ainsi que le chercheur.<\/p>\n","protected":false},"excerpt":{"rendered":"<p><strong>26-30 novembre 2007, Le Caire<br \/>\n<\/strong>Istanbul, 2010 (en arabe, anglais, turc, fran\u00e7ais)<\/p>\n","protected":false},"featured_media":26772,"template":"","meta":{"_acf_changed":false,"_mi_skip_tracking":false},"product_cat":[164,362],"product_tag":[],"class_list":{"0":"post-26779","1":"product","2":"type-product","3":"status-publish","4":"has-post-thumbnail","6":"product_cat-histoire-de-la-civilisation-islamique","7":"product_cat-moyen-orient-et-mediterranee","9":"first","10":"instock","11":"shipping-taxable","12":"product-type-simple"},"acf":[],"aioseo_notices":[],"_links":{"self":[{"href":"https:\/\/www.ircica.org\/fr\/wp-json\/wp\/v2\/product\/26779","targetHints":{"allow":["GET"]}}],"collection":[{"href":"https:\/\/www.ircica.org\/fr\/wp-json\/wp\/v2\/product"}],"about":[{"href":"https:\/\/www.ircica.org\/fr\/wp-json\/wp\/v2\/types\/product"}],"wp:featuredmedia":[{"embeddable":true,"href":"https:\/\/www.ircica.org\/fr\/wp-json\/wp\/v2\/media\/26772"}],"wp:attachment":[{"href":"https:\/\/www.ircica.org\/fr\/wp-json\/wp\/v2\/media?parent=26779"}],"wp:term":[{"taxonomy":"product_cat","embeddable":true,"href":"https:\/\/www.ircica.org\/fr\/wp-json\/wp\/v2\/product_cat?post=26779"},{"taxonomy":"product_tag","embeddable":true,"href":"https:\/\/www.ircica.org\/fr\/wp-json\/wp\/v2\/product_tag?post=26779"}],"curies":[{"name":"wp","href":"https:\/\/api.w.org\/{rel}","templated":true}]}}