{"id":26791,"date":"2020-10-18T13:02:02","date_gmt":"2020-10-18T10:02:02","guid":{"rendered":"https:\/\/www.ircica.org\/publications\/non%20class\u00e9\/employment-of-traditional-industries-in-architectural-projects-characteristics-advantages-and-economic-contribution"},"modified":"2024-10-18T14:16:06","modified_gmt":"2024-10-18T11:16:06","slug":"employment-of-traditional-industries-in-architectural-projects-characteristics-advantages-and-economic-contribution","status":"publish","type":"product","link":"https:\/\/www.ircica.org\/fr\/publications\/arts-artisanats\/emploi-des-produits-artisanaux-dans-les-projets-architecturaux-caracteristiques-avantages-et-contribution-economique","title":{"rendered":"Emploi des produits artisanaux dans les projets architecturaux. Caract\u00e9ristiques, avantages et contribution \u00e9conomique"},"content":{"rendered":"<p>Cet ouvrage contient les actes du congr\u00e8s international sur \u00ab L&#8217;emploi des produits artisanaux dans les projets architecturaux \u00bb organis\u00e9 par l&rsquo;IRCICA \u00e0 Tunis, Tunisie, du 27 au 31 octobre 2008, conjointement avec l&rsquo;Office national de l\u2019artisanat tunisien (ONA). 64 communications ont \u00e9t\u00e9 pr\u00e9sent\u00e9es par des experts en artisanat en provenance de diff\u00e9rents pays. Les participants ont \u00e9mis des recommandations pour la promotion de l&rsquo;artisanat.<\/p>\n","protected":false},"excerpt":{"rendered":"<p>IRCICA, Istanbul, 2020<br \/>\n556 p., col. Ill. (en arabe et anglais)<\/p>\n","protected":false},"featured_media":26784,"template":"","meta":{"_acf_changed":false,"_mi_skip_tracking":false},"product_cat":[189],"product_tag":[],"class_list":{"0":"post-26791","1":"product","2":"type-product","3":"status-publish","4":"has-post-thumbnail","6":"product_cat-arts-artisanats","8":"first","9":"instock","10":"shipping-taxable","11":"product-type-simple"},"acf":[],"aioseo_notices":[],"_links":{"self":[{"href":"https:\/\/www.ircica.org\/fr\/wp-json\/wp\/v2\/product\/26791","targetHints":{"allow":["GET"]}}],"collection":[{"href":"https:\/\/www.ircica.org\/fr\/wp-json\/wp\/v2\/product"}],"about":[{"href":"https:\/\/www.ircica.org\/fr\/wp-json\/wp\/v2\/types\/product"}],"wp:featuredmedia":[{"embeddable":true,"href":"https:\/\/www.ircica.org\/fr\/wp-json\/wp\/v2\/media\/26784"}],"wp:attachment":[{"href":"https:\/\/www.ircica.org\/fr\/wp-json\/wp\/v2\/media?parent=26791"}],"wp:term":[{"taxonomy":"product_cat","embeddable":true,"href":"https:\/\/www.ircica.org\/fr\/wp-json\/wp\/v2\/product_cat?post=26791"},{"taxonomy":"product_tag","embeddable":true,"href":"https:\/\/www.ircica.org\/fr\/wp-json\/wp\/v2\/product_tag?post=26791"}],"curies":[{"name":"wp","href":"https:\/\/api.w.org\/{rel}","templated":true}]}}