{"id":26812,"date":"2006-12-27T00:00:00","date_gmt":"2006-12-26T22:00:00","guid":{"rendered":"https:\/\/www.ircica.org\/publications\/non%20class\u00e9\/balkanlarda-islam-medeniyeti-ii-milletlerarasi-sempozyumu-tebligleri"},"modified":"2024-10-18T15:17:25","modified_gmt":"2024-10-18T12:17:25","slug":"balkanlarda-islam-medeniyeti-ii-milletlerarasi-sempozyumu-tebligleri","status":"publish","type":"product","link":"https:\/\/www.ircica.org\/fr\/publications\/histoire-de-la-civilisation-islamique\/europe-de-lest-et-balkans\/les-actes-du-deuxieme-symposium-international-sur-la-civilisation-islamique-dans-les-balkans","title":{"rendered":"Les actes du deuxi\u00e8me symposium international sur la civilisation islamique dans les Balkans"},"content":{"rendered":"<p>Ce livre est un recueil de treize communications pr\u00e9sent\u00e9es en anglais lors du deuxi\u00e8me symposium international sur la civilisation islamique dans les Balkans, tenu \u00e0 Tirana, en Albanie, du 4 au 7 d\u00e9cembre 2003. Les communications en turc et en albanais ont \u00e9t\u00e9 publi\u00e9es dans des volumes s\u00e9par\u00e9s. Le symposium a \u00e9t\u00e9 organis\u00e9 conjointement par l&rsquo;IRCICA, l&rsquo;Acad\u00e9mie des sciences d&rsquo;Albanie, la Direction g\u00e9n\u00e9rale des archives (Albanie), l&rsquo;Universit\u00e9 de Tirana et la Fondation ISAR d&rsquo;Istanbul. Elle a \u00e9t\u00e9 ouverte par le discours acad\u00e9mique de S.E. M. Fatos Nano, Premier Ministre de l&rsquo;Albanie.<\/p>\n","protected":false},"excerpt":{"rendered":"<p><strong>Tiran, Albanie, 4-7 d\u00e9cembre 2003<\/strong><\/p>\n<p>par Ali \u00c7aksu<br \/>\nIstanbul 2006 (en turc)<br \/>\n(volumes s\u00e9par\u00e9s en anglais et en albanais)<br \/>\nISBN 929063152-X<\/p>\n","protected":false},"featured_media":26809,"template":"","meta":{"_acf_changed":false,"_mi_skip_tracking":false},"product_cat":[364,164],"product_tag":[],"class_list":{"0":"post-26812","1":"product","2":"type-product","3":"status-publish","4":"has-post-thumbnail","6":"product_cat-europe-de-lest-et-balkans","7":"product_cat-histoire-de-la-civilisation-islamique","9":"first","10":"instock","11":"shipping-taxable","12":"product-type-simple"},"acf":[],"aioseo_notices":[],"_links":{"self":[{"href":"https:\/\/www.ircica.org\/fr\/wp-json\/wp\/v2\/product\/26812","targetHints":{"allow":["GET"]}}],"collection":[{"href":"https:\/\/www.ircica.org\/fr\/wp-json\/wp\/v2\/product"}],"about":[{"href":"https:\/\/www.ircica.org\/fr\/wp-json\/wp\/v2\/types\/product"}],"wp:featuredmedia":[{"embeddable":true,"href":"https:\/\/www.ircica.org\/fr\/wp-json\/wp\/v2\/media\/26809"}],"wp:attachment":[{"href":"https:\/\/www.ircica.org\/fr\/wp-json\/wp\/v2\/media?parent=26812"}],"wp:term":[{"taxonomy":"product_cat","embeddable":true,"href":"https:\/\/www.ircica.org\/fr\/wp-json\/wp\/v2\/product_cat?post=26812"},{"taxonomy":"product_tag","embeddable":true,"href":"https:\/\/www.ircica.org\/fr\/wp-json\/wp\/v2\/product_tag?post=26812"}],"curies":[{"name":"wp","href":"https:\/\/api.w.org\/{rel}","templated":true}]}}