{"id":26874,"date":"1984-12-18T00:00:00","date_gmt":"1984-12-17T22:00:00","guid":{"rendered":"https:\/\/www.ircica.org\/publications\/non%20class\u00e9\/%d9%81%d9%87%d8%b1%d8%b3-%d9%85%d8%ae%d8%b7%d9%88%d8%b7%d8%a7%d8%aa-%d8%a7%d9%84%d8%b7%d8%a8-%d8%a7%d9%84%d8%a5%d8%b3%d9%84%d8%a7%d9%85%d9%8a-%d8%a8%d8%a7%d9%84%d9%84%d8%ba%d8%a9-%d8%a7%d9%84%d8%b9"},"modified":"2024-10-23T12:49:28","modified_gmt":"2024-10-23T09:49:28","slug":"%d9%81%d9%87%d8%b1%d8%b3-%d9%85%d8%ae%d8%b7%d9%88%d8%b7%d8%a7%d8%aa-%d8%a7%d9%84%d8%b7%d8%a8-%d8%a7%d9%84%d8%a5%d8%b3%d9%84%d8%a7%d9%85%d9%8a-%d8%a8%d8%a7%d9%84%d9%84%d8%ba%d8%a9-%d8%a7%d9%84%d8%b9","status":"publish","type":"product","link":"https:\/\/www.ircica.org\/fr\/publications\/bibliographies-catalogues\/catalogue-des-manuscrits-medicaux-islamiques-en-arabe-turc-et-person-dans-les-bibliotheques-de-la-turquie","title":{"rendered":"Catalogue des manuscrits m\u00e9dicaux islamiques (en arabe, turc et person) dans les biblioth\u00e8ques de la Turquie"},"content":{"rendered":"<p>Ce catalogue r\u00e9pertorie les oeuvres manuscrites portant sur diff\u00e9rentes sciences m\u00e9dicales produites dans l\u2019aire ottomane au cours des si\u00e8cles derniers. Il cite \u00e0 peu pr\u00e8s 1000 titres de manuscrits originaux et leurs copies (presque 5000 manuscrits en total) situ\u00e9s dans les collections de 129 biblioth\u00e8ques principales de la Turquie.<\/p>\n<p><strong>Quelques extraits des commentaires publi\u00e9s dans des revues internationales: <\/strong>\u201c<em>L\u00e9chelle de cette entreprise est formidable \u2026 Les chercheurs seront reconnaissants \u00e0 ceux qui ont compil\u00e9 ce catalogue, produisant une source de r\u00e9f\u00e9rence utile et pr\u00e9cieuse<\/em>.\u201d L. I. Conrad, Bulletin of the School of Oriental and African Studies, Universit\u00e9 de Londres, 1988<\/p>\n<p>\u201c<em>Le catalogue est probablement le meilleur dans son genre jamais publi\u00e9 dans l\u2019histoire r\u00e9cente. Il marque le commencement d\u2019une p\u00e9riode de constat crucial dans le domaine de l\u2019historiographie m\u00e9dicale<\/em>.\u201d M. A. Anees, Muslim World Book Review, 6, no. 1, 1985<\/p>\n","protected":false},"excerpt":{"rendered":"<p>Pr\u00e9par\u00e9 par Ramazan \u015ee\u015fen, Cemil Akp\u0131nar et Cevat \u0130zgi<br \/>\nIstanbul, 1984 (en arabe)<\/p>\n","protected":false},"featured_media":26867,"template":"","meta":{"_acf_changed":false,"_mi_skip_tracking":false},"product_cat":[183],"product_tag":[],"class_list":{"0":"post-26874","1":"product","2":"type-product","3":"status-publish","4":"has-post-thumbnail","6":"product_cat-bibliographies-catalogues-3","8":"first","9":"instock","10":"shipping-taxable","11":"product-type-simple"},"acf":[],"aioseo_notices":[],"_links":{"self":[{"href":"https:\/\/www.ircica.org\/fr\/wp-json\/wp\/v2\/product\/26874","targetHints":{"allow":["GET"]}}],"collection":[{"href":"https:\/\/www.ircica.org\/fr\/wp-json\/wp\/v2\/product"}],"about":[{"href":"https:\/\/www.ircica.org\/fr\/wp-json\/wp\/v2\/types\/product"}],"wp:featuredmedia":[{"embeddable":true,"href":"https:\/\/www.ircica.org\/fr\/wp-json\/wp\/v2\/media\/26867"}],"wp:attachment":[{"href":"https:\/\/www.ircica.org\/fr\/wp-json\/wp\/v2\/media?parent=26874"}],"wp:term":[{"taxonomy":"product_cat","embeddable":true,"href":"https:\/\/www.ircica.org\/fr\/wp-json\/wp\/v2\/product_cat?post=26874"},{"taxonomy":"product_tag","embeddable":true,"href":"https:\/\/www.ircica.org\/fr\/wp-json\/wp\/v2\/product_tag?post=26874"}],"curies":[{"name":"wp","href":"https:\/\/api.w.org\/{rel}","templated":true}]}}