{"id":26920,"date":"1991-12-15T00:00:00","date_gmt":"1991-12-14T22:00:00","guid":{"rendered":"https:\/\/www.ircica.org\/publications\/non%20class\u00e9\/cultural-dimensions-of-development-in-the-oic-member-states"},"modified":"2024-10-23T14:55:25","modified_gmt":"2024-10-23T11:55:25","slug":"cultural-dimensions-of-development-in-the-oic-member-states","status":"publish","type":"product","link":"https:\/\/www.ircica.org\/fr\/publications\/etudes-sur-le-developpement-culturel\/dimensions-culturelles-du-developpement-dans-les-etats-membres-de-loci","title":{"rendered":"Dimensions culturelles du d\u00e9veloppement dans les \u00c9tats membres de l&rsquo;OCI"},"content":{"rendered":"<p>Cet ouvrage publi\u00e9 par l&rsquo;IRCICA donne un aper\u00e7u des aspects culturels du d\u00e9veloppement dans les \u00c9tats membres de l&rsquo;OCI (45 pays \u00e0 l&rsquo;\u00e9poque), en \u00e9valuant les niveaux d&rsquo;activit\u00e9 et d\u2019avancement de diff\u00e9rents secteurs culturels sur la base des indicateurs statistiques et plans nationaux de d\u00e9veloppement des pays, ainsi que des annuaires statistiques publi\u00e9s. par les agences des NU et la Banque mondiale, en tenant compte des moyennes mondiales des pays en d\u00e9veloppement. Les aspects de la culture couverts par l&rsquo;\u00e9tude sont regroup\u00e9s sous les titres suivants des chapitres : \u00e9ducation, science, biblioth\u00e8ques et \u00e9dition de livres, mus\u00e9es, m\u00e9dias, cin\u00e9mas et arts du spectacle. L&rsquo;\u00e9tude avait \u00e9t\u00e9 entreprise \u00e0 la demande du Conseil des ministres des Affaires \u00e9trang\u00e8res des \u00c9tats membres de l&rsquo;OCI suite \u00e0 la proposition de la R\u00e9publique islamique d&rsquo;Iran.<\/p>\n","protected":false},"excerpt":{"rendered":"<p>Pr\u00e9par\u00e9 par Zeynep Durukal et Mohammed Aslam<br \/>\nIstanbul, 1991 (en anglais)<\/p>\n","protected":false},"featured_media":26917,"template":"","meta":{"_acf_changed":false,"_mi_skip_tracking":false},"product_cat":[370],"product_tag":[],"class_list":{"0":"post-26920","1":"product","2":"type-product","3":"status-publish","4":"has-post-thumbnail","6":"product_cat-etudes-sur-le-developpement-culturel","8":"first","9":"outofstock","10":"shipping-taxable","11":"purchasable","12":"product-type-simple"},"acf":[],"aioseo_notices":[],"_links":{"self":[{"href":"https:\/\/www.ircica.org\/fr\/wp-json\/wp\/v2\/product\/26920","targetHints":{"allow":["GET"]}}],"collection":[{"href":"https:\/\/www.ircica.org\/fr\/wp-json\/wp\/v2\/product"}],"about":[{"href":"https:\/\/www.ircica.org\/fr\/wp-json\/wp\/v2\/types\/product"}],"wp:featuredmedia":[{"embeddable":true,"href":"https:\/\/www.ircica.org\/fr\/wp-json\/wp\/v2\/media\/26917"}],"wp:attachment":[{"href":"https:\/\/www.ircica.org\/fr\/wp-json\/wp\/v2\/media?parent=26920"}],"wp:term":[{"taxonomy":"product_cat","embeddable":true,"href":"https:\/\/www.ircica.org\/fr\/wp-json\/wp\/v2\/product_cat?post=26920"},{"taxonomy":"product_tag","embeddable":true,"href":"https:\/\/www.ircica.org\/fr\/wp-json\/wp\/v2\/product_tag?post=26920"}],"curies":[{"name":"wp","href":"https:\/\/api.w.org\/{rel}","templated":true}]}}