{"id":26936,"date":"2007-12-27T00:00:00","date_gmt":"2007-12-26T22:00:00","guid":{"rendered":"https:\/\/www.ircica.org\/publications\/non%20class\u00e9\/photographs-of-istanbul-from-the-archives-of-sultan-abdulhamid-ii"},"modified":"2024-10-23T15:21:53","modified_gmt":"2024-10-23T12:21:53","slug":"photographs-of-istanbul-from-the-archives-of-sultan-abdulhamid-ii","status":"publish","type":"product","link":"https:\/\/www.ircica.org\/fr\/publications\/photographies-historiques\/photographies-distanbul-provenant-des-archives-du-sultan-abdulhamid-ii","title":{"rendered":"Photographies d&rsquo;Istanbul provenant des archives du Sultan Abdulhamid II"},"content":{"rendered":"<p>Cet album a \u00e9t\u00e9 pr\u00e9par\u00e9 et publi\u00e9 par l&rsquo;IRCICA en collaboration avec la municipalit\u00e9 m\u00e9tropolitaine d&rsquo;Istanbul \u00e0 travers son institution culturelle \u00ab K\u00fclt\u00fcr A\u015e \u00bb. Il contient 576 photographies d&rsquo;Istanbul prises \u00e0 la fin du XIXe et au d\u00e9but du XXe si\u00e8cle, illustrant ses diff\u00e9rents quartiers, ses b\u00e2timents, sa vie sociale et ses activit\u00e9s \u00e9conomiques. Les photographies ont \u00e9t\u00e9 s\u00e9lectionn\u00e9es dans les albums photographiques de Y\u0131ld\u0131z, qui comprennent au total environ 35 000 photographies provenant de tout l&#8217;empire ottoman. L&rsquo;album contient une introduction sur l&rsquo;histoire de la photographie, les photographes qui ont travaill\u00e9 dans diverses r\u00e9gions de l&#8217;empire et les studios de photographie. Le livre est pr\u00e9fac\u00e9 par S.E. M. Recep Tayyip Erdo\u011fan, alors Premier ministre de Turquie, le Secr\u00e9taire g\u00e9n\u00e9ral de l&rsquo;OCI, Prof. Ekmeleddin \u0130hsano\u011flu ; et le maire d&rsquo;Istanbul Dr. Kadir Topba\u015f. Les photographies sont regroup\u00e9es selon leurs sujets, sous les rubriques suivantes : les paysages, les palais (maisons, r\u00e9sidences, pavillons), les mosqu\u00e9es, les tombeaux, les fontaines (fontaines publiques, citernes, aqueducs), les monuments, les casernes (commissariats), les h\u00f4pitaux, les \u00e9coles, les b\u00e2timents publics, les mus\u00e9es, les c\u00e9r\u00e9monies et processions, les fonctionnaires \u00e9trangers, les usines, la vie sociale, les remparts, les sports, le tremblement de terre de 1894.<\/p>\n","protected":false},"excerpt":{"rendered":"<p>Publi\u00e9 par la Municipalit\u00e9 m\u00e9tropolitaine d&rsquo;Istanbul- K\u00fclt\u00fcr A.\u015e. et l\u2019IRCICA<br \/>\nIstanbul, 2007 (en turc et anglais)<\/p>\n","protected":false},"featured_media":26925,"template":"","meta":{"_acf_changed":false,"_mi_skip_tracking":false},"product_cat":[169],"product_tag":[],"class_list":{"0":"post-26936","1":"product","2":"type-product","3":"status-publish","4":"has-post-thumbnail","6":"product_cat-photographies-historiques","8":"first","9":"instock","10":"shipping-taxable","11":"product-type-simple"},"acf":[],"aioseo_notices":[],"_links":{"self":[{"href":"https:\/\/www.ircica.org\/fr\/wp-json\/wp\/v2\/product\/26936","targetHints":{"allow":["GET"]}}],"collection":[{"href":"https:\/\/www.ircica.org\/fr\/wp-json\/wp\/v2\/product"}],"about":[{"href":"https:\/\/www.ircica.org\/fr\/wp-json\/wp\/v2\/types\/product"}],"wp:featuredmedia":[{"embeddable":true,"href":"https:\/\/www.ircica.org\/fr\/wp-json\/wp\/v2\/media\/26925"}],"wp:attachment":[{"href":"https:\/\/www.ircica.org\/fr\/wp-json\/wp\/v2\/media?parent=26936"}],"wp:term":[{"taxonomy":"product_cat","embeddable":true,"href":"https:\/\/www.ircica.org\/fr\/wp-json\/wp\/v2\/product_cat?post=26936"},{"taxonomy":"product_tag","embeddable":true,"href":"https:\/\/www.ircica.org\/fr\/wp-json\/wp\/v2\/product_tag?post=26936"}],"curies":[{"name":"wp","href":"https:\/\/api.w.org\/{rel}","templated":true}]}}