{"id":26949,"date":"1982-08-24T00:00:00","date_gmt":"1982-08-23T21:00:00","guid":{"rendered":"https:\/\/www.ircica.org\/publications\/non%20class\u00e9\/%d8%a3%d9%88%d9%82%d8%a7%d9%81-%d9%88%d8%a3%d9%85%d9%84%d8%a7%d9%83-%d8%a7%d9%84%d9%85%d8%b3%d9%84%d9%85%d9%8a%d9%86-%d9%81%d9%8a-%d9%81%d9%84%d8%b3%d8%b7%d9%8a%d9%86-the-muslim-pious-foundations-and"},"modified":"2024-10-23T15:44:25","modified_gmt":"2024-10-23T12:44:25","slug":"%d8%a3%d9%88%d9%82%d8%a7%d9%81-%d9%88%d8%a3%d9%85%d9%84%d8%a7%d9%83-%d8%a7%d9%84%d9%85%d8%b3%d9%84%d9%85%d9%8a%d9%86-%d9%81%d9%8a-%d9%81%d9%84%d8%b3%d8%b7%d9%8a%d9%86-the-muslim-pious-foundations-and","status":"publish","type":"product","link":"https:\/\/www.ircica.org\/fr\/publications\/histoire-de-la-civilisation-islamique\/asie\/moyen-orient-et-mediterranee\/fondations-pieuses-et-biens-immobiliers-des-musulmans-en-palestine","title":{"rendered":"Fondations pieuses et biens immobiliers des musulmans en Palestine"},"content":{"rendered":"<p>Cet ouvrage contient des informations d\u00e9chiffr\u00e9es et trait\u00e9es \u00e0 partir d&rsquo;un registre de l&rsquo;\u00c9tat ottoman datant du XVIe si\u00e8cle et concernant les fondations et les propri\u00e9t\u00e9s musulmanes dans cinq r\u00e9gions de Palestine\u00a0: Al-Quds, Gaza, Safad, Naplouse et Ajlun, v\u00e9rifi\u00e9es en comparaison avec trois autres registres, et traduites en arabe. Contient des index des noms, des lieux et des termes. Ses exemplaires s\u2019\u00e9tant \u00e9puis\u00e9s, une deuxi\u00e8me \u00e9dition a \u00e9t\u00e9 publi\u00e9e par l\u2019IRCICA en 2024.<\/p>\n","protected":false},"excerpt":{"rendered":"<p>Compil\u00e9 par Mehmet \u0130p\u015firli, Mohammed Da&rsquo;oud Al Tamimi<br \/>\nIstanbul, 1982 (en arabe)<\/p>\n","protected":false},"featured_media":26942,"template":"","meta":{"_acf_changed":false,"_mi_skip_tracking":false},"product_cat":[164,362],"product_tag":[],"class_list":{"0":"post-26949","1":"product","2":"type-product","3":"status-publish","4":"has-post-thumbnail","6":"product_cat-histoire-de-la-civilisation-islamique","7":"product_cat-moyen-orient-et-mediterranee","9":"first","10":"outofstock","11":"shipping-taxable","12":"purchasable","13":"product-type-simple"},"acf":[],"aioseo_notices":[],"_links":{"self":[{"href":"https:\/\/www.ircica.org\/fr\/wp-json\/wp\/v2\/product\/26949","targetHints":{"allow":["GET"]}}],"collection":[{"href":"https:\/\/www.ircica.org\/fr\/wp-json\/wp\/v2\/product"}],"about":[{"href":"https:\/\/www.ircica.org\/fr\/wp-json\/wp\/v2\/types\/product"}],"wp:featuredmedia":[{"embeddable":true,"href":"https:\/\/www.ircica.org\/fr\/wp-json\/wp\/v2\/media\/26942"}],"wp:attachment":[{"href":"https:\/\/www.ircica.org\/fr\/wp-json\/wp\/v2\/media?parent=26949"}],"wp:term":[{"taxonomy":"product_cat","embeddable":true,"href":"https:\/\/www.ircica.org\/fr\/wp-json\/wp\/v2\/product_cat?post=26949"},{"taxonomy":"product_tag","embeddable":true,"href":"https:\/\/www.ircica.org\/fr\/wp-json\/wp\/v2\/product_tag?post=26949"}],"curies":[{"name":"wp","href":"https:\/\/api.w.org\/{rel}","templated":true}]}}