{"id":26958,"date":"2008-05-27T00:00:00","date_gmt":"2008-05-26T21:00:00","guid":{"rendered":"https:\/\/www.ircica.org\/publications\/non%20class\u00e9\/%d8%af%d9%84%d9%8a%d9%84-%d8%a7%d9%84%d8%a3%d8%b1%d8%b4%d9%8a%d9%81-%d8%a7%d9%84%d8%b9%d8%ab%d9%85%d8%a7%d9%86%d9%8a-%d9%81%d9%87%d8%b1%d8%b3-%d8%ac%d8%a7%d9%85%d8%b9-%d9%84%d9%88%d8%ab%d8%a7%d8%a6"},"modified":"2024-10-23T16:20:21","modified_gmt":"2024-10-23T13:20:21","slug":"%d8%af%d9%84%d9%8a%d9%84-%d8%a7%d9%84%d8%a3%d8%b1%d8%b4%d9%8a%d9%81-%d8%a7%d9%84%d8%b9%d8%ab%d9%85%d8%a7%d9%86%d9%8a-%d9%81%d9%87%d8%b1%d8%b3-%d8%ac%d8%a7%d9%85%d8%b9-%d9%84%d9%88%d8%ab%d8%a7%d8%a6","status":"publish","type":"product","link":"https:\/\/www.ircica.org\/fr\/publications\/bibliographies-catalogues\/guide-des-archives-ottomanes-un-index-complet-des-documents-ottomans","title":{"rendered":"Guide des archives ottomanes. Un index complet des documents ottomans"},"content":{"rendered":"<p>Les documents d&rsquo;archives h\u00e9rit\u00e9s de l&rsquo;\u00c9tat ottoman constituent un fonds de r\u00e9f\u00e9rence unique en ce qui concerne l&rsquo;histoire des pays qui faisaient autrefois partie du monde ottoman. Les collections conserv\u00e9es aux Archive ottomanes rattach\u00e9es \u00e0 la pr\u00e9sidence de la R\u00e9publique de Turquie consistent en de milliers de documents \u00e9mis par l\u2019\u00c9tat ottoman. Cette publication contient la traduction arabe du guide publi\u00e9 par les e D\u00e9partement des Archives ottomanes en 2000. L&rsquo;introduction donne des informations sur le syst\u00e8me d&rsquo;archives de l&rsquo;\u00c9tat ottoman, l&rsquo;\u00e9volution des archives et la classification des collections ; une autre section d\u00e9crit les collections de cartes g\u00e9ographiques, d&rsquo;albums et de photographies, les collections transf\u00e9r\u00e9es d&rsquo;archives personnelles et les catalogues de documents contenus dans les archives turques et \u00e9trang\u00e8res. La derni\u00e8re section d\u00e9crit la structure administrative du D\u00e9partement et les r\u00e8gles \u00e0 suivre lors de recherches. Un index est ajout\u00e9 au guide.<\/p>\n","protected":false},"excerpt":{"rendered":"<p>Istanbul, 2008 (en arabe)<\/p>\n","protected":false},"featured_media":26955,"template":"","meta":{"_acf_changed":false,"_mi_skip_tracking":false},"product_cat":[183],"product_tag":[],"class_list":{"0":"post-26958","1":"product","2":"type-product","3":"status-publish","4":"has-post-thumbnail","6":"product_cat-bibliographies-catalogues-3","8":"first","9":"outofstock","10":"shipping-taxable","11":"purchasable","12":"product-type-simple"},"acf":[],"aioseo_notices":[],"_links":{"self":[{"href":"https:\/\/www.ircica.org\/fr\/wp-json\/wp\/v2\/product\/26958","targetHints":{"allow":["GET"]}}],"collection":[{"href":"https:\/\/www.ircica.org\/fr\/wp-json\/wp\/v2\/product"}],"about":[{"href":"https:\/\/www.ircica.org\/fr\/wp-json\/wp\/v2\/types\/product"}],"wp:featuredmedia":[{"embeddable":true,"href":"https:\/\/www.ircica.org\/fr\/wp-json\/wp\/v2\/media\/26955"}],"wp:attachment":[{"href":"https:\/\/www.ircica.org\/fr\/wp-json\/wp\/v2\/media?parent=26958"}],"wp:term":[{"taxonomy":"product_cat","embeddable":true,"href":"https:\/\/www.ircica.org\/fr\/wp-json\/wp\/v2\/product_cat?post=26958"},{"taxonomy":"product_tag","embeddable":true,"href":"https:\/\/www.ircica.org\/fr\/wp-json\/wp\/v2\/product_tag?post=26958"}],"curies":[{"name":"wp","href":"https:\/\/api.w.org\/{rel}","templated":true}]}}