{"id":26966,"date":"1997-08-24T00:00:00","date_gmt":"1997-08-23T21:00:00","guid":{"rendered":"https:\/\/www.ircica.org\/publications\/non%20class\u00e9\/the-advent-of-islam-in-korea-a-historical-account"},"modified":"2024-10-23T16:37:13","modified_gmt":"2024-10-23T13:37:13","slug":"the-advent-of-islam-in-korea-a-historical-account","status":"publish","type":"product","link":"https:\/\/www.ircica.org\/fr\/publications\/histoire-de-la-civilisation-islamique\/asie\/lavenement-de-lislam-en-coree-un-recit-historique","title":{"rendered":"L&rsquo;av\u00e8nement de l&rsquo;Islam en Cor\u00e9e (un r\u00e9cit historique)"},"content":{"rendered":"<p>Les contacts culturels entre la Cor\u00e9e et le monde islamique sont consid\u00e9r\u00e9s comme ayant r\u00e9sult\u00e9 des relations commerciales entre la Chine ancienne et l&rsquo;Arabie par le biais des routes maritimes, d\u00e8s le troisi\u00e8me si\u00e8cle de l&rsquo;H\u00e9gire &#8211; milieu du IXe si\u00e8cle apr\u00e8s J.-C. Ceci contrairement \u00e0 ce qu\u2019on croyait auparavant, comme quoi l&rsquo;islam arait \u00e9t\u00e9 introduit en Cor\u00e9e en 1955 par la brigade turque faisant partie des forces des NU, car l\u2019Islam ou son influence culturelle avaient p\u00e9n\u00e9tr\u00e9 en Cor\u00e9e bien avant. Cet ouvrage retrace les diff\u00e9rents aspects de cet h\u00e9ritage historique soutenu par des contacts \u00e9troits et amicaux entre la Cor\u00e9e et l&rsquo;espace culturel islamique ainsi que par les activit\u00e9s \u00e9ducatives des communaut\u00e9s turciques dans la p\u00e9riode pr\u00e9-moderne en Cor\u00e9e.<\/p>\n<p>Cet ouvrage a jou\u00e9 un r\u00f4le de pionnier dans l\u2019\u00e9claircissement de ce processus. L&rsquo;auteur, le professeur Hee Soo LEE, est professeur au d\u00e9partement d&rsquo;anthropologie culturelle de l&rsquo;universit\u00e9 de Hanyang, en Cor\u00e9e, et directeur du mus\u00e9e universitaire. Il a consacr\u00e9 des ann\u00e9es de recherche \u00e0 ce th\u00e8me, depuis ses \u00e9tudes de doctorat \u00e0 l&rsquo;Universit\u00e9 d&rsquo;Istanbul menant \u00e0 sa th\u00e8se intitul\u00e9e \u00ab La diffusion de la culture islamo-turque en Asie de l&rsquo;Est \u00bb r\u00e9dig\u00e9e en turc. \u00c0 l&rsquo;invitation de l&rsquo;IRCICA, l&rsquo;auteur l&rsquo;avait traduit en anglais, ce qui a donn\u00e9 lieu \u00e0 ce livre intitul\u00e9 \u00ab\u00a0L&rsquo;av\u00e8nement de l&rsquo;Islam en Cor\u00e9e (un r\u00e9cit historique).\u00a0\u00bb L\u2019int\u00e9r\u00eat de l\u2019auteur sur ce th\u00e8me de recherche s\u2019est poursuivi depuis lors, aboutissant \u00e0 un ouvrage ult\u00e9rieur intitul\u00e9 \u00ab La Cor\u00e9e et le monde musulman: un r\u00e9cit historique \u00bb publi\u00e9 par l\u2019IRCICA en 2020.<\/p>\n","protected":false},"excerpt":{"rendered":"<p>Par Hee-Soo LEE<br \/>\nIstanbul, 1997 (en anglais)<\/p>\n","protected":false},"featured_media":26963,"template":"","meta":{"_acf_changed":false,"_mi_skip_tracking":false},"product_cat":[181,170],"product_tag":[],"class_list":{"0":"post-26966","1":"product","2":"type-product","3":"status-publish","4":"has-post-thumbnail","6":"product_cat-asie","7":"product_cat-relations-interculturelles","9":"first","10":"outofstock","11":"shipping-taxable","12":"purchasable","13":"product-type-simple"},"acf":[],"aioseo_notices":[],"_links":{"self":[{"href":"https:\/\/www.ircica.org\/fr\/wp-json\/wp\/v2\/product\/26966","targetHints":{"allow":["GET"]}}],"collection":[{"href":"https:\/\/www.ircica.org\/fr\/wp-json\/wp\/v2\/product"}],"about":[{"href":"https:\/\/www.ircica.org\/fr\/wp-json\/wp\/v2\/types\/product"}],"wp:featuredmedia":[{"embeddable":true,"href":"https:\/\/www.ircica.org\/fr\/wp-json\/wp\/v2\/media\/26963"}],"wp:attachment":[{"href":"https:\/\/www.ircica.org\/fr\/wp-json\/wp\/v2\/media?parent=26966"}],"wp:term":[{"taxonomy":"product_cat","embeddable":true,"href":"https:\/\/www.ircica.org\/fr\/wp-json\/wp\/v2\/product_cat?post=26966"},{"taxonomy":"product_tag","embeddable":true,"href":"https:\/\/www.ircica.org\/fr\/wp-json\/wp\/v2\/product_tag?post=26966"}],"curies":[{"name":"wp","href":"https:\/\/api.w.org\/{rel}","templated":true}]}}