{"id":26976,"date":"2005-08-24T00:00:00","date_gmt":"2005-08-23T21:00:00","guid":{"rendered":"https:\/\/www.ircica.org\/publications\/non%20class\u00e9\/cultural-contacts-in-building-a-universal-civilisation-islamic-contributions-2005"},"modified":"2024-10-24T10:26:38","modified_gmt":"2024-10-24T07:26:38","slug":"cultural-contacts-in-building-a-universal-civilisation-islamic-contributions-2005","status":"publish","type":"product","link":"https:\/\/www.ircica.org\/fr\/publications\/relations-interculturelles\/les-contacts-culturels-dans-la-construction-dune-civilisation-universelle-contributions-islamiques","title":{"rendered":"Les contacts culturels dans la construction d&rsquo;une civilisation universelle. Contributions islamiques"},"content":{"rendered":"<p>Ce livre contient les communications pr\u00e9sent\u00e9es lors du congr\u00e8s international sur \u00ab\u00a0Les contacts culturels dans la construction d&rsquo;une civilisation universelle. Contributions islamiques\u00a0\u00bb qui avait \u00e9t\u00e9 organis\u00e9 par l&rsquo;IRCICA et l&rsquo;Universit\u00e9 am\u00e9ricaine de Charjah sous le patronage de S.A. Cheikh Dr. Sultan bin Mohamed Al-Qassimi, Membre du Conseil supr\u00eame des \u00c9mirats arabes unis et \u00c9mir de Charjah, et qui s&rsquo;est tenu \u00e0 Charjah du 17 au 19 janvier 2004.<\/p>\n<p>D&rsquo;\u00e9minents sp\u00e9cialistes en provenance des \u00c9tats membres de l&rsquo;OCI, des \u00c9tats-Unis et d&rsquo;Europe ont particip\u00e9 au congr\u00e8s, y contribuant des articles sur les influences philosophiques, scientifiques, technologiques, artistiques et architecturales du monde musulman sur d&rsquo;autres cultures \u00e0 diff\u00e9rentes p\u00e9riodes de l&rsquo;histoire.<\/p>\n","protected":false},"excerpt":{"rendered":"<p>Actes du congr\u00e8s<br \/>\nIRCICA, Istanbul, 2005<br \/>\n(Texte en anglais et en arabe)<\/p>\n","protected":false},"featured_media":26973,"template":"","meta":{"_acf_changed":false,"_mi_skip_tracking":false},"product_cat":[170],"product_tag":[],"class_list":{"0":"post-26976","1":"product","2":"type-product","3":"status-publish","4":"has-post-thumbnail","6":"product_cat-relations-interculturelles","8":"first","9":"outofstock","10":"shipping-taxable","11":"purchasable","12":"product-type-simple"},"acf":[],"aioseo_notices":[],"_links":{"self":[{"href":"https:\/\/www.ircica.org\/fr\/wp-json\/wp\/v2\/product\/26976","targetHints":{"allow":["GET"]}}],"collection":[{"href":"https:\/\/www.ircica.org\/fr\/wp-json\/wp\/v2\/product"}],"about":[{"href":"https:\/\/www.ircica.org\/fr\/wp-json\/wp\/v2\/types\/product"}],"wp:featuredmedia":[{"embeddable":true,"href":"https:\/\/www.ircica.org\/fr\/wp-json\/wp\/v2\/media\/26973"}],"wp:attachment":[{"href":"https:\/\/www.ircica.org\/fr\/wp-json\/wp\/v2\/media?parent=26976"}],"wp:term":[{"taxonomy":"product_cat","embeddable":true,"href":"https:\/\/www.ircica.org\/fr\/wp-json\/wp\/v2\/product_cat?post=26976"},{"taxonomy":"product_tag","embeddable":true,"href":"https:\/\/www.ircica.org\/fr\/wp-json\/wp\/v2\/product_tag?post=26976"}],"curies":[{"name":"wp","href":"https:\/\/api.w.org\/{rel}","templated":true}]}}