{"id":26984,"date":"1999-12-24T00:00:00","date_gmt":"1999-12-23T22:00:00","guid":{"rendered":"https:\/\/www.ircica.org\/publications\/non%20class\u00e9\/the-west-and-islam-towards-a-dialogue"},"modified":"2024-10-24T10:43:40","modified_gmt":"2024-10-24T07:43:40","slug":"the-west-and-islam-towards-a-dialogue","status":"publish","type":"product","link":"https:\/\/www.ircica.org\/fr\/publications\/relations-interculturelles\/loccident-et-lislam-vers-un-dialogue","title":{"rendered":"L\u2019Occident et l\u2019Islam. Vers un dialogue"},"content":{"rendered":"<p>Cet ouvrage recueille un choix de conf\u00e9rences et de discours prononc\u00e9s \u00e0 l\u2019IRCICA dans diff\u00e9rentes occasions, par des personnalit\u00e9s politiques et universitaires du monde occidental et du monde musulman sur divers aspects du th\u00e8me \u00ab L\u2019Occident et l\u2019Islam \u00bb.<\/p>\n","protected":false},"excerpt":{"rendered":"<p><strong>Ekmeleddin \u0130hsano\u011flu et des invit\u00e9s \u00e0 l\u2019IRCICA : Hillary R. Clinton, Hajo Funke, Murad W. Hofmann, Ingmar Karlsson, Bassam Tibi<\/strong><\/p>\n<p>Pr\u00e9par\u00e9 pour publication par Zeynep Durukal et Isa Waley<\/p>\n<p>Istanbul, 1999 (en anglais)<\/p>\n","protected":false},"featured_media":26981,"template":"","meta":{"_acf_changed":false,"_mi_skip_tracking":false},"product_cat":[170],"product_tag":[],"class_list":{"0":"post-26984","1":"product","2":"type-product","3":"status-publish","4":"has-post-thumbnail","6":"product_cat-relations-interculturelles","8":"first","9":"outofstock","10":"shipping-taxable","11":"purchasable","12":"product-type-simple"},"acf":[],"aioseo_notices":[],"_links":{"self":[{"href":"https:\/\/www.ircica.org\/fr\/wp-json\/wp\/v2\/product\/26984","targetHints":{"allow":["GET"]}}],"collection":[{"href":"https:\/\/www.ircica.org\/fr\/wp-json\/wp\/v2\/product"}],"about":[{"href":"https:\/\/www.ircica.org\/fr\/wp-json\/wp\/v2\/types\/product"}],"wp:featuredmedia":[{"embeddable":true,"href":"https:\/\/www.ircica.org\/fr\/wp-json\/wp\/v2\/media\/26981"}],"wp:attachment":[{"href":"https:\/\/www.ircica.org\/fr\/wp-json\/wp\/v2\/media?parent=26984"}],"wp:term":[{"taxonomy":"product_cat","embeddable":true,"href":"https:\/\/www.ircica.org\/fr\/wp-json\/wp\/v2\/product_cat?post=26984"},{"taxonomy":"product_tag","embeddable":true,"href":"https:\/\/www.ircica.org\/fr\/wp-json\/wp\/v2\/product_tag?post=26984"}],"curies":[{"name":"wp","href":"https:\/\/api.w.org\/{rel}","templated":true}]}}