{"id":26994,"date":"1986-12-24T00:00:00","date_gmt":"1986-12-23T22:00:00","guid":{"rendered":"https:\/\/www.ircica.org\/publications\/non%20class\u00e9\/world-bibliography-of-translations-of-the-meaning-of-the-holy-quran-printed-translations-1515-1980"},"modified":"2024-10-24T10:57:21","modified_gmt":"2024-10-24T07:57:21","slug":"world-bibliography-of-translations-of-the-meaning-of-the-holy-quran-printed-translations-1515-1980","status":"publish","type":"product","link":"https:\/\/www.ircica.org\/fr\/publications\/etudes-sur-le-saint-coran\/bibliographie-mondiale-des-traductions-du-saint-coran-traductions-imprimees-1515-1980","title":{"rendered":"Bibliographie mondiale des traductions du Saint Coran. Traductions imprim\u00e9es (1515-1980)"},"content":{"rendered":"<p>Cette bibliographie fournit des informations sur 2672 ouvrages qui sont les originaux, les copies et les diff\u00e9rentes \u00e9ditions de 551 traductions compl\u00e8tes et 883 traductions incompl\u00e8tes du Saint Coran dans 65 langues et dialectes diff\u00e9rents. L&rsquo;introduction est une \u00e9tude sur l&rsquo;histoire des traductions du Coran depuis l&rsquo;av\u00e8nement de l&rsquo;Islam jusqu&rsquo;\u00e0 nos jours.<\/p>\n<p>La publication de cette bibliographie avait \u00e9t\u00e9 salu\u00e9e par les milieux universitaires concern\u00e9s. Une \u00e9dition r\u00e9vis\u00e9e, mise \u00e0 jour par Mehmet Serdar Bekar \u00e0 l&rsquo;IRCICA pour couvrir les traductions publi\u00e9es jusqu&rsquo;en 2015 incluses, a \u00e9t\u00e9 pr\u00e9par\u00e9e sous forme de livre \u00e9lectronique en 2023.<\/p>\n","protected":false},"excerpt":{"rendered":"<p>Pr\u00e9par\u00e9 par \u0130smet Binark et Halit Eren<br \/>\n\u00c9dit\u00e9 et pr\u00e9fac\u00e9 par Ekmeleddin \u0130hsano\u011flu<br \/>\nIstanbul, 1986 (en anglais)<\/p>\n","protected":false},"featured_media":26991,"template":"","meta":{"_acf_changed":false,"_mi_skip_tracking":false},"product_cat":[183,117],"product_tag":[],"class_list":{"0":"post-26994","1":"product","2":"type-product","3":"status-publish","4":"has-post-thumbnail","6":"product_cat-bibliographies-catalogues-3","7":"product_cat-etudes-sur-le-saint-coran","9":"first","10":"outofstock","11":"shipping-taxable","12":"purchasable","13":"product-type-simple"},"acf":[],"aioseo_notices":[],"_links":{"self":[{"href":"https:\/\/www.ircica.org\/fr\/wp-json\/wp\/v2\/product\/26994","targetHints":{"allow":["GET"]}}],"collection":[{"href":"https:\/\/www.ircica.org\/fr\/wp-json\/wp\/v2\/product"}],"about":[{"href":"https:\/\/www.ircica.org\/fr\/wp-json\/wp\/v2\/types\/product"}],"wp:featuredmedia":[{"embeddable":true,"href":"https:\/\/www.ircica.org\/fr\/wp-json\/wp\/v2\/media\/26991"}],"wp:attachment":[{"href":"https:\/\/www.ircica.org\/fr\/wp-json\/wp\/v2\/media?parent=26994"}],"wp:term":[{"taxonomy":"product_cat","embeddable":true,"href":"https:\/\/www.ircica.org\/fr\/wp-json\/wp\/v2\/product_cat?post=26994"},{"taxonomy":"product_tag","embeddable":true,"href":"https:\/\/www.ircica.org\/fr\/wp-json\/wp\/v2\/product_tag?post=26994"}],"curies":[{"name":"wp","href":"https:\/\/api.w.org\/{rel}","templated":true}]}}