{"id":27041,"date":"2024-10-25T10:41:52","date_gmt":"2024-10-25T07:41:52","guid":{"rendered":"https:\/\/www.ircica.org\/publications\/non%20class\u00e9\/the-artist-and-the-sultan-aq-qoyunlu-sultan-khalil-and-the-arts-of-the-book"},"modified":"2024-10-25T10:45:57","modified_gmt":"2024-10-25T07:45:57","slug":"the-artist-and-the-sultan-aq-qoyunlu-sultan-khalil-and-the-arts-of-the-book","status":"publish","type":"product","link":"https:\/\/www.ircica.org\/fr\/publications\/arts-artisanats\/lartiste-et-le-sultan-le-sultan-khalil-daq-qoyunlu-et-les-arts-du-livre","title":{"rendered":"L\u2019artiste et le sultan. Le sultan Khalil d\u2019Aq Qoyunlu et les arts du livre"},"content":{"rendered":"<p>La publication de l\u2019IRCICA intitul\u00e9e \u00ab L\u2019artiste et le sultan. Le sultan Khalil d\u2019Aq-Qoyunlu et les arts du livre \u00bb met en lumi\u00e8re le d\u00e9veloppement des arts du livre sous les \u00c9tats turcs qui r\u00e9gnaient dans les r\u00e9gions centrales de la g\u00e9ographie islamique au cours des XIIIe-XVIe si\u00e8cles, correspondant \u00e0 l\u2019une des p\u00e9riodes d\u2019apog\u00e9e de la civilisation islamique. Les arts de la calligraphie, de l\u2019enluminure, de la miniature, du papier marbr\u00e9, du papier d\u00e9coup\u00e9, et de la reliure, qui se sont d\u00e9velopp\u00e9s dans le cadre de la culture et de la civilisation islamiques, ont connu des avanc\u00e9es majeures sous les Mamelouks (1250-1517) et les Timourides (1370), dont le patrimoine a \u00e9t\u00e9 transmis plus tard aux Safavides par l\u2019interm\u00e9diaire des \u00c9tats de Qara-Qoyunlu et d\u2019Aq-Qoyunlu. Sous ces deux \u00c9tats, d\u2019\u00e9minents artistes ont \u00e9merg\u00e9 de centres tels que Bagdad, Chiraz et Tabriz, et la production de manuscrits illustr\u00e9s a augment\u00e9. Cette \u00e9tude porte sur les \u0153uvres produites pendant la p\u00e9riode de Khalil d\u2019Aq-Qoyunlu, gouverneur de Chiraz (1371-1378) et sultan (1378), qui \u00e9tait un m\u00e9c\u00e8ne des arts et de la culture. Sur la base de trente \u0153uvres datant de son \u00e9poque ou attribu\u00e9es \u00e0 celle-ci, l\u2019\u00e9tude examine les principes, les styles et les th\u00e8mes qui ont caract\u00e9ris\u00e9 les arts de la calligraphie, de l\u2019enluminure, de la miniature et de la reliure, en retra\u00e7ant les influences stylistiques dans le temps et dans l&rsquo;espace. Nous esp\u00e9rons que ce livre apportera une contribution pr\u00e9cieuse aux \u00e9tudes dans ce domaine.<\/p>\n","protected":false},"excerpt":{"rendered":"<p>Mercan H\u00fcseyni<br \/>\nIRCICA, 2024, (en turc)<br \/>\nPr\u00e9face : Prof. Dr. Mahmud Erol K\u0131l\u0131\u00e7<br \/>\n\u00e9dit\u00e9 par le Prof. Dr. Cengiz Tomar<br \/>\nS\u00e9rie des \u00e9tudes et des sources sur l\u2019histoire de la civilisation islamique<\/p>\n","protected":false},"featured_media":27030,"template":"","meta":{"_acf_changed":false,"_mi_skip_tracking":false},"product_cat":[189],"product_tag":[],"class_list":{"0":"post-27041","1":"product","2":"type-product","3":"status-publish","4":"has-post-thumbnail","6":"product_cat-arts-artisanats","8":"first","9":"instock","10":"shipping-taxable","11":"product-type-simple"},"acf":[],"aioseo_notices":[],"_links":{"self":[{"href":"https:\/\/www.ircica.org\/fr\/wp-json\/wp\/v2\/product\/27041","targetHints":{"allow":["GET"]}}],"collection":[{"href":"https:\/\/www.ircica.org\/fr\/wp-json\/wp\/v2\/product"}],"about":[{"href":"https:\/\/www.ircica.org\/fr\/wp-json\/wp\/v2\/types\/product"}],"wp:featuredmedia":[{"embeddable":true,"href":"https:\/\/www.ircica.org\/fr\/wp-json\/wp\/v2\/media\/27030"}],"wp:attachment":[{"href":"https:\/\/www.ircica.org\/fr\/wp-json\/wp\/v2\/media?parent=27041"}],"wp:term":[{"taxonomy":"product_cat","embeddable":true,"href":"https:\/\/www.ircica.org\/fr\/wp-json\/wp\/v2\/product_cat?post=27041"},{"taxonomy":"product_tag","embeddable":true,"href":"https:\/\/www.ircica.org\/fr\/wp-json\/wp\/v2\/product_tag?post=27041"}],"curies":[{"name":"wp","href":"https:\/\/api.w.org\/{rel}","templated":true}]}}