{"id":27050,"date":"1999-08-24T00:00:00","date_gmt":"1999-08-23T21:00:00","guid":{"rendered":"https:\/\/www.ircica.org\/publications\/non%20class\u00e9\/awards-of-the-first-international-islamic-artisans-at-work-festival-lok-virsa-ircica-craft-awards-islamabad-1994"},"modified":"2024-10-25T11:28:22","modified_gmt":"2024-10-25T08:28:22","slug":"awards-of-the-first-international-islamic-artisans-at-work-festival-lok-virsa-ircica-craft-awards-islamabad-1994","status":"publish","type":"product","link":"https:\/\/www.ircica.org\/fr\/publications\/arts-artisanats\/prix-du-premier-festival-international-des-artisans-au-travail-prix-de-lartisanat-lok-virsa-ircica-islamabad-1994","title":{"rendered":"Prix du Premier festival international des artisans au travail. Prix de l\u2019Artisanat Lok Virsa-IRCICA (Islamabad, 1994)"},"content":{"rendered":"<p>Cet album contient les photographies de toutes les \u0153uvres prim\u00e9es du Premier festival international des artisans au travail, qui s\u2019\u00e9tait tenu \u00e0 Islamabad du 7 au 14 octobre 1994. Ce festival splendide avait \u00e9t\u00e9 organis\u00e9 par l\u2019institution culturelle Lok Virsa affili\u00e9 au minist\u00e8re de la Culture de la R\u00e9publique islamique du Pakistan, et l&rsquo;IRCICA. Les \u0153uvres prim\u00e9es pr\u00e9sent\u00e9es dans l&rsquo;album appartiennent \u00e0 des artisans d&rsquo;Afghanistan, d&rsquo;Azerba\u00efdjan, de Chine, d&rsquo;\u00c9gypte, d&rsquo;Iran, de Malaisie, du Maroc, d&rsquo;Ouzb\u00e9kistan, de Palestine, du Pakistan, du Sri Lanka, de Syrie, du Tadjikistan, du Tatarstan (Russie), de Tunisie, et de Turquie. De br\u00e8ves explications sur chaque produit accompagnent les photographies, concernant son poids, les mat\u00e9riaux utilis\u00e9s, et le th\u00e8me. Les objets ont \u00e9t\u00e9 class\u00e9s dans les cat\u00e9gories suivantes : poterie et c\u00e9ramique, verrerie color\u00e9e, peinture en miniature, tapis et kilims, tissage, broderie, travail du bois, travail du cuir, travail du m\u00e9tal et orf\u00e8vrerie, et artisanat architectural. Les \u00e9valuations dans chaque cat\u00e9gorie ont \u00e9t\u00e9 faites selon les quatre crit\u00e8res suivants : excellence, concept cr\u00e9atif, design, et invention dans la technique traditionnelle.<\/p>\n","protected":false},"excerpt":{"rendered":"<p>Pr\u00e9par\u00e9 pour la publication par Nazeih Taleb Maarouf<br \/>\nIstanbul 1999 (en anglais)<br \/>\nISBN 929063085X<\/p>\n","protected":false},"featured_media":27047,"template":"","meta":{"_acf_changed":false,"_mi_skip_tracking":false},"product_cat":[189],"product_tag":[],"class_list":{"0":"post-27050","1":"product","2":"type-product","3":"status-publish","4":"has-post-thumbnail","6":"product_cat-arts-artisanats","8":"first","9":"outofstock","10":"shipping-taxable","11":"purchasable","12":"product-type-simple"},"acf":[],"aioseo_notices":[],"_links":{"self":[{"href":"https:\/\/www.ircica.org\/fr\/wp-json\/wp\/v2\/product\/27050","targetHints":{"allow":["GET"]}}],"collection":[{"href":"https:\/\/www.ircica.org\/fr\/wp-json\/wp\/v2\/product"}],"about":[{"href":"https:\/\/www.ircica.org\/fr\/wp-json\/wp\/v2\/types\/product"}],"wp:featuredmedia":[{"embeddable":true,"href":"https:\/\/www.ircica.org\/fr\/wp-json\/wp\/v2\/media\/27047"}],"wp:attachment":[{"href":"https:\/\/www.ircica.org\/fr\/wp-json\/wp\/v2\/media?parent=27050"}],"wp:term":[{"taxonomy":"product_cat","embeddable":true,"href":"https:\/\/www.ircica.org\/fr\/wp-json\/wp\/v2\/product_cat?post=27050"},{"taxonomy":"product_tag","embeddable":true,"href":"https:\/\/www.ircica.org\/fr\/wp-json\/wp\/v2\/product_tag?post=27050"}],"curies":[{"name":"wp","href":"https:\/\/api.w.org\/{rel}","templated":true}]}}