{"id":27059,"date":"2009-08-24T00:00:00","date_gmt":"2009-08-23T21:00:00","guid":{"rendered":"https:\/\/www.ircica.org\/publications\/non%20class\u00e9\/islamic-art-terms-lexicon-explained-and-illustrated-1994"},"modified":"2024-10-25T11:37:59","modified_gmt":"2024-10-25T08:37:59","slug":"islamic-art-terms-lexicon-explained-and-illustrated-1994","status":"publish","type":"product","link":"https:\/\/www.ircica.org\/fr\/publications\/arts-artisanats\/termes-des-arts-islamiques-lexique-explique-et-illustre-1994","title":{"rendered":"Termes des arts islamiques (Lexique : expliqu\u00e9 et illustr\u00e9), 1994"},"content":{"rendered":"<p>Ce lexique anglais-arabe contient 1400 termes des arts et de l&rsquo;architecture islamiques, y compris les arts d\u00e9coratifs. Il a \u00e9t\u00e9 pr\u00e9par\u00e9 par le Dr Ahmad M. Issa, expert \u00e9gyptien, pendant son terme d\u2019office \u00e0 l&rsquo;IRCICA dans les ann\u00e9es 1990. Les mots d&rsquo;entr\u00e9e sont en anglais. Un index des termes en arabe est ajout\u00e9.<\/p>\n","protected":false},"excerpt":{"rendered":"<p>Par Ahmad M. Issa, illustr\u00e9 par Mahmoud Al-Toukhy<br \/>\nIstanbul, 1994 (anglais-arabe)<\/p>\n","protected":false},"featured_media":27056,"template":"","meta":{"_acf_changed":false,"_mi_skip_tracking":false},"product_cat":[189],"product_tag":[],"class_list":{"0":"post-27059","1":"product","2":"type-product","3":"status-publish","4":"has-post-thumbnail","6":"product_cat-arts-artisanats","8":"first","9":"outofstock","10":"shipping-taxable","11":"purchasable","12":"product-type-simple"},"acf":[],"aioseo_notices":[],"_links":{"self":[{"href":"https:\/\/www.ircica.org\/fr\/wp-json\/wp\/v2\/product\/27059","targetHints":{"allow":["GET"]}}],"collection":[{"href":"https:\/\/www.ircica.org\/fr\/wp-json\/wp\/v2\/product"}],"about":[{"href":"https:\/\/www.ircica.org\/fr\/wp-json\/wp\/v2\/types\/product"}],"wp:featuredmedia":[{"embeddable":true,"href":"https:\/\/www.ircica.org\/fr\/wp-json\/wp\/v2\/media\/27056"}],"wp:attachment":[{"href":"https:\/\/www.ircica.org\/fr\/wp-json\/wp\/v2\/media?parent=27059"}],"wp:term":[{"taxonomy":"product_cat","embeddable":true,"href":"https:\/\/www.ircica.org\/fr\/wp-json\/wp\/v2\/product_cat?post=27059"},{"taxonomy":"product_tag","embeddable":true,"href":"https:\/\/www.ircica.org\/fr\/wp-json\/wp\/v2\/product_tag?post=27059"}],"curies":[{"name":"wp","href":"https:\/\/api.w.org\/{rel}","templated":true}]}}