{"id":27321,"date":"2024-11-05T11:24:50","date_gmt":"2024-11-05T08:24:50","guid":{"rendered":"https:\/\/www.ircica.org\/publications\/non%20class\u00e9\/the-muslim-pious-foundations-and-real-estates-in-palestine-gaza-al-quds-al-sharif-safed-nablus-and-ajlun-districts-according-to-16th-century-ottoman-tahrir-registers"},"modified":"2024-11-05T16:33:55","modified_gmt":"2024-11-05T13:33:55","slug":"the-muslim-pious-foundations-and-real-estates-in-palestine-gaza-al-quds-al-sharif-safed-nablus-and-ajlun-districts-according-to-16th-century-ottoman-tahrir-registers","status":"publish","type":"product","link":"https:\/\/www.ircica.org\/fr\/publications\/histoire-de-la-civilisation-islamique\/asie\/moyen-orient-et-mediterranee\/les-awaqf-et-les-biens-fonds-des-musulmans-en-palestine-les-districts-de-gaza-dal-qods-al-sharif-de-safed-de-naplouse-et-dajlun-selon-le-registre-n-522-des-registres-tahrir-ottomans-du-xe-siecle-de-lhegire","title":{"rendered":"Les awaqf et les biens-fonds des musulmans en Palestine : Les districts de Gaza, d\u2019al-Qods al-Sharif, de Safed, de Naplouse et d\u2019Ajlun, selon le registre n\u00b0 522 des registres tahrir ottomans du Xe si\u00e8cle de l\u2019h\u00e9gire"},"content":{"rendered":"<p>L\u2019IRCICA a le plaisir de pr\u00e9senter cette \u00e9tude sur les <em>awaqf<\/em> et les biens-fonds des musulmans en Palestine, bas\u00e9e principalement sur le <em>Tapu Tahrir Defteri<\/em> ottoman (registre foncier et fiscal) n\u00b0 522 du Xe si\u00e8cle de l\u2019h\u00e9gire, qui contient des informations importantes sur les biens-fonds et les <em>awqaf<\/em> des musulmans datant notamment des p\u00e9riodes ayyoubide et mamelouke et du d\u00e9but de la p\u00e9riode ottomane et situ\u00e9s \u00e0 Gaza, al-Qods al-Sharif, Safed, Naplouse et Ajlun. Ce livre est la deuxi\u00e8me \u00e9dition de l\u2019\u00e9tude du c\u00e9l\u00e8bre sp\u00e9cialiste de l\u2019histoire ottomane, le professeur Dr. Mehmed \u0130p\u015firli, et de l\u2019expert de l\u2019IRCICA, M. Mohammed Daoud al-Tamimi, publi\u00e9e par l\u2019IRCICA en 1982. Le premier livre \u00e9tait \u00e9galement la toute premi\u00e8re publication de l\u2019IRCICA. Peu de temps apr\u00e8s, le stock du livre \u00e9tait \u00e9puis\u00e9 et l\u2019IRCICA avait commenc\u00e9 \u00e0 recevoir des demandes de r\u00e9impression.<\/p>\n<p>L\u2019ouvrage commence par donner un aper\u00e7u du <em>waqf<\/em> en Islam et des <em>awqaf<\/em> \u00e0 l\u2019\u00e8re ottomane, suivi d&rsquo;informations sur le processus d\u2019enregistrement des <em>awaqf<\/em> de Palestine qui impliquait des relev\u00e9s fonciers, un recensement de la population et la pr\u00e9paration des registres. Ensuite, les auteurs se concentrent sp\u00e9cifiquement sur ledit registre, qui est conserv\u00e9 dans les archives ottomanes d\u2019Istanbul, et \u00e9valuent son contenu d\u2019un point de vue historique apr\u00e8s avoir minutieusement \u00e9tudi\u00e9, transcrit et saisi ses donn\u00e9es dans un format \u00e9lectronique. Le livre se termine par des images du registre.<\/p>\n","protected":false},"excerpt":{"rendered":"<p>Pr\u00e9par\u00e9 par Mehmed \u0130p\u015firli et Mohammed Daoud al-Tamimi<br \/>\nIRCICA, Istanbul, 2024<br \/>\n(texte en arabe et pr\u00e9face en anglais)<\/p>\n","protected":false},"featured_media":27293,"template":"","meta":{"_acf_changed":false,"_mi_skip_tracking":false},"product_cat":[164,362],"product_tag":[],"class_list":{"0":"post-27321","1":"product","2":"type-product","3":"status-publish","4":"has-post-thumbnail","6":"product_cat-histoire-de-la-civilisation-islamique","7":"product_cat-moyen-orient-et-mediterranee","9":"first","10":"instock","11":"shipping-taxable","12":"product-type-simple"},"acf":[],"aioseo_notices":[],"_links":{"self":[{"href":"https:\/\/www.ircica.org\/fr\/wp-json\/wp\/v2\/product\/27321","targetHints":{"allow":["GET"]}}],"collection":[{"href":"https:\/\/www.ircica.org\/fr\/wp-json\/wp\/v2\/product"}],"about":[{"href":"https:\/\/www.ircica.org\/fr\/wp-json\/wp\/v2\/types\/product"}],"wp:featuredmedia":[{"embeddable":true,"href":"https:\/\/www.ircica.org\/fr\/wp-json\/wp\/v2\/media\/27293"}],"wp:attachment":[{"href":"https:\/\/www.ircica.org\/fr\/wp-json\/wp\/v2\/media?parent=27321"}],"wp:term":[{"taxonomy":"product_cat","embeddable":true,"href":"https:\/\/www.ircica.org\/fr\/wp-json\/wp\/v2\/product_cat?post=27321"},{"taxonomy":"product_tag","embeddable":true,"href":"https:\/\/www.ircica.org\/fr\/wp-json\/wp\/v2\/product_tag?post=27321"}],"curies":[{"name":"wp","href":"https:\/\/api.w.org\/{rel}","templated":true}]}}