{"id":27351,"date":"2024-11-08T11:31:42","date_gmt":"2024-11-08T08:31:42","guid":{"rendered":"https:\/\/www.ircica.org\/publications\/non%20class\u00e9\/gaza-in-the-ottoman-archive-documents"},"modified":"2024-11-08T11:36:38","modified_gmt":"2024-11-08T08:36:38","slug":"gaza-in-the-ottoman-archive-documents","status":"publish","type":"product","link":"https:\/\/www.ircica.org\/fr\/publications\/histoire-de-la-civilisation-islamique\/asie\/moyen-orient-et-mediterranee\/gaza-dans-les-documents-des-archives-ottomanes","title":{"rendered":"Gaza dans les documents des archives ottomanes"},"content":{"rendered":"<p>Ce livre est le r\u00e9sultat de l\u2019engagement permanent de l\u2019IRCICA dans la documentation de l\u2019histoire et du patrimoine culturel de la Palestine, en particulier d\u2019al-Qods et de ses autres districts, et refl\u00e8te le nouvel accent mis sur la publication de documents originaux relatifs \u00e0 Gaza en r\u00e9ponse \u00e0 la tentative flagrante et brutale lanc\u00e9e par l\u2019occupant sioniste en octobre 2023 en vue d\u2019effacer Gaza de la carte en oblit\u00e9rant son identit\u00e9 nationale, culturelle et historique. Les documents des archives ottomanes rassembl\u00e9s dans cet ouvrage apportent des preuves irr\u00e9futables de l\u2019histoire et du patrimoine culturel in\u00e9branlables de la bande de Gaza. Le professeur Faz\u0131l Bayat, de l\u2019IRCICA, a s\u00e9lectionn\u00e9 et examin\u00e9 253 documents ottomans originaux, qu\u2019il a pr\u00e9sent\u00e9s par ordre chronologique et class\u00e9s par sujet. Dans l\u2019introduction, il explique sa m\u00e9thodologie et les crit\u00e8res de s\u00e9lection qu\u2019il a appliqu\u00e9s \u00e0 plus de six mille documents sur Gaza qu\u2019il a identifi\u00e9s en parcourant les archives ottomanes. La classification a donn\u00e9 lieu \u00e0 onze chapitres dont les titres sont pr\u00e9sent\u00e9s ci-apr\u00e8s, avec des th\u00e8mes divers sous chaque chapitre : Les affaires administratives\u00a0; Les affaires municipales et urbaines et les services publics ; Les affaires sanitaires ; L\u2019\u00e9ducation et les \u00e9tablissements scolaires ; Les <em>awqaf<\/em> et les affaires religieuses ; Les affaires judiciaires ; Les affaires et les institutions \u00e9trang\u00e8res ; Les tribus et l\u2019\u00e9tablissement de la s\u00e9curit\u00e9 ; La fourniture d\u2019aides par l\u2019\u00c9tat \u00e0 la population ; Les Gazaouis dans les institutions gouvernementales ; Les Gazaouis honor\u00e9s par l\u2019\u00c9tat.<\/p>\n","protected":false},"excerpt":{"rendered":"<p>Pr\u00e9par\u00e9 par le professeur Faz\u0131l Bayat<br \/>\nIRCICA, Istanbul, 2024<br \/>\n(texte en arabe ; pr\u00e9face et introduction \u00e9galement en anglais)<\/p>\n","protected":false},"featured_media":27344,"template":"","meta":{"_acf_changed":false,"_mi_skip_tracking":false},"product_cat":[164,362],"product_tag":[],"class_list":{"0":"post-27351","1":"product","2":"type-product","3":"status-publish","4":"has-post-thumbnail","6":"product_cat-histoire-de-la-civilisation-islamique","7":"product_cat-moyen-orient-et-mediterranee","9":"first","10":"instock","11":"shipping-taxable","12":"product-type-simple"},"acf":[],"aioseo_notices":[],"_links":{"self":[{"href":"https:\/\/www.ircica.org\/fr\/wp-json\/wp\/v2\/product\/27351","targetHints":{"allow":["GET"]}}],"collection":[{"href":"https:\/\/www.ircica.org\/fr\/wp-json\/wp\/v2\/product"}],"about":[{"href":"https:\/\/www.ircica.org\/fr\/wp-json\/wp\/v2\/types\/product"}],"wp:featuredmedia":[{"embeddable":true,"href":"https:\/\/www.ircica.org\/fr\/wp-json\/wp\/v2\/media\/27344"}],"wp:attachment":[{"href":"https:\/\/www.ircica.org\/fr\/wp-json\/wp\/v2\/media?parent=27351"}],"wp:term":[{"taxonomy":"product_cat","embeddable":true,"href":"https:\/\/www.ircica.org\/fr\/wp-json\/wp\/v2\/product_cat?post=27351"},{"taxonomy":"product_tag","embeddable":true,"href":"https:\/\/www.ircica.org\/fr\/wp-json\/wp\/v2\/product_tag?post=27351"}],"curies":[{"name":"wp","href":"https:\/\/api.w.org\/{rel}","templated":true}]}}