{"id":27727,"date":"2002-12-24T00:00:00","date_gmt":"2002-12-23T22:00:00","guid":{"rendered":"https:\/\/www.ircica.org\/publications\/non%20class\u00e9\/muhimme-defteri-no-12321-located-in-the-topkapi-palace-archives-2002"},"modified":"2024-12-09T11:42:25","modified_gmt":"2024-12-09T08:42:25","slug":"muhimme-defteri-no-12321-located-in-the-topkapi-palace-archives-2002","status":"publish","type":"product","link":"https:\/\/www.ircica.org\/fr\/publications\/etat-ottoman-et-sa-civilisation\/registre-du-muhimme-date-de-951-952-h-situe-au-no-e-12321-dans-les-archives-du-palais-de-topkapi","title":{"rendered":"Registre Du M\u00fchimme dat\u00e9 de 951-952 H situ\u00e9 au no. E-12321 dans les archives du Palais de Topkap\u0131"},"content":{"rendered":"<p>Le M\u00fchimme Defteri (Registre des questions importantes) no. E-12321 ottoman faisant partie des archives du Palais de Topkap\u0131, est le plus ancien registre du M\u00fchimme connu. Il se compose de 231 feuillets comportant 557 firmans (\u00e9dits imp\u00e9riaux) et h\u00fck\u00fcm (d\u00e9crets) sur divers types d&rsquo;\u00e9v\u00e9nements et d&rsquo;activit\u00e9s se rapportant aux ann\u00e9es 951-952 de l&rsquo;H\u00e9gire correspondant \u00e0 1544-45 apr\u00e8s JC [Le calendrier Rumi n\u2019\u00e9tait pas encore utilis\u00e9 avant 1678]. Ce livre de l\u2019\u00e9minent historien de l\u2019\u00e9conomie ottomane, Prof. Halil Sahillio\u011flu, publi\u00e9 par l\u2019IRCICA, contient une \u00e9tude, des images du texte, sa transcription en caract\u00e8res latins, des index de personnes, de noms, de lieux, et de sujets.<\/p>\n","protected":false},"excerpt":{"rendered":"<p>Pr\u00e9par\u00e9 avec une introduction par Halil Sahillio\u011flu<br \/>\nIstanbul, 2002 (en turc)<\/p>\n","protected":false},"featured_media":27725,"template":"","meta":{"_acf_changed":false,"_mi_skip_tracking":false},"product_cat":[367],"product_tag":[],"class_list":{"0":"post-27727","1":"product","2":"type-product","3":"status-publish","4":"has-post-thumbnail","6":"product_cat-etat-ottoman-et-sa-civilisation","8":"first","9":"outofstock","10":"shipping-taxable","11":"purchasable","12":"product-type-simple"},"acf":[],"aioseo_notices":[],"_links":{"self":[{"href":"https:\/\/www.ircica.org\/fr\/wp-json\/wp\/v2\/product\/27727","targetHints":{"allow":["GET"]}}],"collection":[{"href":"https:\/\/www.ircica.org\/fr\/wp-json\/wp\/v2\/product"}],"about":[{"href":"https:\/\/www.ircica.org\/fr\/wp-json\/wp\/v2\/types\/product"}],"wp:featuredmedia":[{"embeddable":true,"href":"https:\/\/www.ircica.org\/fr\/wp-json\/wp\/v2\/media\/27725"}],"wp:attachment":[{"href":"https:\/\/www.ircica.org\/fr\/wp-json\/wp\/v2\/media?parent=27727"}],"wp:term":[{"taxonomy":"product_cat","embeddable":true,"href":"https:\/\/www.ircica.org\/fr\/wp-json\/wp\/v2\/product_cat?post=27727"},{"taxonomy":"product_tag","embeddable":true,"href":"https:\/\/www.ircica.org\/fr\/wp-json\/wp\/v2\/product_tag?post=27727"}],"curies":[{"name":"wp","href":"https:\/\/api.w.org\/{rel}","templated":true}]}}