{"id":27788,"date":"1995-11-24T00:00:00","date_gmt":"1995-11-23T22:00:00","guid":{"rendered":"https:\/\/www.ircica.org\/publications\/non%20class\u00e9\/bibliography-of-manuscript-libraries-in-turkey-and-the-publications-on-the-manuscripts-located-in-these-libraries"},"modified":"2024-12-17T11:07:06","modified_gmt":"2024-12-17T08:07:06","slug":"bibliography-of-manuscript-libraries-in-turkey-and-the-publications-on-the-manuscripts-located-in-these-libraries","status":"publish","type":"product","link":"https:\/\/www.ircica.org\/fr\/publications\/bibliographies-catalogues\/bibliographie-des-bibliotheques-de-manuscrits-en-turquie-et-des-publications-sur-les-manuscrits-situes-dans-ces-bibliotheques-en-turc","title":{"rendered":"Bibliographie des biblioth\u00e8ques de manuscrits en Turquie et des publications sur les manuscrits situ\u00e9s dans ces biblioth\u00e8ques (en turc)"},"content":{"rendered":"<p>Cet ouvrage d\u00e9taill\u00e9 r\u00e9alis\u00e9 par deux biblioth\u00e9caires sp\u00e9cialis\u00e9s en histoire et culture consacre une section \u00e0 chaque biblioth\u00e8que, pr\u00e9sentant son histoire, ses collections, son catalogue, les catalogues publi\u00e9s ant\u00e9rieurement et les publications concernant la biblioth\u00e8que, ainsi qu&rsquo;une bibliographie cumulative sur les manuscrits situ\u00e9s dans chaque biblioth\u00e8que et des bibliographies contenant des informations \u00e0 leur sujet.<\/p>\n<p>\u00ab Cela fait partie d&rsquo;un corpus croissant de guides bibliographiques sur les biblioth\u00e8ques et les archives de Turquie, de Chypre et du monde arabe publi\u00e9s par l&rsquo;IRCICA. L\u2019introduction est en elle-m\u00eame une histoire \u00e9difiante des biblioth\u00e8ques et de la biblioth\u00e9conomie dans l\u2019Empire ottoman et la R\u00e9publique turque, fournissant \u00e9galement une description des projets de manuscrits de l\u2019IRCICA. Ce guide rend incontestablement un immense service aux chercheurs dans le domaine ottoman. \u00bb Jane Hathaway, Turkish Studies Association Bulletin [Bulletin de l&rsquo;Association des \u00e9tudes turques,] Vol. 20, non. 2, 1996<\/p>\n<p>\u00ab Afin de faciliter la t\u00e2che des chercheurs, le livre est compl\u00e9t\u00e9 par six index originaux qui sont pr\u00e9par\u00e9s en tenant compte de toutes les possibilit\u00e9s imaginables. Un guide indispensable aux collectionneurs et \u00e0 tous les amateurs de livres.\u00a0\u00bb Tombak-Kitap, Vol. 12, 1997.<\/p>\n","protected":false},"excerpt":{"rendered":"<p>Pr\u00e9par\u00e9 par Nimet Bayraktar et Mihin Lugal<br \/>\nIRCICA, 1995 (turc)<\/p>\n","protected":false},"featured_media":27785,"template":"","meta":{"_acf_changed":false,"_mi_skip_tracking":false},"product_cat":[183],"product_tag":[],"class_list":{"0":"post-27788","1":"product","2":"type-product","3":"status-publish","4":"has-post-thumbnail","6":"product_cat-bibliographies-catalogues-3","8":"first","9":"instock","10":"shipping-taxable","11":"product-type-simple"},"acf":[],"aioseo_notices":[],"_links":{"self":[{"href":"https:\/\/www.ircica.org\/fr\/wp-json\/wp\/v2\/product\/27788","targetHints":{"allow":["GET"]}}],"collection":[{"href":"https:\/\/www.ircica.org\/fr\/wp-json\/wp\/v2\/product"}],"about":[{"href":"https:\/\/www.ircica.org\/fr\/wp-json\/wp\/v2\/types\/product"}],"wp:featuredmedia":[{"embeddable":true,"href":"https:\/\/www.ircica.org\/fr\/wp-json\/wp\/v2\/media\/27785"}],"wp:attachment":[{"href":"https:\/\/www.ircica.org\/fr\/wp-json\/wp\/v2\/media?parent=27788"}],"wp:term":[{"taxonomy":"product_cat","embeddable":true,"href":"https:\/\/www.ircica.org\/fr\/wp-json\/wp\/v2\/product_cat?post=27788"},{"taxonomy":"product_tag","embeddable":true,"href":"https:\/\/www.ircica.org\/fr\/wp-json\/wp\/v2\/product_tag?post=27788"}],"curies":[{"name":"wp","href":"https:\/\/api.w.org\/{rel}","templated":true}]}}