{"id":27828,"date":"1995-12-02T00:00:00","date_gmt":"1995-12-01T22:00:00","guid":{"rendered":"https:\/\/www.ircica.org\/publications\/non%20class\u00e9\/islam-in-south-asia-proceedings-of-the-international-seminar-on-islamic-history-art-and-culture-in-south-asia-islamabad-pakistan-1986"},"modified":"2024-12-17T13:11:32","modified_gmt":"2024-12-17T10:11:32","slug":"islam-in-south-asia-proceedings-of-the-international-seminar-on-islamic-history-art-and-culture-in-south-asia-islamabad-pakistan-1986","status":"publish","type":"product","link":"https:\/\/www.ircica.org\/fr\/publications\/histoire-de-la-civilisation-islamique\/asie\/lislam-en-asie-du-sud","title":{"rendered":"L&rsquo;Islam en Asie du Sud"},"content":{"rendered":"<p>Ce livre a r\u00e9sult\u00e9 du s\u00e9minaire international sur \u00ab L&rsquo;histoire, l&rsquo;art et la culture islamiques en Asie du Sud \u00bb organis\u00e9 par l&rsquo;Universit\u00e9 islamique d&rsquo;Islamabad et l&rsquo;IRCICA du 26 au 28 mars 1986 \u00e0 Islamabad, au Pakistan. Il a \u00e9t\u00e9 inaugur\u00e9 sous le patronage et en pr\u00e9sence du Pr\u00e9sident du Pakistan, feu Mohammad Zia ul Haq. Le Secr\u00e9taire g\u00e9n\u00e9ral de l&rsquo;OCI, feu Syed Sharifuddin Pirzada, \u00e9tait pr\u00e9sent. Les s\u00e9ances de travail ont r\u00e9uni 30 universitaires et chercheurs de 9 pays. Les articles ont \u00e9t\u00e9 publi\u00e9s conjointement avec l&rsquo;Institut de la culture islamique de Lahore et l&rsquo;Acad\u00e9mie des lettres d&rsquo;Islamabad.<\/p>\n","protected":false},"excerpt":{"rendered":"<p><strong>Actes du S\u00e9minaire international sur l&rsquo;histoire, l&rsquo;art et la culture islamiques en Asie du Sud, Islamabad, Pakistan, 1986<\/strong><\/p>\n<p>Edit\u00e9 par Rashid Ahmad (Jullundhri), Muhammad Afzal Qarshi<br \/>\nPubli\u00e9 en coop\u00e9ration avec l&rsquo;Institut de la culture islamique de Lahore et l&rsquo;Acad\u00e9mie des lettres d&rsquo;Islamabad, 1995 (en anglais)<\/p>\n","protected":false},"featured_media":27825,"template":"","meta":{"_acf_changed":false,"_mi_skip_tracking":false},"product_cat":[181,164],"product_tag":[],"class_list":{"0":"post-27828","1":"product","2":"type-product","3":"status-publish","4":"has-post-thumbnail","6":"product_cat-asie","7":"product_cat-histoire-de-la-civilisation-islamique","9":"first","10":"outofstock","11":"shipping-taxable","12":"purchasable","13":"product-type-simple"},"acf":[],"aioseo_notices":[],"_links":{"self":[{"href":"https:\/\/www.ircica.org\/fr\/wp-json\/wp\/v2\/product\/27828","targetHints":{"allow":["GET"]}}],"collection":[{"href":"https:\/\/www.ircica.org\/fr\/wp-json\/wp\/v2\/product"}],"about":[{"href":"https:\/\/www.ircica.org\/fr\/wp-json\/wp\/v2\/types\/product"}],"wp:featuredmedia":[{"embeddable":true,"href":"https:\/\/www.ircica.org\/fr\/wp-json\/wp\/v2\/media\/27825"}],"wp:attachment":[{"href":"https:\/\/www.ircica.org\/fr\/wp-json\/wp\/v2\/media?parent=27828"}],"wp:term":[{"taxonomy":"product_cat","embeddable":true,"href":"https:\/\/www.ircica.org\/fr\/wp-json\/wp\/v2\/product_cat?post=27828"},{"taxonomy":"product_tag","embeddable":true,"href":"https:\/\/www.ircica.org\/fr\/wp-json\/wp\/v2\/product_tag?post=27828"}],"curies":[{"name":"wp","href":"https:\/\/api.w.org\/{rel}","templated":true}]}}