{"id":27836,"date":"1987-12-02T00:00:00","date_gmt":"1987-12-01T22:00:00","guid":{"rendered":"https:\/\/www.ircica.org\/publications\/non%20class\u00e9\/osmanli-ilmi-ve-mesleki-cemiyetleri-1-milli-bilim-tarihi-sempozyumu-3-5-nisan-1987"},"modified":"2024-12-17T13:26:49","modified_gmt":"2024-12-17T10:26:49","slug":"osmanli-ilmi-ve-mesleki-cemiyetleri-1-milli-bilim-tarihi-sempozyumu-3-5-nisan-1987","status":"publish","type":"product","link":"https:\/\/www.ircica.org\/fr\/publications\/etat-ottoman-et-sa-civilisation\/les-institutions-ottomanes-scientifiques-et-professionnelles","title":{"rendered":"Les institutions ottomanes scientifiques et professionnelles"},"content":{"rendered":"<p>Collection d&rsquo;articles pr\u00e9sent\u00e9s lors du symposium organis\u00e9 conjointement par l&rsquo;IRCICA et le D\u00e9partement d&rsquo;histoire des sciences, Facult\u00e9 des lettres, Universit\u00e9 d&rsquo;Istanbul. L&rsquo;introduction donne un bref historique des associations scientifiques et \u00e9ducatives \u00e9tablies dans l&rsquo;\u00c9tat ottoman.<\/p>\n","protected":false},"excerpt":{"rendered":"<p><strong>1er symposium national d\u2019histoire des sciences, 3-5 avril 1987<\/strong><\/p>\n<p>Edit\u00e9 avec introduction par Ekmeleddin \u0130hsano\u011flu<br \/>\nIstanbul, 1987 (en turc)<\/p>\n","protected":false},"featured_media":27833,"template":"","meta":{"_acf_changed":false,"_mi_skip_tracking":false},"product_cat":[367],"product_tag":[],"class_list":{"0":"post-27836","1":"product","2":"type-product","3":"status-publish","4":"has-post-thumbnail","6":"product_cat-etat-ottoman-et-sa-civilisation","8":"first","9":"outofstock","10":"shipping-taxable","11":"purchasable","12":"product-type-simple"},"acf":[],"aioseo_notices":[],"_links":{"self":[{"href":"https:\/\/www.ircica.org\/fr\/wp-json\/wp\/v2\/product\/27836","targetHints":{"allow":["GET"]}}],"collection":[{"href":"https:\/\/www.ircica.org\/fr\/wp-json\/wp\/v2\/product"}],"about":[{"href":"https:\/\/www.ircica.org\/fr\/wp-json\/wp\/v2\/types\/product"}],"wp:featuredmedia":[{"embeddable":true,"href":"https:\/\/www.ircica.org\/fr\/wp-json\/wp\/v2\/media\/27833"}],"wp:attachment":[{"href":"https:\/\/www.ircica.org\/fr\/wp-json\/wp\/v2\/media?parent=27836"}],"wp:term":[{"taxonomy":"product_cat","embeddable":true,"href":"https:\/\/www.ircica.org\/fr\/wp-json\/wp\/v2\/product_cat?post=27836"},{"taxonomy":"product_tag","embeddable":true,"href":"https:\/\/www.ircica.org\/fr\/wp-json\/wp\/v2\/product_tag?post=27836"}],"curies":[{"name":"wp","href":"https:\/\/api.w.org\/{rel}","templated":true}]}}